{"id":1877,"date":"2020-05-21T22:19:20","date_gmt":"2020-05-21T20:19:20","guid":{"rendered":"http:\/\/eyfciph.cluster028.hosting.ovh.net\/?page_id=1877"},"modified":"2025-07-17T10:54:30","modified_gmt":"2025-07-17T08:54:30","slug":"regulamin","status":"publish","type":"page","link":"https:\/\/dev.baylabel.eu\/en\/regulamin\/","title":{"rendered":"Statute"},"content":{"rendered":"<h1 class=\"wp-block-heading has-text-align-center\"><strong>REGULAMIN<\/strong>&nbsp;<\/h1>\n\n\n\n<p>I. Postanowienia og\u00f3lne&nbsp;<\/p>\n\n\n\n<p>1. Niniejszy regulamin okre\u015bla warunki sprzeda\u017cy towar\u00f3w marki Baylabel za po\u015brednictwem Platformy sprzeda\u017cy B2B https:\/\/hurt.baylabel.eu&nbsp;<br>2. Przedsi\u0119biorc\u0105 prowadz\u0105cym Platform\u0119 Sprzeda\u017cy B2B <a href=\"https:\/\/hurt.baylabel.eu\/\" target=\"_blank\" rel=\"noreferrer noopener\">https:\/\/hurt.baylabel.eu<\/a> jest HBL INVESTMENTS Julia G\u00f3recka-Kijowska NIP: 6462972634, Turzyn 71, 42-235 Lel\u00f3w, email: biznes@baylabel.pl&nbsp;<\/p>\n\n\n\n<p>II. Definicje&nbsp;<\/p>\n\n\n\n<p>Wszelkie wyrazy, bez wzgl\u0119du na to czy zosta\u0142y napisane wielk\u0105 czy ma\u0142\u0105 liter\u0105, zdefiniowane poni\u017cej nale\u017cy rozumie\u0107 w nast\u0119puj\u0105cy spos\u00f3b:&nbsp;<br>1. <strong>\u201eRegulamin\u201d<\/strong> \u2013 niniejszy dokument wraz z wszelkimi za\u0142\u0105cznikami i dodatkami do niego, okre\u015blaj\u0105cy warunki i zasady korzystania z Platformy B2B.&nbsp;<br>2. \u201c<strong>Administrator<\/strong>\u201d lub \u201e<strong>HBL Investments<\/strong>\u201d lub \u201c<strong>Baylabel<\/strong>\u201d ,,Sprzedawca\u201d\u2013 w\u0142a\u015bciciel platformy B2B \u2013 HBL INVESTMENTS Julia G\u00f3recka-Kijowska NIP: 6462972634, Turzyn 71 42-235 Lel\u00f3w, email: biznes@baylabel.pl&nbsp;<br>3. \u201c<strong>Platforma B2B<\/strong>\u201d \u2013 Platforma sprzeda\u017cowa B2B wraz ze wszystkimi jej elementami, zarz\u0105dzana przez Administratora.&nbsp;<br>4. \u201e<strong>Przedsi\u0119biorca<\/strong>\u201d \u2013 osoba fizyczna, osoba prawna i jednostka organizacyjna nie posiadaj\u0105ca osobowo\u015bci prawnej, prowadz\u0105ca we w\u0142asnym imieniu dzia\u0142alno\u015b\u0107 gospodarcz\u0105 lub zawodow\u0105.5. \u201e<strong>Kontrahent<\/strong>\u201d \u2013 Przedsi\u0119biorca kt\u00f3ry zarejestrowa\u0142 si\u0119 w Platformie B2B, w zwi\u0105zku prowadzon\u0105 przez siebie dzia\u0142alno\u015bci\u0105 gospodarcz\u0105 i dokonuj\u0105cy zakup\u00f3w towar\u00f3w w ramach prowadzonej dzia\u0142alno\u015bci gospodarczej, kt\u00f3ry uzyska\u0142 indywidualny login oraz has\u0142o&nbsp;<\/p>\n\n\n\n<p>6. ,,Kupuj\u0105cy\u201d \u2013 przedsi\u0119biorca w rozumieniu art. 43\u00b9 Kodeksu cywilnego, posiadaj\u0105cy aktywne konto w Sklepie B2B, dokonuj\u0105cy zakup\u00f3w towar\u00f3w w ramach prowadzonej dzia\u0142alno\u015bci gospodarczej, kt\u00f3ry zawiera umow\u0119 sprzeda\u017cy ze Sprzedawc\u0105.&nbsp;<\/p>\n\n\n\n<p>7. ,,Dni robocze\u201d \u2013 dni od poniedzia\u0142ku do pi\u0105tku z wy\u0142\u0105czeniem dni ustawowo wolnych od pracy w Polsce.&nbsp;<br>6. \u201eKonto\u201d \u2013 zbi\u00f3r indywidualnych danych Kontrahenta wraz z informacjami o jego dzia\u0142aniach na Platformie B2B Baylabel. Konto prowadzone jest pod unikaln\u0105 nazw\u0105 (login) i zabezpieczone jest has\u0142em.&nbsp;<br>7. Opcja \u201c<strong>Do koszyka<\/strong>\u201d \u2013 sk\u0142adanie oferty zakupu przez Kontrahenta.&nbsp;<br>8. \u201e<strong>Order<\/strong>\u201d \u2013 o\u015bwiadczenie o zakupie towar\u00f3w prezentowanych na Platformie, z\u0142o\u017cone drog\u0105 internetow\u0105 poprzez formularz dost\u0119pny na stronie https:\/\/hurt.baylabel.eu.&nbsp;&nbsp;<\/p>\n\n\n\n<p>9. \u201e<strong>Przedmiot transakcji<\/strong>\u201d \u2013 towary wymienione i opisane na Platformie B2B. HBL Investments dok\u0142ada wszelkich stara\u0144, aby oferta prezentowana na Platformie by\u0142a aktualna. Gdyby jednak niekt\u00f3re z zam\u00f3wionych towar\u00f3w by\u0142y niedost\u0119pne, HBL Investments zobowi\u0105zuje si\u0119 do niezw\u0142ocznego poinformowania Kontrahenta o zaistnia\u0142ej sytuacji telefonicznie lub drog\u0105 mailow\u0105. Opisy oraz zdj\u0119cia towar\u00f3w wymienionych na Platformie B2B maj\u0105 charakter pogl\u0105dowy i mog\u0105 si\u0119 r\u00f3\u017cni\u0107 od rzeczywistego wygl\u0105du tych towar\u00f3w. HBL Investments dok\u0142ada wszelkich stara\u0144, aby prezentowane na Platformie zdj\u0119cia i opisy towar\u00f3w by\u0142y zgodne z rzeczywisto\u015bci\u0105. Jednak\u017ce nie ponosi odpowiedzialno\u015bci za ewentualne b\u0142\u0119dy lub uchybienia w tym zakresie. W przypadku jakichkolwiek w\u0105tpliwo\u015bci, przed dokonaniem wyboru towaru, Kontrahent zobowi\u0105zany jest do kontaktu z Administratorem w celu uzyskania niezb\u0119dnych informacji i wyja\u015bnie\u0144.&nbsp;<\/p>\n\n\n\n<p><strong>III. Og\u00f3lne zasady korzystania z Platformy B2B<\/strong>&nbsp;<\/p>\n\n\n\n<p>1. Do korzystania z Platformy B2B niezb\u0119dny jest dost\u0119p do Internetu oraz przegl\u0105darka internetowa akceptuj\u0105ca pliki typu cookie.&nbsp;<br>2. Dokonywanie zakup\u00f3w i korzystanie z Platformy B2B b\u0119dzie mo\u017cliwe po uprzedniej rejestracji w serwisie dokonywanej przez przedstawiciela Baylabel, po uprzednim kontakcie z kontrahentem.&nbsp;<br>3. Kontrahenci ju\u017c zarejestrowani w bazie Przedsi\u0119biorc\u00f3w wsp\u00f3\u0142pracuj\u0105cych z HBL Investments zostan\u0105 automatycznie zarejestrowani.&nbsp;<br>4. Przedsi\u0119biorcy dotychczas nie zarejestrowani w bazie Baylabel zobowi\u0105zani s\u0105 do nades\u0142ania nast\u0119puj\u0105cych dokument\u00f3w:&nbsp;<br>\u2013 odpis z KRS lub wpis do ewidencji dzia\u0142alno\u015bci gospodarczej (CEIDG),&nbsp;<br>\u2013 podpisane warunki wsp\u00f3\u0142pracy.&nbsp;<br>Dokumenty nale\u017cy wys\u0142a\u0107 drog\u0105 mailow\u0105 na adres: biznes@baylabel.pl&nbsp;<br>5. Wszelkie wskazane wy\u017cej dokumenty powinna podpisa\u0107 osoba upowa\u017cniona do reprezentowania Kontrahenta lub Przedsi\u0119biorcy oraz opatrzy\u0107 je piecz\u0119ci\u0105 firmow\u0105.&nbsp;<br>6. W przypadku braku niezb\u0119dnych danych, o kt\u00f3rych mowa powy\u017cej, Kontrahent zostanie poproszony o ich uzupe\u0142nienie.&nbsp;<br>7. Po rejestracji konta na platformie B2B, Kontrahent otrzymuje na podany podczas rejestracji adres email wiadomo\u015b\u0107, kt\u00f3ra zawiera link do aktywacji konta Kontrahenta na platformie. Klikni\u0119cie linku przez Kontrahenta oznacza akceptacj\u0119 Kontrahenta za\u0142o\u017cenia konta na platformie i aktywacj\u0119 (uruchomienie) konta firmy.&nbsp;<br>8. HBL Investments zastrzega sobie prawo do odmowy aktywowania konta Kontrahenta bez podania przyczyny.&nbsp;<br>9. Ka\u017cdy z Kontrahent\u00f3w jest uprawniony do dokonywania Zam\u00f3wie\u0144 jedynie na potrzeby prowadzonej dzia\u0142alno\u015bci gospodarczej i zobowi\u0105zuje si\u0119 nie udost\u0119pnia\u0107 loginu i has\u0142a innym podmiotom nieuprawnionym. W przypadku udost\u0119pnienia loginu i has\u0142a podmiotom nieuprawnionym i wyst\u0105pienia z tego powodu po stronie HBL Investments szkody, Kontrahent b\u0119dzie zobowi\u0105zany do jej naprawienia w ca\u0142o\u015bci.&nbsp;<br>10. Kontrahent ponosi w ca\u0142o\u015bci odpowiedzialno\u015b\u0107 za dzia\u0142ania swoich pracownik\u00f3w oraz innych os\u00f3b, kt\u00f3rym udost\u0119pni has\u0142o i login. Kontrahent zobowi\u0105zany jest do niezw\u0142ocznego informowania HBL Investments o zmianach kadrowych, os\u00f3b odpowiedzialnych za zam\u00f3wienia i wsp\u00f3\u0142prac\u0119 z HBL Investments&nbsp;<br>11. HBL Investments zastrzega sobie prawo do zablokowania konta Kontrahenta, kt\u00f3ry nie przestrzega Regulaminu.&nbsp;<br>12. W razie zaistnienia okoliczno\u015bci, o kt\u00f3rych mowa w pkt 11, Kontrahent zostanie poinformowany przez Administratora o gro\u017abie zablokowania konta i o terminie do podj\u0119cia dzia\u0142a\u0144 umo\u017cliwiaj\u0105cych unikni\u0119cia blokady. Po bezskutecznym up\u0142ywie wyznaczonego terminu konto zostanie zablokowane.&nbsp;<br>13. Kontrahent mo\u017ce odzyska\u0107 dost\u0119p do konta, je\u015bli zacznie ponownie przestrzega\u0107 warunk\u00f3w Regulaminu i Og\u00f3lnych Warunk\u00f3w Handlowych (OWH) i zwr\u00f3ci si\u0119 do Administratora z wnioskiem o przywr\u00f3cenie dost\u0119pu do Platformy B2B. Decyzja o przywr\u00f3ceniu dost\u0119pu nale\u017cy wy\u0142\u0105cznie do Administratora, niezale\u017cnie od spe\u0142nienia przez Kontrahenta w\/w warunk\u00f3w.&nbsp;<\/p>\n\n\n\n<p><strong>IV. Towary i ceny<\/strong>&nbsp;<\/p>\n\n\n\n<p>1. Witryna Platformy B2B przedstawia podstawow\u0105 list\u0119 produkt\u00f3w wraz z precyzuj\u0105cymi je atrybutami.&nbsp;<br>2. Podane ceny towar\u00f3w dla klient\u00f3w krajowych s\u0105 cenami brutto w walucie PLN. Ceny uwzgl\u0119dniaj\u0105 indywidualne rabaty Kontrahenta. Indywidualne rabaty uwzgl\u0119dniane s\u0105 ka\u017cdorazowo przy realizacji Zam\u00f3wienia. Ceny s\u0105 widoczne dla Kontrahenta po prawid\u0142owym zalogowaniu si\u0119 do Platformy B2B.&nbsp;<br>3. Oferowane do sprzeda\u017cy towary oraz ich ceny nie stanowi\u0105 oferty w rozumieniu przepis\u00f3w Kodeksu cywilnego, a jedynie zaproszenie do zawarcia umowy w rozumieniu przepisu art. 71 kodeksu cywilnego. Z\u0142o\u017cenie zam\u00f3wienia przez Kontrahenta jest r\u00f3wnoznaczne z jego ofert\u0105,&nbsp;<br>kt\u00f3ra ka\u017cdorazowo wymaga akceptacji przez HBL Investments. Ponadto Kontrahent, za po\u015brednictwem Platformy B2B, mo\u017ce z\u0142o\u017cy\u0107 zapytanie ofertowe dotycz\u0105ce konkretnego produktu.&nbsp;<br>4. HBL Investments zastrzega sobie prawo do zmiany cen produkt\u00f3w, czasowego ograniczenia dost\u0119pno\u015bci towar\u00f3w, wycofania poszczeg\u00f3lnych produkt\u00f3w z oferty bez podawania przyczyn, zmiany parametr\u00f3w technicznych zamieszczonych produkt\u00f3w oraz przyporz\u0105dkowania towar\u00f3w do odpowiednich grup.&nbsp;<br>5. HBL Investments nie ponosi odpowiedzialno\u015bci za brak produkt\u00f3w w ofercie, za przestoje w mo\u017cliwo\u015bci dokonywania Zam\u00f3wie\u0144, jak r\u00f3wnie\u017c za zmiany cen produkt\u00f3w.&nbsp;<\/p>\n\n\n\n<p><strong>V. Zam\u00f3wienia<\/strong>&nbsp;<\/p>\n\n\n\n<p>1. Zam\u00f3wienia mog\u0105 sk\u0142ada\u0107 wy\u0142\u0105cznie zarejestrowani Kontrahenci.&nbsp;<br>2. Kontrahent ponosi pe\u0142n\u0105 odpowiedzialno\u015b\u0107 za prawid\u0142owo\u015b\u0107 oraz tre\u015b\u0107 przes\u0142anego Zam\u00f3wienia.&nbsp;<br>3. Zam\u00f3wienie z\u0142o\u017cone za po\u015brednictwem Platformy B2B stanowi ofert\u0119 zawarcia umowy. Umowa zostaje zawarta z chwil\u0105 potwierdzenia przyj\u0119cia zam\u00f3wienia przez Sprzedawc\u0119 drog\u0105 e-mailow\u0105.&nbsp;<\/p>\n\n\n\n<p>4. Zam\u00f3wienia s\u0105 realizowane w dni robocze w godzinach od 8.00 do 16.00.&nbsp;<br>5. Kontrahent sk\u0142ada Zam\u00f3wienie poprzez elektroniczne wys\u0142anie do HBL Investments zestawienia wybranych produkt\u00f3w, po wype\u0142nieniu formularza Zam\u00f3wie\u0144 dost\u0119pnego na Platformie B2B.&nbsp;<br>6. Kontrahent wskazuje w formularzu Zam\u00f3wienia adres dostawy zam\u00f3wionych produkt\u00f3w. HBL Investments nie weryfikuje poprawno\u015bci wskazanego adresu. Wszelkie koszty zwi\u0105zane z podaniem nieprawid\u0142owego adresu dostawy b\u0105d\u017a nieodebraniem przesy\u0142ki pod wskazanym adresem ponosi wy\u0142\u0105cznie Kontrahent.&nbsp;<br>7. Po z\u0142o\u017ceniu Zam\u00f3wienia Kontrahent otrzymuje potwierdzenie z\u0142o\u017cenia zam\u00f3wienia na adres mailowy wskazany w formularzu rejestracyjnym. Zam\u00f3wienie zaakceptowane przez HBL Investments jest wi\u0105\u017c\u0105ce dla Kontrahenta i zostaje przekazane do realizacji.&nbsp;<br>8. W przypadku p\u0142atno\u015bci w formie przedp\u0142aty Zam\u00f3wienie b\u0119dzie zrealizowane po zarejestrowaniu przez HBL Investments zap\u0142aty na podstawie proformy.&nbsp;<br>9. HBL Investments zastrzega sobie prawo do odmowy przyj\u0119cia Zam\u00f3wienia w przypadku wyst\u0105pienia przeterminowanych zobowi\u0105za\u0144 Kontrahenta. Kontrahent zostanie niezw\u0142ocznie poinformowany o anulowaniu Zam\u00f3wienia. W tej sytuacji HBL Investments nie ponosi jakiejkolwiek odpowiedzialno\u015bci.&nbsp;<\/p>\n\n\n\n<p><strong>VI. Dostawa i odbi\u00f3r<\/strong>&nbsp;<\/p>\n\n\n\n<p>1. Dostawa jest realizowana na adres wskazany w formularzu Zam\u00f3wienia.&nbsp;<br>2. Dostawa jest realizowana przez firm\u0119 kuriersk\u0105 InPost, chyba \u017ce umowa zawarta mi\u0119dzy stronami stanowi inaczej. Kontrahent jest zobowi\u0105zany do zapewnienia obecno\u015bci osoby upowa\u017cnionej do odbioru dostawy w godzinach podanych przez kuriera.&nbsp;<br>3. Koszty dostawy ponosi HBL Investments przy zam\u00f3wieniu na kwot\u0119 minimum 800 z\u0142 netto, chyba \u017ce umowa zawarta mi\u0119dzy stronami stanowi inaczej.&nbsp;<br>4. W przypadku z\u0142o\u017cenia zam\u00f3wienia na kwot\u0119 ni\u017csz\u0105 ni\u017c 800 z\u0142 netto, koszty transportu ponosi Kontrahent. Koszt przesy\u0142ki standardowej wynosi 14,99z\u0142 brutto i obejmuje przesy\u0142k\u0119 o nast\u0119puj\u0105cych parametrach:&nbsp;<br>\u2013 masa do 31,5 kg,&nbsp;<br>\u2013 szeroko\u015b\u0107+ wysoko\u015b\u0107+ g\u0142\u0119boko\u015b\u0107 \u2013 \u0142\u0105cznie do 200 cm,&nbsp;<br>\u2013 warto\u015b\u0107 do 50.000,00 z\u0142.&nbsp;<br>5. Koszt przesy\u0142ki jest wyodr\u0119bniony w osobnej pozycji na fakturze VAT.&nbsp;<br>6. W przypadku wyboru opcji p\u0142atno\u015bci \u201eza pobraniem\u201d kontrahent zobowi\u0105zany jest do odbioru towaru oraz do dokonania zap\u0142aty kurierowi za zam\u00f3wiony towar.&nbsp;<br>7. Potwierdzeniem odbioru towaru jest dow\u00f3d dostarczenia towaru przez przewo\u017anika.&nbsp;<br>8. Przeniesienie ryzyka uszkodzenia towaru nast\u0119puje z chwil\u0105 wydania przesy\u0142ki przewo\u017anikowi.&nbsp;<\/p>\n\n\n\n<p>9. W momencie odbioru dostawy Kontrahent przeprowadza kontrol\u0119 zgodno\u015bci dostarczonego towaru z dokumentem FV HBL Investments oraz dokonuje oceny ewentualnych uszkodze\u0144 opakowania.&nbsp;<br>10. W przypadku niezgodno\u015bci zam\u00f3wionego towaru z dostarczon\u0105 przesy\u0142k\u0105, Kontrahent sporz\u0105dza wraz z przewo\u017anikiem protok\u00f3\u0142 r\u00f3\u017cnic, kt\u00f3ry po jego podpisaniu przez Kontrahenta oraz przewo\u017anika stanowi podstaw\u0119 do z\u0142o\u017cenia reklamacji. Protok\u00f3\u0142 powinien by\u0107 przekazany w terminie 7 dni roboczych do HBL Investments.&nbsp;<\/p>\n\n\n\n<p>11. HBL Investments wy\u0142\u0105cza odpowiedzialno\u015b\u0107 Sprzedawcy z tytu\u0142u r\u0119kojmi za wady fizyczne i prawne towar\u00f3w. Reklamacje mog\u0105 by\u0107 sk\u0142adane drog\u0105 e-mailow\u0105 na adres biznes@baylabel.pl, w terminie 7 dni od odbioru towaru.&nbsp;<\/p>\n\n\n\n<p>12. Odpowiedzialno\u015b\u0107 Sprzedawcy z tytu\u0142u niewykonania lub nienale\u017cytego wykonania umowy ograniczona jest do wysoko\u015bci rzeczywistej szkody i nie obejmuje utraconych korzy\u015bci, z wyj\u0105tkiem szkody wyrz\u0105dzonej umy\u015blnie.&nbsp;<\/p>\n\n\n\n<p><strong>VII. P\u0142atno\u015bci<\/strong>&nbsp;<\/p>\n\n\n\n<p>1. P\u0142atno\u015bci s\u0105 realizowane w nast\u0119puj\u0105cych formach:&nbsp;<br>a)przedp\u0142ata,&nbsp;<br>b) zap\u0142ata przy odbiorze dostawy (za pobraniem),&nbsp;<br>c) przelew z terminem p\u0142atno\u015bci.&nbsp;<br>2. Forma i warunki p\u0142atno\u015bci s\u0105 ustalane na pocz\u0105tku wsp\u00f3\u0142pracy, po dokonaniu rejestracji Kontrahenta na platformie sprzeda\u017cy B2B. W trakcie wsp\u00f3\u0142pracy forma i warunki p\u0142atno\u015bci mog\u0105 ulec zmianie na wniosek Kontrahenta lub na podstawie indywidualnych decyzji HBL Investments.&nbsp;<br>3. Kontrahent mo\u017ce dokonywa\u0107 p\u0142atno\u015bci przelewem, z odroczonym terminem p\u0142atno\u015bci. Szczeg\u00f3\u0142owe zasady dotycz\u0105ce p\u0142atno\u015bci tego rodzaju s\u0105 ustalane indywidualnie z Kontrahentem.&nbsp;<br>4. HBL Investments wystawia Kontrahentowi faktur\u0119 VAT za zakupione towary. \u0179r\u00f3d\u0142em danych Kontrahenta do wystawienia faktur oraz danych dotycz\u0105cych miejsca dostawy s\u0105 dokumenty rejestrowe i informacje z formularza rejestracyjnego oraz zawartej umowy o wsp\u00f3\u0142pracy, kt\u00f3re Kontrahent przekazuje podczas procesu rejestracji.&nbsp;<br>5. Faktura VAT jest wystawiana w dniu wys\u0142ania paczki lub dzie\u0144 wcze\u015bniej i jest do\u0142\u0105czana do paczki z towarem.&nbsp;<br>6. Wraz z akceptacj\u0105 warunk\u00f3w Regulaminu, Kontrahent upowa\u017cnia HBL Investments do wystawiania faktur bez podpisu Kontrahenta.&nbsp;<br>7. Na \u017cyczenie kontrahenta faktura mo\u017ce zosta\u0107 r\u00f3wnie\u017c wys\u0142ana na podany przy rejestracji adres email.&nbsp;<\/p>\n\n\n\n<p><strong>VIII. Zwrot nowego towaru<\/strong>&nbsp;<\/p>\n\n\n\n<p>1. Kontahentowi nie przys\u0142uguje ustawowe prawo odst\u0105pienia od umowy. Ewentualna mo\u017cliwo\u015b\u0107 zwrotu towaru mo\u017ce by\u0107 przewidziana indywidualnie.&nbsp;<\/p>\n\n\n\n<p>2.&nbsp; Kontrahent mo\u017ce dokona\u0107 zwrotu nowego towaru dostarczonego przez HBL Investments w przypadku uzyskania pisemnej zgody HBL Investments. HBL Investments mo\u017ce udzieli\u0107 takiej zgody, je\u015bli towar nie by\u0142 u\u017cywany i nie wykazuje cech indywidualnego dostosowania do wymaga\u0144 Kontrahenta, a jego zwrot nast\u0105pi\u0142 w terminie 7 dni od daty dostarczenia.&nbsp;<br>2. W razie wyra\u017cenia przez HBL Investments zgody na dokonanie zwrotu towaru, HBL Investments nie ponosi z tego tytu\u0142u \u017cadnych koszt\u00f3w, w szczeg\u00f3lno\u015bci transport odb\u0119dzie si\u0119 na koszt Kontrahenta.&nbsp;<br>3. HBL Investments dokona kontroli zwr\u00f3conego towaru i podejmie decyzj\u0119 o:&nbsp;<br>\u2013 zwrocie Kontrahentowi warto\u015bci zwr\u00f3conego towaru,&nbsp;<br>\u2013 odmowie przyj\u0119cia zwr\u00f3conego towaru,&nbsp;<br>\u2013 wymianie zwr\u00f3conego towaru na inny.&nbsp;<br>4. W przypadku zwrotu warto\u015bci, o kt\u00f3rej mowa powy\u017cej, warto\u015b\u0107 zwrotu b\u0119dzie r\u00f3wna cenie zakupionego towaru pomniejszonej o koszt kontroli i dzia\u0142a\u0144 administracyjno-magazynowych, poniesionych przez HBL Investments, jednak nie mniej ni\u017c 10% ceny zakupu.&nbsp;<\/p>\n\n\n\n<p><strong>IX. Ochrona tajemnicy handlowej<\/strong>&nbsp;<\/p>\n\n\n\n<p>1. Kontrahent zobowi\u0105zany jest do zachowania w \u015bcis\u0142ej tajemnicy wszelkich informacji handlowych, finansowych, organizacyjnych, technologicznych, ekonomicznych oraz innych informacji dotycz\u0105cych HBL Investments, otrzymanych w trakcie wsp\u00f3\u0142pracy, bez wzgl\u0119du na form\u0119 ich przekazania, je\u017celi informacje takie nie s\u0105 udost\u0119pniane publicznie.&nbsp;<br>2. Powy\u017csze nie dotyczy sytuacji, gdy ujawnienie informacji nast\u0119puje na \u017c\u0105danie upowa\u017cnionych organ\u00f3w pa\u0144stwowych, na podstawie odpowiednich przepis\u00f3w prawa. W takiej sytuacji, Kontrahent jest zobowi\u0105zany poinformowa\u0107 HBL Invesments o ujawnieniu informacji w ci\u0105gu 7 dni.&nbsp;<br>3. Obowi\u0105zek ten rozci\u0105ga si\u0119 na ca\u0142y okres trwania wsp\u00f3\u0142pracy, jak r\u00f3wnie\u017c na okres 3 lat od jej zako\u0144czenia.&nbsp;<br>4. W przypadku naruszenia wskazanego w pkt. 1 obowi\u0105zku, HBL Invesments ma mo\u017cliwo\u015b\u0107 dochodzenia odszkodowania za szkod\u0119 wyrz\u0105dzon\u0105 przez bezprawne ujawnienie informacji poufnych.&nbsp;<\/p>\n\n\n\n<p><strong>X. Ochrona danych osobowych<\/strong>&nbsp;<\/p>\n\n\n\n<ol start=\"1\" class=\"wp-block-list\">\n<li>Administratorem danych osobowych Kupuj\u0105cych b\u0119d\u0105cych osobami fizycznymi prowadz\u0105cymi dzia\u0142alno\u015b\u0107 gospodarcz\u0105 oraz os\u00f3b dzia\u0142aj\u0105cych w imieniu Kupuj\u0105cych (np. pracownik\u00f3w, pe\u0142nomocnik\u00f3w) jest HBL INVESTMENTS Julia G\u00f3recka-Kijowska NIP: 6462972634, Turzyn 71 42-235 Lel\u00f3w (dalej: \u201eAdministrator\u201d).\u00a0<\/li>\n<\/ol>\n\n\n\n<ol start=\"2\" class=\"wp-block-list\">\n<li>Dane osobowe przetwarzane s\u0105 w celu:\u00a0<br>a) zawarcia i wykonania umowy sprzeda\u017cy lub \u015bwiadczenia us\u0142ug drog\u0105 elektroniczn\u0105 \u2013 na podstawie art. 6 ust. 1 lit. b RODO,\u00a0<br>b) wype\u0142nienia obowi\u0105zk\u00f3w prawnych ci\u0105\u017c\u0105cych na Administratorze (np. ksi\u0119gowych, podatkowych) \u2013 na podstawie art. 6 ust. 1 lit. c RODO,\u00a0<br>c) ewentualnego ustalenia, dochodzenia lub obrony przed roszczeniami \u2013 na podstawie art. 6 ust. 1 lit. f RODO (prawnie uzasadniony interes Administratora),\u00a0<br>d) przesy\u0142ania informacji handlowych drog\u0105 elektroniczn\u0105 lub kontaktu telefonicznego w celach marketingu bezpo\u015bredniego \u2013 na podstawie zgody (art. 6 ust. 1 lit. a RODO oraz art. 10 ustawy o \u015bwiadczeniu us\u0142ug drog\u0105 elektroniczn\u0105, art. 172 ust. 1 Prawa telekomunikacyjnego).\u00a0<\/li>\n<\/ol>\n\n\n\n<ol start=\"3\" class=\"wp-block-list\">\n<li>Dane osobowe mog\u0105 by\u0107 udost\u0119pniane podmiotom wspieraj\u0105cym Administratora w prowadzeniu dzia\u0142alno\u015bci, w szczeg\u00f3lno\u015bci:\u00a0<br>a) dostawcom us\u0142ug IT, hostingu, newslettera i e-mail marketingu,\u00a0<br>b) kancelariom prawnym i biurom rachunkowym,\u00a0<br>c) firmom kurierskim i przewo\u017anikom \u2013 w zakresie niezb\u0119dnym do realizacji umowy.\u00a0<\/li>\n<\/ol>\n\n\n\n<ol start=\"4\" class=\"wp-block-list\">\n<li>Dane osobowe mog\u0105 by\u0107 przekazywane poza Europejski Obszar Gospodarczy (EOG) tylko w sytuacjach, gdy b\u0119dzie to konieczne do realizacji celu przetwarzania, a przekazanie danych nast\u0105pi z zapewnieniem odpowiednich mechanizm\u00f3w ochrony danych zgodnych z RODO (np. standardowe klauzule umowne).\u00a0<\/li>\n<\/ol>\n\n\n\n<ol start=\"5\" class=\"wp-block-list\">\n<li>Dane osobowe b\u0119d\u0105 przetwarzane przez okres:\u00a0<br>a) trwania umowy oraz wymagany okres rozliczeniowy po jej zako\u0144czeniu,\u00a0<br>b) wymagany przepisami prawa (np. w zakresie dokumentacji ksi\u0119gowej),\u00a0<br>c) do czasu przedawnienia ewentualnych roszcze\u0144,\u00a0<br>d) w przypadku zgody na przetwarzanie danych w celach marketingowych \u2013 do czasu jej cofni\u0119cia.\u00a0<\/li>\n<\/ol>\n\n\n\n<ol start=\"6\" class=\"wp-block-list\">\n<li>Osobom, kt\u00f3rych dane dotycz\u0105, przys\u0142uguje prawo:\u00a0<br>a) dost\u0119pu do danych, ich sprostowania, usuni\u0119cia lub ograniczenia przetwarzania,\u00a0<br>b) wniesienia sprzeciwu wobec przetwarzania,\u00a0<br>c) cofni\u0119cia zgody w dowolnym momencie (bez wp\u0142ywu na zgodno\u015b\u0107 z prawem przetwarzania przed jej cofni\u0119ciem),\u00a0<br>d) przenoszenia danych,\u00a0<br>e) wniesienia skargi do Prezesa Urz\u0119du Ochrony Danych Osobowych.\u00a0<\/li>\n<\/ol>\n\n\n\n<ol start=\"7\" class=\"wp-block-list\">\n<li>\u00a0Wyra\u017cenie zgody na otrzymywanie informacji handlowych jest dobrowolne i nie wp\u0142ywa na mo\u017cliwo\u015b\u0107 dokonania zakup\u00f3w.\u00a0<\/li>\n<\/ol>\n\n\n\n<ol start=\"8\" class=\"wp-block-list\">\n<li>Szczeg\u00f3\u0142owe informacje dotycz\u0105ce przetwarzania danych osobowych dost\u0119pne s\u0105 w Polityce Prywatno\u015bci dost\u0119pnej pod adresem: https:\/\/hurt.baylabel.eu\/polityka-prywatnosci\u00a0<\/li>\n<\/ol>\n\n\n\n<p><strong>XI. Postanowienia ko\u0144cowe<\/strong>&nbsp;<\/p>\n\n\n\n<ol start=\"1\" class=\"wp-block-list\">\n<li>Regulamin wchodzi w \u017cycie z dniem 1 czerwca 2020 r.\u00a0<br>2. W sprawach nieuregulowanych w Regulaminie znajduj\u0105 zastosowanie przepisy Kodeksu Cywilnego.\u00a0<br>3. Wszelkie uwagi i zg\u0142oszenia dotycz\u0105ce narusze\u0144 niniejszego Regulaminu nale\u017cy przesy\u0142a\u0107 na adres e-mail: biznes@baylabel.pl. HBL Investments zastrzega sobie prawo do wprowadzania zmian w niniejszym Regulaminie. Wszelkie zmiany staj\u0105 si\u0119 obowi\u0105zuj\u0105ce w momencie opublikowania ich na stronie Platformy B2B.\u00a0<br>4. HBL Investments nie jest odpowiedzialna za jakiekolwiek szkody wynik\u0142e z przestoj\u00f3w w realizacji Zam\u00f3wie\u0144. W szczeg\u00f3lno\u015bci HBL Investments nie odpowiada za utracone korzy\u015bci Kontrahenta.\u00a0<br>\u00a0<br>5. W przypadku zaistnienia jakichkolwiek spor\u00f3w, ich strony b\u0119d\u0105 stara\u0142y si\u0119 je rozstrzyga\u0107 w drodze negocjacji, a w przypadku niemo\u017cno\u015bci osi\u0105gni\u0119cia porozumienia poddadz\u0105 je pod rozstrzygni\u0119cie s\u0105dowi powszechnemu w\u0142a\u015bciwemu dla siedziby HBL Investments.\u00a0<br>6. HBL Investments zastrzega sobie prawo do zmiany regulaminu. Kupuj\u0105cy zostanie poinformowany o zmianach co najmniej 7 dni przed ich wej\u015bciem w \u017cycie.\u00a0<\/li>\n<\/ol>\n\n\n\n<p>7. W przypadku uznania kt\u00f3regokolwiek postanowienia regulaminu za niewa\u017cne, pozosta\u0142e postanowienia pozostaj\u0105 w mocy.&nbsp;<\/p>\n\n\n\n<ol start=\"8\" class=\"wp-block-list\">\n<li>Wszelkie zapytania dotycz\u0105ce korzystania z Platformy B2B nale\u017cy zg\u0142asza\u0107 na adres mailowy: <a href=\"mailto:biznes@baylabel.pl\" target=\"_blank\" rel=\"noreferrer noopener\">biznes@baylabel.pl<\/a>.\u00a0<\/li>\n<\/ol>\n\n\n\n<p><\/p>","protected":false},"excerpt":{"rendered":"<p>REGULAMIN&nbsp; I. Postanowienia og\u00f3lne&nbsp; 1. Niniejszy regulamin okre\u015bla warunki sprzeda\u017cy towar\u00f3w marki Baylabel za po\u015brednictwem Platformy sprzeda\u017cy B2B https:\/\/hurt.baylabel.eu&nbsp;2. Przedsi\u0119biorc\u0105 prowadz\u0105cym Platform\u0119 Sprzeda\u017cy B2B https:\/\/hurt.baylabel.eu jest HBL INVESTMENTS Julia G\u00f3recka-Kijowska NIP: 6462972634, Turzyn 71, 42-235 Lel\u00f3w, email: biznes@baylabel.pl&nbsp; II. Definicje&nbsp; Wszelkie wyrazy, bez wzgl\u0119du na to czy zosta\u0142y napisane wielk\u0105 czy ma\u0142\u0105 liter\u0105, zdefiniowane poni\u017cej [&hellip;]<\/p>","protected":false},"author":1,"featured_media":0,"parent":0,"menu_order":0,"comment_status":"closed","ping_status":"closed","template":"terms.php","meta":{"_acf_changed":false,"inline_featured_image":false,"footnotes":""},"class_list":["post-1877","page","type-page","status-publish","hentry"],"acf":[],"_links":{"self":[{"href":"https:\/\/dev.baylabel.eu\/en\/wp-json\/wp\/v2\/pages\/1877","targetHints":{"allow":["GET"]}}],"collection":[{"href":"https:\/\/dev.baylabel.eu\/en\/wp-json\/wp\/v2\/pages"}],"about":[{"href":"https:\/\/dev.baylabel.eu\/en\/wp-json\/wp\/v2\/types\/page"}],"author":[{"embeddable":true,"href":"https:\/\/dev.baylabel.eu\/en\/wp-json\/wp\/v2\/users\/1"}],"replies":[{"embeddable":true,"href":"https:\/\/dev.baylabel.eu\/en\/wp-json\/wp\/v2\/comments?post=1877"}],"version-history":[{"count":0,"href":"https:\/\/dev.baylabel.eu\/en\/wp-json\/wp\/v2\/pages\/1877\/revisions"}],"wp:attachment":[{"href":"https:\/\/dev.baylabel.eu\/en\/wp-json\/wp\/v2\/media?parent=1877"}],"curies":[{"name":"wp","href":"https:\/\/api.w.org\/{rel}","templated":true}]}}