{"id":21898,"date":"2025-07-14T12:40:59","date_gmt":"2025-07-14T10:40:59","guid":{"rendered":"https:\/\/dev.baylabel.eu\/?page_id=21898"},"modified":"2025-07-14T13:23:54","modified_gmt":"2025-07-14T11:23:54","slug":"jak-zalozyc-konto","status":"publish","type":"page","link":"https:\/\/dev.baylabel.eu\/en\/jak-zalozyc-konto\/","title":{"rendered":"Jak za\u0142o\u017cy\u0107 konto"},"content":{"rendered":"<h1 class=\"wp-block-heading\"><strong>Jak za\u0142o\u017cy\u0107 konto hurtowe w Baylabel?<\/strong><\/h1>\n\n\n\n<p><strong>Konto mo\u017cna za\u0142o\u017cy\u0107 na dwa sposoby:<\/strong><\/p>\n\n\n\n<p><strong>1. Kontakt z przedstawicielem handlowym (je\u015bli wolisz pomoc bezpo\u015bredni\u0105 lub napotkasz trudno\u015bci)<\/strong><\/p>\n\n\n\n<p>Skontaktuj si\u0119 ze mn\u0105 \u2013 z przyjemno\u015bci\u0105 pomog\u0119 w za\u0142o\u017ceniu konta:<\/p>\n\n\n\n<p><strong>Ewa Dropi\u0144ska<\/strong><br><a href=\"tel:601502978\" data-type=\"tel\" data-id=\"tel:601502978\">? <strong>601 502 978<\/strong><\/a><br><a href=\"mailto:ewa.dropinska@baylabel.pl\">\u2709\ufe0f <strong>ewa.dropinska@baylabel.pl<\/strong><\/a><\/p>\n\n\n\n<p><strong>2. Samodzielna rejestracja przez stron\u0119 internetow\u0105<\/strong><\/p>\n\n\n\n<ol start=\"1\" class=\"wp-block-list\">\n<li>Kliknij przycisk logowania w prawym g\u00f3rnym rogu, a nast\u0119pnie wybierz <strong>\u201eUtw\u00f3rz konto\u201d<\/strong>.<\/li>\n\n\n\n<li>Wype\u0142nij formularz rejestracyjny \u2013 podaj:<br>\u2022 adres e-mail<br>\u2022 NIP<br>\u2022 nazw\u0119 firmy<br>\u2022 has\u0142o<\/li>\n\n\n\n<li>Po za\u0142o\u017ceniu konta, wejd\u017a w panel klienta i przejd\u017a do zak\u0142adki <strong>\u201eUmowa sprzeda\u017cy\u201d<\/strong>.<br>\u2022 Pobierz umow\u0119<br>\u2022 Wydrukuj, podpisz i zeskanuj<br>\u2022 Za\u0142aduj podpisany dokument z powrotem w tej samej sekcji<\/li>\n<\/ol>\n\n\n\n<p>Po uzupe\u0142nieniu wszystkich informacji Twoje konto hurtowe zostanie aktywowane przez nasz zesp\u00f3\u0142.<br>Dzi\u0119kujemy, \u017ce chcesz wsp\u00f3\u0142pracowa\u0107 z Baylabel!<\/p>","protected":false},"excerpt":{"rendered":"<p>Jak za\u0142o\u017cy\u0107 konto hurtowe w Baylabel? Konto mo\u017cna za\u0142o\u017cy\u0107 na dwa sposoby: 1. Kontakt z przedstawicielem handlowym (je\u015bli wolisz pomoc bezpo\u015bredni\u0105 lub napotkasz trudno\u015bci) Skontaktuj si\u0119 ze mn\u0105 \u2013 z przyjemno\u015bci\u0105 pomog\u0119 w za\u0142o\u017ceniu konta: Ewa Dropi\u0144ska? 601 502 978\u2709\ufe0f ewa.dropinska@baylabel.pl 2. Samodzielna rejestracja przez stron\u0119 internetow\u0105 Po uzupe\u0142nieniu wszystkich informacji Twoje konto hurtowe zostanie [&hellip;]<\/p>","protected":false},"author":366,"featured_media":21923,"parent":0,"menu_order":0,"comment_status":"closed","ping_status":"closed","template":"flexible_sections.php","meta":{"_acf_changed":false,"inline_featured_image":false,"footnotes":""},"class_list":["post-21898","page","type-page","status-publish","has-post-thumbnail","hentry"],"acf":[],"_links":{"self":[{"href":"https:\/\/dev.baylabel.eu\/en\/wp-json\/wp\/v2\/pages\/21898","targetHints":{"allow":["GET"]}}],"collection":[{"href":"https:\/\/dev.baylabel.eu\/en\/wp-json\/wp\/v2\/pages"}],"about":[{"href":"https:\/\/dev.baylabel.eu\/en\/wp-json\/wp\/v2\/types\/page"}],"author":[{"embeddable":true,"href":"https:\/\/dev.baylabel.eu\/en\/wp-json\/wp\/v2\/users\/366"}],"replies":[{"embeddable":true,"href":"https:\/\/dev.baylabel.eu\/en\/wp-json\/wp\/v2\/comments?post=21898"}],"version-history":[{"count":0,"href":"https:\/\/dev.baylabel.eu\/en\/wp-json\/wp\/v2\/pages\/21898\/revisions"}],"wp:featuredmedia":[{"embeddable":true,"href":"https:\/\/dev.baylabel.eu\/en\/wp-json\/wp\/v2\/media\/21923"}],"wp:attachment":[{"href":"https:\/\/dev.baylabel.eu\/en\/wp-json\/wp\/v2\/media?parent=21898"}],"curies":[{"name":"wp","href":"https:\/\/api.w.org\/{rel}","templated":true}]}}