{"id":21913,"date":"2025-07-14T12:49:53","date_gmt":"2025-07-14T10:49:53","guid":{"rendered":"https:\/\/dev.baylabel.eu\/?page_id=21913"},"modified":"2025-07-18T10:54:28","modified_gmt":"2025-07-18T08:54:28","slug":"rejestracja","status":"publish","type":"page","link":"https:\/\/dev.baylabel.eu\/en\/rejestracja\/","title":{"rendered":"Rejestracja"},"content":{"rendered":"<div class=\"container container-narrow-right container-reset\">\n        <div class=\"blb-account__register\" id=\"customer_register\">\n            <div class=\"blb-account__form\">\n                <form method=\"post\" class=\"woocommerce-form woocommerce-form-register register\" action=\"\" >\n                    <div class=\"woocommerce-notices-wrapper\"><\/div>\n                    <h2 class=\"blb-account__title\">Utw\u00f3rz konto<\/h2>\n                                        <p class=\"blb-account__row woocommerce-form-row woocommerce-form-row--wide form-row form-row-wide\">\n                        <input type=\"email\" class=\"woocommerce-Input woocommerce-Input--text input-text\" name=\"email\" id=\"reg_email\" autocomplete=\"email\" placeholder=\"Email address\" value=\"\" required data-no-translation-placeholder=\"\" \/>                    <\/p>\n\n                    <p class=\"blb-account__row woocommerce-form-row woocommerce-form-row--wide form-row form-row-wide\">\n                        <input type=\"number\" onpaste=\"limitLengthPaste(this, event)\" onkeypress=\"return limitLength(this, event)\" inputmode=\"numeric\" class=\"woocommerce-Input woocommerce-Input--text input-text\" name=\"nip\" id=\"reg_nip\" placeholder=\"Numer NIP\" required data-no-translation-placeholder=\"\">\n                    <\/p>\n\n\n                    <p class=\"blb-account__row woocommerce-form-row woocommerce-form-row--wide form-row form-row-wide\">\n                        <input type=\"text\" class=\"woocommerce-Input woocommerce-Input--text input-text\" name=\"company\" id=\"reg_company\" placeholder=\"Nazwa firmy\" required data-no-translation-placeholder=\"\" \/>\n                    <\/p>\n\n                    \n                        <p class=\"blb-account__row woocommerce-form-row woocommerce-form-row--wide form-row form-row-wide\">\n                            <input type=\"password\" class=\"woocommerce-Input woocommerce-Input--text input-text\" name=\"password\" id=\"reg_password\" autocomplete=\"new-password\" placeholder=\"Password\" required data-no-translation-placeholder=\"\" \/>\n                        <\/p>\n\n                    \n                        <p class=\"blb-account__row woocommerce-form-row woocommerce-form-row--wide form-row form-row-wide\">\n        <span class=\"password-input\">\n            <input type=\"password\" class=\"woocommerce-Input woocommerce-Input--text input-text\" name=\"password2\" placeholder=\"Powt\u00f3rz has\u0142o\" id=\"reg_password2\" value=\"\" required \/>\n        <\/span>\n    <\/p>\n<wc-order-attribution-inputs><\/wc-order-attribution-inputs><div class=\"woocommerce-privacy-policy-text\"><p>Twoje dane osobowe zostan\u0105 u\u017cyte do obs\u0142ugi twojej wizyty na naszej stronie, zarz\u0105dzania dost\u0119pem do twojego konta i dla innych cel\u00f3w o kt\u00f3rych m\u00f3wi nasza <a href=\"https:\/\/dev.baylabel.eu\/en\/polityka-prywatnosci\/\" class=\"woocommerce-privacy-policy-link\" target=\"_blank\" data-no-translation=\"\" data-trp-gettext=\"\">privacy policy<\/a>.<\/p>\n<\/div>\n                    <p class=\"blb-account__row woocommerce-form-row woocommerce-form-row--wide form-row form-row-wide\">\n                        <label>\n                            <input type=\"checkbox\" name=\"regi_terms\"> Akceptuj\u0119 <a href='\/en\/regulamin\/' target=\"_blank\">regulamin<\/a> Platformy Sprzeda\u017cy B2B https:\/\/hurt.baylabel.eu\n                        <\/label>\n                    <\/p>\n                    <p class=\"blb-account__row woocommerce-form-row woocommerce-form-row--wide form-row form-row-wide\">\n                        <label>\n                            <input type=\"checkbox\" name=\"newsletter\"> Zapisz si\u0119 do newslettera BAYLABEL i b\u0105d\u017a na bie\u017c\u0105co z nowo\u015bciami\n                            <span class=\"newsletter_terms\">Wyra\u017cam dobrowolnie zgod\u0119 na przetwarzanie moich danych osobowych w postaci danych przedsi\u0119biorstwa i adresu e-mail przez HBL INVESTMENTS Julia G\u00f3recka-Kijowska (kt\u00f3re, maj\u0105 siedzib\u0119 w Turzyn 71 42-235 Lel\u00f3w), w celu otrzymywania drog\u0105 elektroniczn\u0105 na adres e-mail informacji handlowych (np. newsletteru), dotycz\u0105cych aktywno\u015bci, produkt\u00f3w i us\u0142ug oferowanych przez podmioty.<\/span>\n                        <\/label>\n                    <\/p>\n\n                    <p class=\"blb-account__row woocommerce-form-row form-row\">\n                        <input type=\"hidden\" id=\"woocommerce-register-nonce\" name=\"woocommerce-register-nonce\" value=\"65f6eddb7f\" \/><input type=\"hidden\" name=\"_wp_http_referer\" value=\"\/en\/wp-json\/wp\/v2\/pages\/21913\" \/>                        <button type=\"submit\" class=\"btn btn-primary btn-lg w-100 woocommerce-Button woocommerce-button button woocommerce-form-register__submit\" name=\"register\" value=\"Register\" data-no-translation=\"\" data-trp-gettext=\"\" data-no-translation-value=\"\">Register<\/button>\n                    <\/p>\n\n                    <p class=\"blb-account__row blb-account__register-link woocommerce-form-row woocommerce-form-row--wide form-row form-row-wide woocommerce-LostPassword lost_password\">\n                        Masz ju\u017c konto?                        <a href=\"https:\/\/dev.baylabel.eu\/en\/moje-konto\/\" role=\"button\" class=\"btn btn-link woocommerce-button\" title=\"Zaloguj si\u0119\" data-no-translation=\"\" data-trp-gettext=\"\">Log in<\/a>\n                    <\/p>\n\n                    \n                <input type=\"hidden\" name=\"trp-form-language\" value=\"en\"\/><\/form>\n            <\/div>\n            <div class=\"blb-account__img\">\n                <img loading=\"lazy\" decoding=\"async\" width=\"992\" height=\"992\" src=\"https:\/\/dev.baylabel.eu\/wp-content\/uploads\/2025\/07\/rejestracja-img.webp\" class=\"attachment-1000x size-1000x\" alt=\"\" \/>            <\/div>\n        <\/div>\n    <\/div>","protected":false},"excerpt":{"rendered":"","protected":false},"author":366,"featured_media":0,"parent":0,"menu_order":0,"comment_status":"closed","ping_status":"closed","template":"woo-account.php","meta":{"_acf_changed":false,"inline_featured_image":false,"footnotes":""},"class_list":["post-21913","page","type-page","status-publish","hentry"],"acf":[],"_links":{"self":[{"href":"https:\/\/dev.baylabel.eu\/en\/wp-json\/wp\/v2\/pages\/21913","targetHints":{"allow":["GET"]}}],"collection":[{"href":"https:\/\/dev.baylabel.eu\/en\/wp-json\/wp\/v2\/pages"}],"about":[{"href":"https:\/\/dev.baylabel.eu\/en\/wp-json\/wp\/v2\/types\/page"}],"author":[{"embeddable":true,"href":"https:\/\/dev.baylabel.eu\/en\/wp-json\/wp\/v2\/users\/366"}],"replies":[{"embeddable":true,"href":"https:\/\/dev.baylabel.eu\/en\/wp-json\/wp\/v2\/comments?post=21913"}],"version-history":[{"count":0,"href":"https:\/\/dev.baylabel.eu\/en\/wp-json\/wp\/v2\/pages\/21913\/revisions"}],"wp:attachment":[{"href":"https:\/\/dev.baylabel.eu\/en\/wp-json\/wp\/v2\/media?parent=21913"}],"curies":[{"name":"wp","href":"https:\/\/api.w.org\/{rel}","templated":true}]}}