{"id":1143,"date":"2020-05-14T01:01:59","date_gmt":"2020-05-13T23:01:59","guid":{"rendered":"http:\/\/eyfciph.cluster028.hosting.ovh.net\/?post_type=product&#038;p=1143"},"modified":"2025-07-23T11:36:12","modified_gmt":"2025-07-23T09:36:12","slug":"obroza-van-dogh","status":"publish","type":"product","link":"https:\/\/dev.baylabel.eu\/en\/product\/obroza-van-dogh\/","title":{"rendered":"Dog Collar \u2013 Van Dogh"},"content":{"rendered":"<p><strong>XS<\/strong> (21-25cm) <strong>S<\/strong> (28-35cm) <strong>M<\/strong> (34-45cm) <strong>L<\/strong> (40-55cm) <strong>XL<\/strong> (45-65cm)<\/p>\n<p><strong>Van Dogh<\/strong>\u00a0\u2013 To wz\u00f3r inspirowany tw\u00f3rczo\u015bci\u0105 Van Gogha i jego obrazem gwie\u017adzista noc. Nastrojowy wz\u00f3r w fale pi\u0119knie podkre\u015bli ka\u017cde futerko, sprawiaj\u0105c, \u017ce pies b\u0119dzie wygl\u0105da\u0142 wyj\u0105tkowo.<\/p>\n<p><strong>ta\u015bma:<\/strong>\u00a0mocna, g\u0142adka ta\u015bma z naszym autorskim wzorem, kt\u00f3ra zachowuje sw\u00f3j wygl\u0105d na d\u0142ugo. Bardzo \u0142atwa w czyszczeniu i piel\u0119gnacji.<\/p>\n<p><strong>okucia:<\/strong>\u00a0metalowe elementy zosta\u0142y pokryte czarnym kolorem zabezpieczaj\u0105cym akcesoria przed korozj\u0105.<\/p>","protected":false},"excerpt":{"rendered":"<p>XS (21-25cm) S (28-35cm) M (34-45cm) L (40-55cm) XL (45-65cm) Van Dogh\u00a0\u2013 To wz\u00f3r inspirowany tw\u00f3rczo\u015bci\u0105 Van Gogha i jego obrazem gwie\u017adzista noc. Nastrojowy wz\u00f3r w fale pi\u0119knie podkre\u015bli ka\u017cde futerko, sprawiaj\u0105c, \u017ce pies b\u0119dzie wygl\u0105da\u0142 wyj\u0105tkowo. ta\u015bma:\u00a0mocna, g\u0142adka ta\u015bma z naszym autorskim wzorem, kt\u00f3ra zachowuje sw\u00f3j wygl\u0105d na d\u0142ugo. Bardzo \u0142atwa w czyszczeniu i [&hellip;]<\/p>","protected":false},"featured_media":1147,"template":"","meta":{"_acf_changed":false,"inline_featured_image":false},"product_brand":[],"product_cat":[49,50,200],"product_tag":[],"class_list":{"0":"post-1143","1":"product","2":"type-product","3":"status-publish","4":"has-post-thumbnail","6":"product_cat-obroze","7":"product_cat-obroze-obroze","8":"product_cat-van-dogh","10":"first","11":"instock","12":"taxable","13":"shipping-taxable","14":"purchasable","15":"product-type-variable"},"acf":[],"_links":{"self":[{"href":"https:\/\/dev.baylabel.eu\/en\/wp-json\/wp\/v2\/product\/1143","targetHints":{"allow":["GET"]}}],"collection":[{"href":"https:\/\/dev.baylabel.eu\/en\/wp-json\/wp\/v2\/product"}],"about":[{"href":"https:\/\/dev.baylabel.eu\/en\/wp-json\/wp\/v2\/types\/product"}],"wp:featuredmedia":[{"embeddable":true,"href":"https:\/\/dev.baylabel.eu\/en\/wp-json\/wp\/v2\/media\/1147"}],"wp:attachment":[{"href":"https:\/\/dev.baylabel.eu\/en\/wp-json\/wp\/v2\/media?parent=1143"}],"wp:term":[{"taxonomy":"product_brand","embeddable":true,"href":"https:\/\/dev.baylabel.eu\/en\/wp-json\/wp\/v2\/product_brand?post=1143"},{"taxonomy":"product_cat","embeddable":true,"href":"https:\/\/dev.baylabel.eu\/en\/wp-json\/wp\/v2\/product_cat?post=1143"},{"taxonomy":"product_tag","embeddable":true,"href":"https:\/\/dev.baylabel.eu\/en\/wp-json\/wp\/v2\/product_tag?post=1143"}],"curies":[{"name":"wp","href":"https:\/\/api.w.org\/{rel}","templated":true}]}}