{"id":1175,"date":"2020-05-14T01:08:51","date_gmt":"2020-05-13T23:08:51","guid":{"rendered":"http:\/\/eyfciph.cluster028.hosting.ovh.net\/?post_type=product&#038;p=1175"},"modified":"2025-07-23T11:36:01","modified_gmt":"2025-07-23T09:36:01","slug":"obroza-super-hero","status":"publish","type":"product","link":"https:\/\/dev.baylabel.eu\/en\/product\/obroza-super-hero\/","title":{"rendered":"Collar \u2013 Super Hero"},"content":{"rendered":"<p><strong>XS<\/strong> (21-25cm) <strong>S<\/strong> (28-35cm) <strong>M<\/strong> (34-45cm) <strong>L<\/strong> (40-55cm) <strong>XL<\/strong> (45-65cm)<\/p>\n<p><strong>Super Hero<\/strong>\u00a0\u2013 I zosta\u0144 bohaterem w swoim domu! =)\u00a0 Ten wz\u00f3r zosta\u0142 zaprojektowany dla wszystkich prawdziwych psich superbohater\u00f3w. Ka\u017cdy ma na pewno swoj\u0105 super moc, kt\u00f3ra w po\u0142\u0105czeniu z wypasionym strojem, stworzy z niego legendarn\u0105 posta\u0107!<\/p>\n<p><strong>ta\u015bma:<\/strong>\u00a0mocna, g\u0142adka ta\u015bma z naszym autorskim wzorem, kt\u00f3ra zachowuje sw\u00f3j wygl\u0105d na d\u0142ugo. Bardzo \u0142atwa w czyszczeniu i piel\u0119gnacji.<\/p>\n<p><strong>okucia:<\/strong>\u00a0metalowe elementy zosta\u0142y pokryte czarnym kolorem zabezpieczaj\u0105cym akcesoria przed korozj\u0105.<\/p>","protected":false},"excerpt":{"rendered":"<p>XS (21-25cm) S (28-35cm) M (34-45cm) L (40-55cm) XL (45-65cm) Super Hero\u00a0\u2013 I zosta\u0144 bohaterem w swoim domu! =)\u00a0 Ten wz\u00f3r zosta\u0142 zaprojektowany dla wszystkich prawdziwych psich superbohater\u00f3w. Ka\u017cdy ma na pewno swoj\u0105 super moc, kt\u00f3ra w po\u0142\u0105czeniu z wypasionym strojem, stworzy z niego legendarn\u0105 posta\u0107! ta\u015bma:\u00a0mocna, g\u0142adka ta\u015bma z naszym autorskim wzorem, kt\u00f3ra zachowuje [&hellip;]<\/p>","protected":false},"featured_media":1178,"template":"","meta":{"_acf_changed":false,"inline_featured_image":false},"product_brand":[],"product_cat":[49,50,196],"product_tag":[],"class_list":{"0":"post-1175","1":"product","2":"type-product","3":"status-publish","4":"has-post-thumbnail","6":"product_cat-obroze","7":"product_cat-obroze-obroze","8":"product_cat-super-hero","10":"first","11":"instock","12":"taxable","13":"shipping-taxable","14":"purchasable","15":"product-type-variable"},"acf":[],"_links":{"self":[{"href":"https:\/\/dev.baylabel.eu\/en\/wp-json\/wp\/v2\/product\/1175","targetHints":{"allow":["GET"]}}],"collection":[{"href":"https:\/\/dev.baylabel.eu\/en\/wp-json\/wp\/v2\/product"}],"about":[{"href":"https:\/\/dev.baylabel.eu\/en\/wp-json\/wp\/v2\/types\/product"}],"wp:featuredmedia":[{"embeddable":true,"href":"https:\/\/dev.baylabel.eu\/en\/wp-json\/wp\/v2\/media\/1178"}],"wp:attachment":[{"href":"https:\/\/dev.baylabel.eu\/en\/wp-json\/wp\/v2\/media?parent=1175"}],"wp:term":[{"taxonomy":"product_brand","embeddable":true,"href":"https:\/\/dev.baylabel.eu\/en\/wp-json\/wp\/v2\/product_brand?post=1175"},{"taxonomy":"product_cat","embeddable":true,"href":"https:\/\/dev.baylabel.eu\/en\/wp-json\/wp\/v2\/product_cat?post=1175"},{"taxonomy":"product_tag","embeddable":true,"href":"https:\/\/dev.baylabel.eu\/en\/wp-json\/wp\/v2\/product_tag?post=1175"}],"curies":[{"name":"wp","href":"https:\/\/api.w.org\/{rel}","templated":true}]}}