{"id":1330,"date":"2020-05-14T01:43:42","date_gmt":"2020-05-13T23:43:42","guid":{"rendered":"http:\/\/eyfciph.cluster028.hosting.ovh.net\/?post_type=product&#038;p=1330"},"modified":"2025-07-23T11:27:13","modified_gmt":"2025-07-23T09:27:13","slug":"szelki-van-dogh","status":"publish","type":"product","link":"https:\/\/dev.baylabel.eu\/en\/product\/szelki-van-dogh\/","title":{"rendered":"Dog Harness \u2013 Van Dogh"},"content":{"rendered":"<p><strong>Van Dogh<\/strong>\u00a0\u2013 To wz\u00f3r inspirowany tw\u00f3rczo\u015bci\u0105 Van Gogha i jego obrazem gwie\u017adzista noc. Nastrojowy wz\u00f3r w fale pi\u0119knie podkre\u015bli ka\u017cde futerko, sprawiaj\u0105c, \u017ce pies b\u0119dzie wygl\u0105da\u0142 wyj\u0105tkowo.<\/p>\n<p><strong>ta\u015bma:<\/strong>\u00a0mocna, g\u0142adka ta\u015bma z naszym autorskim wzorem, kt\u00f3ra zachowuje sw\u00f3j wygl\u0105d na d\u0142ugo. Bardzo \u0142atwa w czyszczeniu i piel\u0119gnacji.<\/p>\n<p><strong>okucia:<\/strong>\u00a0metalowe elementy zosta\u0142y pokryte czarnym kolorem zabezpieczaj\u0105cym akcesoria przed korozj\u0105.<\/p>","protected":false},"excerpt":{"rendered":"<p>Van Dogh\u00a0\u2013 To wz\u00f3r inspirowany tw\u00f3rczo\u015bci\u0105 Van Gogha i jego obrazem gwie\u017adzista noc. Nastrojowy wz\u00f3r w fale pi\u0119knie podkre\u015bli ka\u017cde futerko, sprawiaj\u0105c, \u017ce pies b\u0119dzie wygl\u0105da\u0142 wyj\u0105tkowo. ta\u015bma:\u00a0mocna, g\u0142adka ta\u015bma z naszym autorskim wzorem, kt\u00f3ra zachowuje sw\u00f3j wygl\u0105d na d\u0142ugo. Bardzo \u0142atwa w czyszczeniu i piel\u0119gnacji. okucia:\u00a0metalowe elementy zosta\u0142y pokryte czarnym kolorem zabezpieczaj\u0105cym akcesoria przed [&hellip;]<\/p>","protected":false},"featured_media":1333,"template":"","meta":{"_acf_changed":false,"inline_featured_image":false},"product_brand":[],"product_cat":[64,200],"product_tag":[],"class_list":{"0":"post-1330","1":"product","2":"type-product","3":"status-publish","4":"has-post-thumbnail","6":"product_cat-szelki","7":"product_cat-van-dogh","9":"first","10":"instock","11":"taxable","12":"shipping-taxable","13":"purchasable","14":"product-type-variable"},"acf":[],"_links":{"self":[{"href":"https:\/\/dev.baylabel.eu\/en\/wp-json\/wp\/v2\/product\/1330","targetHints":{"allow":["GET"]}}],"collection":[{"href":"https:\/\/dev.baylabel.eu\/en\/wp-json\/wp\/v2\/product"}],"about":[{"href":"https:\/\/dev.baylabel.eu\/en\/wp-json\/wp\/v2\/types\/product"}],"wp:featuredmedia":[{"embeddable":true,"href":"https:\/\/dev.baylabel.eu\/en\/wp-json\/wp\/v2\/media\/1333"}],"wp:attachment":[{"href":"https:\/\/dev.baylabel.eu\/en\/wp-json\/wp\/v2\/media?parent=1330"}],"wp:term":[{"taxonomy":"product_brand","embeddable":true,"href":"https:\/\/dev.baylabel.eu\/en\/wp-json\/wp\/v2\/product_brand?post=1330"},{"taxonomy":"product_cat","embeddable":true,"href":"https:\/\/dev.baylabel.eu\/en\/wp-json\/wp\/v2\/product_cat?post=1330"},{"taxonomy":"product_tag","embeddable":true,"href":"https:\/\/dev.baylabel.eu\/en\/wp-json\/wp\/v2\/product_tag?post=1330"}],"curies":[{"name":"wp","href":"https:\/\/api.w.org\/{rel}","templated":true}]}}