{"id":13329,"date":"2022-08-11T08:41:33","date_gmt":"2022-08-11T06:41:33","guid":{"rendered":"https:\/\/frydxvs.cluster030.hosting.ovh.net\/?post_type=product&#038;p=13329"},"modified":"2025-07-22T13:19:55","modified_gmt":"2025-07-22T11:19:55","slug":"saszetka-na-smakolyki-dla-psa-very-gerbery","status":"publish","type":"product","link":"https:\/\/dev.baylabel.eu\/en\/product\/saszetka-na-smakolyki-dla-psa-very-gerbery\/","title":{"rendered":"Saszetka na smako\u0142yki dla psa Very Gerbery"},"content":{"rendered":"<p>\u015arednica ok. 10 cm<br \/>\nWysoko\u015b\u0107 ok. 13 cm<\/p>","protected":false},"excerpt":{"rendered":"<p>\u015arednica ok. 10 cm Wysoko\u015b\u0107 ok. 13 cm<\/p>","protected":false},"featured_media":13330,"template":"","meta":{"_acf_changed":false,"inline_featured_image":false},"product_brand":[],"product_cat":[71,202],"product_tag":[],"class_list":{"0":"post-13329","1":"product","2":"type-product","3":"status-publish","4":"has-post-thumbnail","6":"product_cat-saszetki","7":"product_cat-very-gerbery","9":"first","10":"instock","11":"taxable","12":"shipping-taxable","13":"purchasable","14":"product-type-simple"},"acf":[],"_links":{"self":[{"href":"https:\/\/dev.baylabel.eu\/en\/wp-json\/wp\/v2\/product\/13329","targetHints":{"allow":["GET"]}}],"collection":[{"href":"https:\/\/dev.baylabel.eu\/en\/wp-json\/wp\/v2\/product"}],"about":[{"href":"https:\/\/dev.baylabel.eu\/en\/wp-json\/wp\/v2\/types\/product"}],"wp:featuredmedia":[{"embeddable":true,"href":"https:\/\/dev.baylabel.eu\/en\/wp-json\/wp\/v2\/media\/13330"}],"wp:attachment":[{"href":"https:\/\/dev.baylabel.eu\/en\/wp-json\/wp\/v2\/media?parent=13329"}],"wp:term":[{"taxonomy":"product_brand","embeddable":true,"href":"https:\/\/dev.baylabel.eu\/en\/wp-json\/wp\/v2\/product_brand?post=13329"},{"taxonomy":"product_cat","embeddable":true,"href":"https:\/\/dev.baylabel.eu\/en\/wp-json\/wp\/v2\/product_cat?post=13329"},{"taxonomy":"product_tag","embeddable":true,"href":"https:\/\/dev.baylabel.eu\/en\/wp-json\/wp\/v2\/product_tag?post=13329"}],"curies":[{"name":"wp","href":"https:\/\/api.w.org\/{rel}","templated":true}]}}