{"id":1355,"date":"2020-05-14T01:48:36","date_gmt":"2020-05-13T23:48:36","guid":{"rendered":"http:\/\/eyfciph.cluster028.hosting.ovh.net\/?post_type=product&#038;p=1355"},"modified":"2025-07-23T11:26:44","modified_gmt":"2025-07-23T09:26:44","slug":"szelki-super-hero","status":"publish","type":"product","link":"https:\/\/dev.baylabel.eu\/en\/product\/szelki-super-hero\/","title":{"rendered":"Dog Harness \u2013 Super Hero"},"content":{"rendered":"<p><strong>Super Hero<\/strong>\u00a0\u2013 I zosta\u0144 bohaterem w swoim domu! =)\u00a0 Ten wz\u00f3r zosta\u0142 zaprojektowany dla wszystkich prawdziwych psich superbohater\u00f3w. Ka\u017cdy ma na pewno swoj\u0105 super moc, kt\u00f3ra w po\u0142\u0105czeniu z wypasionym strojem, stworzy z niego legendarn\u0105 posta\u0107!<\/p>\n<p><strong>ta\u015bma:<\/strong>\u00a0mocna, g\u0142adka ta\u015bma z naszym autorskim wzorem, kt\u00f3ra zachowuje sw\u00f3j wygl\u0105d na d\u0142ugo. Bardzo \u0142atwa w czyszczeniu i piel\u0119gnacji.<\/p>\n<p><strong>okucia:<\/strong>\u00a0metalowe elementy zosta\u0142y pokryte czarnym kolorem zabezpieczaj\u0105cym akcesoria przed korozj\u0105.<\/p>","protected":false},"excerpt":{"rendered":"<p>Super Hero\u00a0\u2013 I zosta\u0144 bohaterem w swoim domu! =)\u00a0 Ten wz\u00f3r zosta\u0142 zaprojektowany dla wszystkich prawdziwych psich superbohater\u00f3w. Ka\u017cdy ma na pewno swoj\u0105 super moc, kt\u00f3ra w po\u0142\u0105czeniu z wypasionym strojem, stworzy z niego legendarn\u0105 posta\u0107! ta\u015bma:\u00a0mocna, g\u0142adka ta\u015bma z naszym autorskim wzorem, kt\u00f3ra zachowuje sw\u00f3j wygl\u0105d na d\u0142ugo. Bardzo \u0142atwa w czyszczeniu i piel\u0119gnacji. [&hellip;]<\/p>","protected":false},"featured_media":1357,"template":"","meta":{"_acf_changed":false,"inline_featured_image":false},"product_brand":[],"product_cat":[196,64],"product_tag":[],"class_list":{"0":"post-1355","1":"product","2":"type-product","3":"status-publish","4":"has-post-thumbnail","6":"product_cat-super-hero","7":"product_cat-szelki","9":"first","10":"instock","11":"taxable","12":"shipping-taxable","13":"purchasable","14":"product-type-variable"},"acf":[],"_links":{"self":[{"href":"https:\/\/dev.baylabel.eu\/en\/wp-json\/wp\/v2\/product\/1355","targetHints":{"allow":["GET"]}}],"collection":[{"href":"https:\/\/dev.baylabel.eu\/en\/wp-json\/wp\/v2\/product"}],"about":[{"href":"https:\/\/dev.baylabel.eu\/en\/wp-json\/wp\/v2\/types\/product"}],"wp:featuredmedia":[{"embeddable":true,"href":"https:\/\/dev.baylabel.eu\/en\/wp-json\/wp\/v2\/media\/1357"}],"wp:attachment":[{"href":"https:\/\/dev.baylabel.eu\/en\/wp-json\/wp\/v2\/media?parent=1355"}],"wp:term":[{"taxonomy":"product_brand","embeddable":true,"href":"https:\/\/dev.baylabel.eu\/en\/wp-json\/wp\/v2\/product_brand?post=1355"},{"taxonomy":"product_cat","embeddable":true,"href":"https:\/\/dev.baylabel.eu\/en\/wp-json\/wp\/v2\/product_cat?post=1355"},{"taxonomy":"product_tag","embeddable":true,"href":"https:\/\/dev.baylabel.eu\/en\/wp-json\/wp\/v2\/product_tag?post=1355"}],"curies":[{"name":"wp","href":"https:\/\/api.w.org\/{rel}","templated":true}]}}