{"id":13836,"date":"2022-11-30T15:35:36","date_gmt":"2022-11-30T14:35:36","guid":{"rendered":"https:\/\/frydxvs.cluster030.hosting.ovh.net\/?post_type=product&#038;p=13836"},"modified":"2025-07-22T13:18:56","modified_gmt":"2025-07-22T11:18:56","slug":"kurtka-softshell-dla-psa-blacknwhite","status":"publish","type":"product","link":"https:\/\/dev.baylabel.eu\/en\/product\/kurtka-softshell-dla-psa-blacknwhite\/","title":{"rendered":"Kurtka Softshell &#8211; Black`n`White"},"content":{"rendered":"<p>Kurteczka dla psa odszyta z softshellu, kt\u00f3ry skutecznie chroni przed wiatrem, m\u017cawk\u0105 i zachowuje bardzo wysoki poziom oddychalno\u015bci. Od spodu kurteczk\u0119 ocieplili\u015bmy cieplutkim polarkiem minky, aby pieski by\u0142y przyjemnie ogrzane. To co jest fantastycznego w naszych kurteczkach to \u0142atwo\u015b\u0107 w zak\u0142adaniu oraz wszyte szeleczki w konstrukcje ubranka dla psa, \u017ceby\u015bcie mogli szybko i sprawnie wyj\u015b\u0107 na spacerek. Polecamy wszystkim zmarzluchom!<\/p>","protected":false},"excerpt":{"rendered":"<p>Kurteczka dla psa odszyta z softshellu, kt\u00f3ry skutecznie chroni przed wiatrem, m\u017cawk\u0105 i zachowuje bardzo wysoki poziom oddychalno\u015bci. Od spodu kurteczk\u0119 ocieplili\u015bmy cieplutkim polarkiem minky, aby pieski by\u0142y przyjemnie ogrzane. To co jest fantastycznego w naszych kurteczkach to \u0142atwo\u015b\u0107 w zak\u0142adaniu oraz wszyte szeleczki w konstrukcje ubranka dla psa, \u017ceby\u015bcie mogli szybko i sprawnie wyj\u015b\u0107 [&hellip;]<\/p>","protected":false},"featured_media":13843,"template":"","meta":{"_acf_changed":false,"inline_featured_image":false},"product_brand":[],"product_cat":[138,113,112],"product_tag":[],"class_list":{"0":"post-13836","1":"product","2":"type-product","3":"status-publish","4":"has-post-thumbnail","6":"product_cat-blacknwhite","7":"product_cat-softshell","8":"product_cat-ubranka","10":"first","11":"instock","12":"taxable","13":"shipping-taxable","14":"purchasable","15":"product-type-variable"},"acf":[],"_links":{"self":[{"href":"https:\/\/dev.baylabel.eu\/en\/wp-json\/wp\/v2\/product\/13836","targetHints":{"allow":["GET"]}}],"collection":[{"href":"https:\/\/dev.baylabel.eu\/en\/wp-json\/wp\/v2\/product"}],"about":[{"href":"https:\/\/dev.baylabel.eu\/en\/wp-json\/wp\/v2\/types\/product"}],"wp:featuredmedia":[{"embeddable":true,"href":"https:\/\/dev.baylabel.eu\/en\/wp-json\/wp\/v2\/media\/13843"}],"wp:attachment":[{"href":"https:\/\/dev.baylabel.eu\/en\/wp-json\/wp\/v2\/media?parent=13836"}],"wp:term":[{"taxonomy":"product_brand","embeddable":true,"href":"https:\/\/dev.baylabel.eu\/en\/wp-json\/wp\/v2\/product_brand?post=13836"},{"taxonomy":"product_cat","embeddable":true,"href":"https:\/\/dev.baylabel.eu\/en\/wp-json\/wp\/v2\/product_cat?post=13836"},{"taxonomy":"product_tag","embeddable":true,"href":"https:\/\/dev.baylabel.eu\/en\/wp-json\/wp\/v2\/product_tag?post=13836"}],"curies":[{"name":"wp","href":"https:\/\/api.w.org\/{rel}","templated":true}]}}