{"id":14385,"date":"2023-04-07T09:45:51","date_gmt":"2023-04-07T07:45:51","guid":{"rendered":"https:\/\/frydxvs.cluster030.hosting.ovh.net\/?post_type=product&#038;p=14385"},"modified":"2025-07-22T13:15:11","modified_gmt":"2025-07-22T11:15:11","slug":"smycz-przepinana-white-hearts","status":"publish","type":"product","link":"https:\/\/dev.baylabel.eu\/en\/product\/smycz-przepinana-white-hearts\/","title":{"rendered":"Smycz Przepinana &#8211; White Hearts"},"content":{"rendered":"<p><strong>White Hearts<\/strong> \u2013 Wz\u00f3r ten zosta\u0142 zaprojektowany dla wszystkich os\u00f3b, kt\u00f3re posiadaj\u0105 czworono\u017cne: \u201cukochane kochade\u0142ko\u201d, \u201ck\u0142\u0119buszek mi\u0142o\u015bci\u201d, \u201cpuchowe serduszko\u201d, itp. Je\u015bli jeste\u015b w\u0142a\u015bcicielem, kt\u00f3ry uwielbia s\u0142odzi\u0107 swojemu pupilowi, to wz\u00f3r idealny dla Was! Mimo ogromnego wyboru wzor\u00f3w, nie da si\u0119 by\u0107 oboj\u0119tnym wobec tych serduszek. Okazuj\u0105 one w prosty spos\u00f3b jak bardzo jeste\u015bcie zwi\u0105zani ze swoim psim przyjacielem.<\/p>\n<p><strong>ta\u015bma:<\/strong>\u00a0mocna, g\u0142adka ta\u015bma z naszym autorskim wzorem, kt\u00f3ra zachowuje sw\u00f3j wygl\u0105d na d\u0142ugo. Bardzo \u0142atwa w czyszczeniu i piel\u0119gnacji. Szeroko\u015b\u0107 2,5 cm nadaje si\u0119 do ps\u00f3w wi\u0119kszych, lub silnie ci\u0105gn\u0105cych na spacerze, dla mniejszych polecamy szeroko\u015b\u0107 2 cm lub 1,5 cm, g\u0142\u00f3wnie przez r\u00f3\u017cnic\u0119 w wielko\u015bci i ci\u0119\u017carze karabink\u00f3w.<\/p>\n<p><strong>okucia:<\/strong>\u00a0metalowe elementy zosta\u0142y pokryte czarnym kolorem zabezpieczaj\u0105cym akcesoria przed korozj\u0105.<\/p>","protected":false},"excerpt":{"rendered":"<p>White Hearts \u2013 Wz\u00f3r ten zosta\u0142 zaprojektowany dla wszystkich os\u00f3b, kt\u00f3re posiadaj\u0105 czworono\u017cne: \u201cukochane kochade\u0142ko\u201d, \u201ck\u0142\u0119buszek mi\u0142o\u015bci\u201d, \u201cpuchowe serduszko\u201d, itp. Je\u015bli jeste\u015b w\u0142a\u015bcicielem, kt\u00f3ry uwielbia s\u0142odzi\u0107 swojemu pupilowi, to wz\u00f3r idealny dla Was! Mimo ogromnego wyboru wzor\u00f3w, nie da si\u0119 by\u0107 oboj\u0119tnym wobec tych serduszek. Okazuj\u0105 one w prosty spos\u00f3b jak bardzo jeste\u015bcie zwi\u0105zani ze [&hellip;]<\/p>","protected":false},"featured_media":14392,"template":"","meta":{"_acf_changed":false,"inline_featured_image":false},"product_brand":[],"product_cat":[53,60,203],"product_tag":[],"class_list":{"0":"post-14385","1":"product","2":"type-product","3":"status-publish","4":"has-post-thumbnail","6":"product_cat-smycz","7":"product_cat-smycz-przepinana","8":"product_cat-white-hearts","10":"first","11":"instock","12":"taxable","13":"shipping-taxable","14":"purchasable","15":"product-type-variable"},"acf":[],"_links":{"self":[{"href":"https:\/\/dev.baylabel.eu\/en\/wp-json\/wp\/v2\/product\/14385","targetHints":{"allow":["GET"]}}],"collection":[{"href":"https:\/\/dev.baylabel.eu\/en\/wp-json\/wp\/v2\/product"}],"about":[{"href":"https:\/\/dev.baylabel.eu\/en\/wp-json\/wp\/v2\/types\/product"}],"wp:featuredmedia":[{"embeddable":true,"href":"https:\/\/dev.baylabel.eu\/en\/wp-json\/wp\/v2\/media\/14392"}],"wp:attachment":[{"href":"https:\/\/dev.baylabel.eu\/en\/wp-json\/wp\/v2\/media?parent=14385"}],"wp:term":[{"taxonomy":"product_brand","embeddable":true,"href":"https:\/\/dev.baylabel.eu\/en\/wp-json\/wp\/v2\/product_brand?post=14385"},{"taxonomy":"product_cat","embeddable":true,"href":"https:\/\/dev.baylabel.eu\/en\/wp-json\/wp\/v2\/product_cat?post=14385"},{"taxonomy":"product_tag","embeddable":true,"href":"https:\/\/dev.baylabel.eu\/en\/wp-json\/wp\/v2\/product_tag?post=14385"}],"curies":[{"name":"wp","href":"https:\/\/api.w.org\/{rel}","templated":true}]}}