{"id":1457,"date":"2020-05-14T02:23:38","date_gmt":"2020-05-14T00:23:38","guid":{"rendered":"http:\/\/eyfciph.cluster028.hosting.ovh.net\/?post_type=product&#038;p=1457"},"modified":"2025-07-23T11:19:50","modified_gmt":"2025-07-23T09:19:50","slug":"obroza-polzaciskowa-skullsnroses","status":"publish","type":"product","link":"https:\/\/dev.baylabel.eu\/en\/product\/obroza-polzaciskowa-skullsnroses\/","title":{"rendered":"Half-Clamp Collar \u2013 Skulls`n`Roses"},"content":{"rendered":"<p><strong>S<\/strong> (31-35cm) <strong>M<\/strong> (34-45cm) <strong>L<\/strong> (40-55cm) <strong>XL<\/strong> (45-65cm)<\/p>\n<p><strong>Skulls and Roses<\/strong>\u00a0\u2013 To wz\u00f3r dla prawdziwych fan\u00f3w rocka, je\u015bli\u00a0 razem z psem lubicie te klimaty, to wz\u00f3r w\u0142a\u015bnie dla Was!<\/p>\n<p><strong>ta\u015bma:<\/strong>\u00a0mocna, g\u0142adka ta\u015bma z naszym autorskim wzorem, kt\u00f3ra zachowuje sw\u00f3j wygl\u0105d na d\u0142ugo. Bardzo \u0142atwa w czyszczeniu i piel\u0119gnacji.<\/p>\n<p><strong>okucia:<\/strong>\u00a0metalowe elementy zosta\u0142y pokryte czarnym kolorem zabezpieczaj\u0105cym akcesoria przed korozj\u0105.<\/p>","protected":false},"excerpt":{"rendered":"<p>S (31-35cm) M (34-45cm) L (40-55cm) XL (45-65cm) Skulls and Roses\u00a0\u2013 To wz\u00f3r dla prawdziwych fan\u00f3w rocka, je\u015bli\u00a0 razem z psem lubicie te klimaty, to wz\u00f3r w\u0142a\u015bnie dla Was! ta\u015bma:\u00a0mocna, g\u0142adka ta\u015bma z naszym autorskim wzorem, kt\u00f3ra zachowuje sw\u00f3j wygl\u0105d na d\u0142ugo. Bardzo \u0142atwa w czyszczeniu i piel\u0119gnacji. okucia:\u00a0metalowe elementy zosta\u0142y pokryte czarnym kolorem zabezpieczaj\u0105cym [&hellip;]<\/p>","protected":false},"featured_media":1459,"template":"","meta":{"_acf_changed":false,"inline_featured_image":false},"product_brand":[],"product_cat":[49,59,192],"product_tag":[],"class_list":{"0":"post-1457","1":"product","2":"type-product","3":"status-publish","4":"has-post-thumbnail","6":"product_cat-obroze","7":"product_cat-obroza-polzaciskowa","8":"product_cat-skullsnroses","10":"first","11":"instock","12":"taxable","13":"shipping-taxable","14":"purchasable","15":"product-type-variable"},"acf":[],"_links":{"self":[{"href":"https:\/\/dev.baylabel.eu\/en\/wp-json\/wp\/v2\/product\/1457","targetHints":{"allow":["GET"]}}],"collection":[{"href":"https:\/\/dev.baylabel.eu\/en\/wp-json\/wp\/v2\/product"}],"about":[{"href":"https:\/\/dev.baylabel.eu\/en\/wp-json\/wp\/v2\/types\/product"}],"wp:featuredmedia":[{"embeddable":true,"href":"https:\/\/dev.baylabel.eu\/en\/wp-json\/wp\/v2\/media\/1459"}],"wp:attachment":[{"href":"https:\/\/dev.baylabel.eu\/en\/wp-json\/wp\/v2\/media?parent=1457"}],"wp:term":[{"taxonomy":"product_brand","embeddable":true,"href":"https:\/\/dev.baylabel.eu\/en\/wp-json\/wp\/v2\/product_brand?post=1457"},{"taxonomy":"product_cat","embeddable":true,"href":"https:\/\/dev.baylabel.eu\/en\/wp-json\/wp\/v2\/product_cat?post=1457"},{"taxonomy":"product_tag","embeddable":true,"href":"https:\/\/dev.baylabel.eu\/en\/wp-json\/wp\/v2\/product_tag?post=1457"}],"curies":[{"name":"wp","href":"https:\/\/api.w.org\/{rel}","templated":true}]}}