{"id":15201,"date":"2023-08-21T14:06:14","date_gmt":"2023-08-21T12:06:14","guid":{"rendered":"https:\/\/dev.baylabel.eu\/?post_type=product&#038;p=15201"},"modified":"2025-07-22T10:50:38","modified_gmt":"2025-07-22T08:50:38","slug":"smycz-miejska-hi-babe","status":"publish","type":"product","link":"https:\/\/dev.baylabel.eu\/en\/product\/smycz-miejska-hi-babe\/","title":{"rendered":"Smycz Miejska &#8211; Hi Babe"},"content":{"rendered":"<p><strong>ta\u015bma:<\/strong>\u00a0mocna, g\u0142adka ta\u015bma z naszym autorskim wzorem, kt\u00f3ra zachowuje sw\u00f3j wygl\u0105d na d\u0142ugo. Bardzo \u0142atwa w czyszczeniu i piel\u0119gnacji. Szeroko\u015b\u0107 2,5 cm nadaje si\u0119 do ps\u00f3w wi\u0119kszych, lub silnie ci\u0105gn\u0105cych na spacerze, dla mniejszych polecamy szeroko\u015b\u0107 2 cm lub 1,5 cm, g\u0142\u00f3wnie przez r\u00f3\u017cnic\u0119 w wielko\u015bci i ci\u0119\u017carze karabink\u00f3w.<\/p>\n<p><strong>okucia:<\/strong>\u00a0metalowe elementy zosta\u0142y pokryte czarnym kolorem zabezpieczaj\u0105cym akcesoria przed korozj\u0105.<\/p>\n<p><strong>ta\u015bma zadrukowana dwustronnie<\/strong><\/p>","protected":false},"excerpt":{"rendered":"<p>ta\u015bma:\u00a0mocna, g\u0142adka ta\u015bma z naszym autorskim wzorem, kt\u00f3ra zachowuje sw\u00f3j wygl\u0105d na d\u0142ugo. Bardzo \u0142atwa w czyszczeniu i piel\u0119gnacji. Szeroko\u015b\u0107 2,5 cm nadaje si\u0119 do ps\u00f3w wi\u0119kszych, lub silnie ci\u0105gn\u0105cych na spacerze, dla mniejszych polecamy szeroko\u015b\u0107 2 cm lub 1,5 cm, g\u0142\u00f3wnie przez r\u00f3\u017cnic\u0119 w wielko\u015bci i ci\u0119\u017carze karabink\u00f3w. okucia:\u00a0metalowe elementy zosta\u0142y pokryte czarnym kolorem [&hellip;]<\/p>","protected":false},"featured_media":15200,"template":"","meta":{"_acf_changed":false,"inline_featured_image":false},"product_brand":[],"product_cat":[156,53,54],"product_tag":[],"class_list":{"0":"post-15201","1":"product","2":"type-product","3":"status-publish","4":"has-post-thumbnail","6":"product_cat-hi-babe","7":"product_cat-smycz","8":"product_cat-smycz-miejska","10":"first","11":"instock","12":"taxable","13":"shipping-taxable","14":"purchasable","15":"product-type-variable"},"acf":[],"_links":{"self":[{"href":"https:\/\/dev.baylabel.eu\/en\/wp-json\/wp\/v2\/product\/15201","targetHints":{"allow":["GET"]}}],"collection":[{"href":"https:\/\/dev.baylabel.eu\/en\/wp-json\/wp\/v2\/product"}],"about":[{"href":"https:\/\/dev.baylabel.eu\/en\/wp-json\/wp\/v2\/types\/product"}],"wp:featuredmedia":[{"embeddable":true,"href":"https:\/\/dev.baylabel.eu\/en\/wp-json\/wp\/v2\/media\/15200"}],"wp:attachment":[{"href":"https:\/\/dev.baylabel.eu\/en\/wp-json\/wp\/v2\/media?parent=15201"}],"wp:term":[{"taxonomy":"product_brand","embeddable":true,"href":"https:\/\/dev.baylabel.eu\/en\/wp-json\/wp\/v2\/product_brand?post=15201"},{"taxonomy":"product_cat","embeddable":true,"href":"https:\/\/dev.baylabel.eu\/en\/wp-json\/wp\/v2\/product_cat?post=15201"},{"taxonomy":"product_tag","embeddable":true,"href":"https:\/\/dev.baylabel.eu\/en\/wp-json\/wp\/v2\/product_tag?post=15201"}],"curies":[{"name":"wp","href":"https:\/\/api.w.org\/{rel}","templated":true}]}}