{"id":15401,"date":"2023-09-25T12:54:12","date_gmt":"2023-09-25T10:54:12","guid":{"rendered":"https:\/\/dev.baylabel.eu\/?post_type=product&#038;p=15401"},"modified":"2025-07-22T10:49:07","modified_gmt":"2025-07-22T08:49:07","slug":"saszetka-na-smakolyki-dla-psa-cyrk-na-kolkach","status":"publish","type":"product","link":"https:\/\/dev.baylabel.eu\/en\/product\/saszetka-na-smakolyki-dla-psa-cyrk-na-kolkach\/","title":{"rendered":"Saszetka na smako\u0142yki dla psa Cyrk na K\u00f3\u0142kach"},"content":{"rendered":"<p>\u015arednica ok. 10 cm<br \/>\nWysoko\u015b\u0107 ok. 13 cm<\/p>","protected":false},"excerpt":{"rendered":"<p>\u015arednica ok. 10 cm Wysoko\u015b\u0107 ok. 13 cm<\/p>","protected":false},"featured_media":15402,"template":"","meta":{"_acf_changed":false,"inline_featured_image":false},"product_brand":[],"product_cat":[146,71],"product_tag":[],"class_list":{"0":"post-15401","1":"product","2":"type-product","3":"status-publish","4":"has-post-thumbnail","6":"product_cat-cyrk-na-kolkach","7":"product_cat-saszetki","9":"first","10":"instock","11":"taxable","12":"shipping-taxable","13":"purchasable","14":"product-type-simple"},"acf":[],"_links":{"self":[{"href":"https:\/\/dev.baylabel.eu\/en\/wp-json\/wp\/v2\/product\/15401","targetHints":{"allow":["GET"]}}],"collection":[{"href":"https:\/\/dev.baylabel.eu\/en\/wp-json\/wp\/v2\/product"}],"about":[{"href":"https:\/\/dev.baylabel.eu\/en\/wp-json\/wp\/v2\/types\/product"}],"wp:featuredmedia":[{"embeddable":true,"href":"https:\/\/dev.baylabel.eu\/en\/wp-json\/wp\/v2\/media\/15402"}],"wp:attachment":[{"href":"https:\/\/dev.baylabel.eu\/en\/wp-json\/wp\/v2\/media?parent=15401"}],"wp:term":[{"taxonomy":"product_brand","embeddable":true,"href":"https:\/\/dev.baylabel.eu\/en\/wp-json\/wp\/v2\/product_brand?post=15401"},{"taxonomy":"product_cat","embeddable":true,"href":"https:\/\/dev.baylabel.eu\/en\/wp-json\/wp\/v2\/product_cat?post=15401"},{"taxonomy":"product_tag","embeddable":true,"href":"https:\/\/dev.baylabel.eu\/en\/wp-json\/wp\/v2\/product_tag?post=15401"}],"curies":[{"name":"wp","href":"https:\/\/api.w.org\/{rel}","templated":true}]}}