{"id":15456,"date":"2023-09-25T13:53:01","date_gmt":"2023-09-25T11:53:01","guid":{"rendered":"https:\/\/dev.baylabel.eu\/?post_type=product&#038;p=15456"},"modified":"2025-07-22T10:48:04","modified_gmt":"2025-07-22T08:48:04","slug":"bandamka-cyrk-na-kolkach","status":"publish","type":"product","link":"https:\/\/dev.baylabel.eu\/en\/product\/bandamka-cyrk-na-kolkach\/","title":{"rendered":"Bandamka &#8211; Cyrk na K\u00f3\u0142kach"},"content":{"rendered":"<p><b>Cyrk na K\u00f3\u0142kach<\/b><\/p>\n<p>Bandana jest dwustronna, z jednej strony s\u0105 jednoro\u017cce na mi\u0119towym tle z drugiej na r\u00f3\u017cowym.<\/p>\n<p><strong>Size XS:<\/strong>\u00a0d\u0142ugo\u015b\u0107 ok. 8 cm, szeroko\u015b\u0107 ok. 10 cm<\/p>\n<p><strong>Size S:<\/strong>\u00a0d\u0142ugo\u015b\u0107 ok. 12 cm, szeroko\u015b\u0107 ok. 17 cm<\/p>\n<p><strong>Size M:<\/strong>\u00a0d\u0142ugo\u015b\u0107 ok. 15 cm, szeroko\u015b\u0107 ok. 22 cm<\/p>\n<p><strong>Size L:<\/strong>\u00a0d\u0142ugo\u015b\u0107 ok. 18 cm, szeroko\u015b\u0107 ok. 25 cm<\/p>\n<div class=\"vc_row wpb_row vc_row-fluid\">\n<div class=\"wpb_column vc_column_container vc_col-sm-12\">\n<div class=\"vc_column-inner\">\n<div class=\"wpb_wrapper\">\n<div class=\"wpb_text_column wpb_content_element\">\n<div class=\"wpb_wrapper\">\n<p>Due to the differences in the structure of the material, the colors of the prints may differ from the colors of the tapes.<\/p>\n<\/div>\n<\/div>\n<\/div>\n<\/div>\n<\/div>\n<\/div>","protected":false},"excerpt":{"rendered":"<p>Cyrk na K\u00f3\u0142kach Bandana jest dwustronna, z jednej strony s\u0105 jednoro\u017cce na mi\u0119towym tle z drugiej na r\u00f3\u017cowym. Rozmiar XS:\u00a0d\u0142ugo\u015b\u0107 ok. 8 cm, szeroko\u015b\u0107 ok. 10 cm Rozmiar S:\u00a0d\u0142ugo\u015b\u0107 ok. 12 cm, szeroko\u015b\u0107 ok. 17 cm Rozmiar M:\u00a0d\u0142ugo\u015b\u0107 ok. 15 cm, szeroko\u015b\u0107 ok. 22 cm Rozmiar L:\u00a0d\u0142ugo\u015b\u0107 ok. 18 cm, szeroko\u015b\u0107 ok. 25 cm Ze [&hellip;]<\/p>","protected":false},"featured_media":15461,"template":"","meta":{"_acf_changed":false,"inline_featured_image":false},"product_brand":[],"product_cat":[47,146],"product_tag":[],"class_list":{"0":"post-15456","1":"product","2":"type-product","3":"status-publish","4":"has-post-thumbnail","6":"product_cat-bandamy","7":"product_cat-cyrk-na-kolkach","9":"first","10":"instock","11":"taxable","12":"shipping-taxable","13":"purchasable","14":"product-type-variable"},"acf":[],"_links":{"self":[{"href":"https:\/\/dev.baylabel.eu\/en\/wp-json\/wp\/v2\/product\/15456","targetHints":{"allow":["GET"]}}],"collection":[{"href":"https:\/\/dev.baylabel.eu\/en\/wp-json\/wp\/v2\/product"}],"about":[{"href":"https:\/\/dev.baylabel.eu\/en\/wp-json\/wp\/v2\/types\/product"}],"wp:featuredmedia":[{"embeddable":true,"href":"https:\/\/dev.baylabel.eu\/en\/wp-json\/wp\/v2\/media\/15461"}],"wp:attachment":[{"href":"https:\/\/dev.baylabel.eu\/en\/wp-json\/wp\/v2\/media?parent=15456"}],"wp:term":[{"taxonomy":"product_brand","embeddable":true,"href":"https:\/\/dev.baylabel.eu\/en\/wp-json\/wp\/v2\/product_brand?post=15456"},{"taxonomy":"product_cat","embeddable":true,"href":"https:\/\/dev.baylabel.eu\/en\/wp-json\/wp\/v2\/product_cat?post=15456"},{"taxonomy":"product_tag","embeddable":true,"href":"https:\/\/dev.baylabel.eu\/en\/wp-json\/wp\/v2\/product_tag?post=15456"}],"curies":[{"name":"wp","href":"https:\/\/api.w.org\/{rel}","templated":true}]}}