{"id":16226,"date":"2024-01-06T21:35:21","date_gmt":"2024-01-06T20:35:21","guid":{"rendered":"https:\/\/dev.baylabel.eu\/?post_type=product&#038;p=16226"},"modified":"2025-07-22T10:09:24","modified_gmt":"2025-07-22T08:09:24","slug":"bandana-dla-psa-mon-cheri","status":"publish","type":"product","link":"https:\/\/dev.baylabel.eu\/en\/product\/bandana-dla-psa-mon-cheri\/","title":{"rendered":"Bandana dla psa Mon Ch\u00e9ri"},"content":{"rendered":"<p><strong>Bandana dla psa Mon Ch\u00e9ri<\/strong><\/p>\n<p><strong>Size XS:<\/strong>\u00a0d\u0142ugo\u015b\u0107 ok. 8 cm, szeroko\u015b\u0107 ok. 10 cm<\/p>\n<p><strong>Size S:<\/strong>\u00a0d\u0142ugo\u015b\u0107 ok. 12 cm, szeroko\u015b\u0107 ok. 17 cm<\/p>\n<p><strong>Size M:<\/strong>\u00a0d\u0142ugo\u015b\u0107 ok. 15 cm, szeroko\u015b\u0107 ok. 22 cm<\/p>\n<p><strong>Size L:<\/strong>\u00a0d\u0142ugo\u015b\u0107 ok. 18 cm, szeroko\u015b\u0107 ok. 25 cm<\/p>\n<div class=\"vc_row wpb_row vc_row-fluid\">\n<div class=\"wpb_column vc_column_container vc_col-sm-12\">\n<div class=\"vc_column-inner\">\n<div class=\"wpb_wrapper\">\n<div class=\"wpb_text_column wpb_content_element\">\n<div class=\"wpb_wrapper\">\n<p>Due to the differences in the structure of the material, the colors of the prints may differ from the colors of the tapes.<\/p>\n<\/div>\n<\/div>\n<\/div>\n<\/div>\n<\/div>\n<\/div>","protected":false},"excerpt":{"rendered":"<p>Bandana dla psa Mon Ch\u00e9ri Rozmiar XS:\u00a0d\u0142ugo\u015b\u0107 ok. 8 cm, szeroko\u015b\u0107 ok. 10 cm Rozmiar S:\u00a0d\u0142ugo\u015b\u0107 ok. 12 cm, szeroko\u015b\u0107 ok. 17 cm Rozmiar M:\u00a0d\u0142ugo\u015b\u0107 ok. 15 cm, szeroko\u015b\u0107 ok. 22 cm Rozmiar L:\u00a0d\u0142ugo\u015b\u0107 ok. 18 cm, szeroko\u015b\u0107 ok. 25 cm Ze wzgl\u0119du na r\u00f3\u017cnice w strukturze materia\u0142u, kolory nadruk\u00f3w mog\u0105 si\u0119 r\u00f3\u017cnic od kolor\u00f3w [&hellip;]<\/p>","protected":false},"featured_media":16231,"template":"","meta":{"_acf_changed":false,"inline_featured_image":false},"product_brand":[],"product_cat":[47,168],"product_tag":[],"class_list":{"0":"post-16226","1":"product","2":"type-product","3":"status-publish","4":"has-post-thumbnail","6":"product_cat-bandamy","7":"product_cat-mon-cheri","9":"first","10":"instock","11":"taxable","12":"shipping-taxable","13":"purchasable","14":"product-type-variable"},"acf":[],"_links":{"self":[{"href":"https:\/\/dev.baylabel.eu\/en\/wp-json\/wp\/v2\/product\/16226","targetHints":{"allow":["GET"]}}],"collection":[{"href":"https:\/\/dev.baylabel.eu\/en\/wp-json\/wp\/v2\/product"}],"about":[{"href":"https:\/\/dev.baylabel.eu\/en\/wp-json\/wp\/v2\/types\/product"}],"wp:featuredmedia":[{"embeddable":true,"href":"https:\/\/dev.baylabel.eu\/en\/wp-json\/wp\/v2\/media\/16231"}],"wp:attachment":[{"href":"https:\/\/dev.baylabel.eu\/en\/wp-json\/wp\/v2\/media?parent=16226"}],"wp:term":[{"taxonomy":"product_brand","embeddable":true,"href":"https:\/\/dev.baylabel.eu\/en\/wp-json\/wp\/v2\/product_brand?post=16226"},{"taxonomy":"product_cat","embeddable":true,"href":"https:\/\/dev.baylabel.eu\/en\/wp-json\/wp\/v2\/product_cat?post=16226"},{"taxonomy":"product_tag","embeddable":true,"href":"https:\/\/dev.baylabel.eu\/en\/wp-json\/wp\/v2\/product_tag?post=16226"}],"curies":[{"name":"wp","href":"https:\/\/api.w.org\/{rel}","templated":true}]}}