{"id":16299,"date":"2024-01-06T23:17:36","date_gmt":"2024-01-06T22:17:36","guid":{"rendered":"https:\/\/dev.baylabel.eu\/?post_type=product&#038;p=16299"},"modified":"2025-07-22T10:06:10","modified_gmt":"2025-07-22T08:06:10","slug":"szelki-dla-kota-mon-cheri","status":"publish","type":"product","link":"https:\/\/dev.baylabel.eu\/en\/product\/szelki-dla-kota-mon-cheri\/","title":{"rendered":"Szelki dla kota Mon CH\u00c9RI"},"content":{"rendered":"<p><strong>Szelki dla kota Mon CH\u00c9RI<\/strong><\/p>\n<p><strong>ta\u015bma:<\/strong>\u00a0mocna, g\u0142adka ta\u015bma z naszym autorskim wzorem, kt\u00f3ra zachowuje sw\u00f3j wygl\u0105d na d\u0142ugo. Bardzo \u0142atwa w czyszczeniu i piel\u0119gnacji.<\/p>\n<p><strong>okucia:<\/strong>\u00a0metalowe elementy zosta\u0142y pokryte czarnym kolorem zabezpieczaj\u0105cym akcesoria przed korozj\u0105.<\/p>\n<p><strong>ta\u015bma zadrukowana dwustronnie.<\/strong><\/p>","protected":false},"excerpt":{"rendered":"<p>Szelki dla kota Mon CH\u00c9RI ta\u015bma:\u00a0mocna, g\u0142adka ta\u015bma z naszym autorskim wzorem, kt\u00f3ra zachowuje sw\u00f3j wygl\u0105d na d\u0142ugo. Bardzo \u0142atwa w czyszczeniu i piel\u0119gnacji. okucia:\u00a0metalowe elementy zosta\u0142y pokryte czarnym kolorem zabezpieczaj\u0105cym akcesoria przed korozj\u0105. ta\u015bma zadrukowana dwustronnie.<\/p>","protected":false},"featured_media":16301,"template":"","meta":{"_acf_changed":false,"inline_featured_image":false},"product_brand":[],"product_cat":[168,69,68],"product_tag":[],"class_list":{"0":"post-16299","1":"product","2":"type-product","3":"status-publish","4":"has-post-thumbnail","6":"product_cat-mon-cheri","7":"product_cat-szelki-wszystkie-produkty","8":"product_cat-szelki-dla-kota","10":"first","11":"instock","12":"taxable","13":"shipping-taxable","14":"purchasable","15":"product-type-variable"},"acf":[],"_links":{"self":[{"href":"https:\/\/dev.baylabel.eu\/en\/wp-json\/wp\/v2\/product\/16299","targetHints":{"allow":["GET"]}}],"collection":[{"href":"https:\/\/dev.baylabel.eu\/en\/wp-json\/wp\/v2\/product"}],"about":[{"href":"https:\/\/dev.baylabel.eu\/en\/wp-json\/wp\/v2\/types\/product"}],"wp:featuredmedia":[{"embeddable":true,"href":"https:\/\/dev.baylabel.eu\/en\/wp-json\/wp\/v2\/media\/16301"}],"wp:attachment":[{"href":"https:\/\/dev.baylabel.eu\/en\/wp-json\/wp\/v2\/media?parent=16299"}],"wp:term":[{"taxonomy":"product_brand","embeddable":true,"href":"https:\/\/dev.baylabel.eu\/en\/wp-json\/wp\/v2\/product_brand?post=16299"},{"taxonomy":"product_cat","embeddable":true,"href":"https:\/\/dev.baylabel.eu\/en\/wp-json\/wp\/v2\/product_cat?post=16299"},{"taxonomy":"product_tag","embeddable":true,"href":"https:\/\/dev.baylabel.eu\/en\/wp-json\/wp\/v2\/product_tag?post=16299"}],"curies":[{"name":"wp","href":"https:\/\/api.w.org\/{rel}","templated":true}]}}