{"id":16678,"date":"2024-04-24T09:44:37","date_gmt":"2024-04-24T07:44:37","guid":{"rendered":"https:\/\/dev.baylabel.eu\/?post_type=product&#038;p=16678"},"modified":"2025-07-22T10:05:20","modified_gmt":"2025-07-22T08:05:20","slug":"pas-samochodowy-hi-babe","status":"publish","type":"product","link":"https:\/\/dev.baylabel.eu\/en\/product\/pas-samochodowy-hi-babe\/","title":{"rendered":"Pas Samochodowy \u2013 Hi Babe"},"content":{"rendered":"<p><strong>Samochodowy pas bezpiecze\u0144stwa<\/strong>\u00a0to jeden z najwa\u017cniejszych psich akcesori\u00f3w, poniewa\u017c zapewnia bezpiecze\u0144stwo w czasie jazdy. Przede wszystkim psiak nie porusza si\u0119 po ca\u0142ym samochodzie, co mog\u0142oby przeszkadza\u0107 lub rozprasza\u0107 kierowc\u0119 oraz nie jest nara\u017cony na spadni\u0119cie w przestrze\u0144 mi\u0119dzy przednimi, a tylnymi fotelami w czasie hamowania. Pas posiada uniwersalne zapi\u0119cie, kt\u00f3re pasuje do wi\u0119kszo\u015bci gniazd pas\u00f3w bezpiecze\u0144stwa.<\/p>\n<p>D\u0142ugo\u015b\u0107 jest regulowana \u2013 od 40 do 65 cm.<\/p>\n<p><strong>Wa\u017cne:\u00a0<\/strong>pas nie chroni psa w czasie wypadku czy st\u0142uczki do tego s\u0142u\u017c\u0105 specjalne, psie foteliki samochodowe.<\/p>","protected":false},"excerpt":{"rendered":"<p>Samochodowy pas bezpiecze\u0144stwa\u00a0to jeden z najwa\u017cniejszych psich akcesori\u00f3w, poniewa\u017c zapewnia bezpiecze\u0144stwo w czasie jazdy. Przede wszystkim psiak nie porusza si\u0119 po ca\u0142ym samochodzie, co mog\u0142oby przeszkadza\u0107 lub rozprasza\u0107 kierowc\u0119 oraz nie jest nara\u017cony na spadni\u0119cie w przestrze\u0144 mi\u0119dzy przednimi, a tylnymi fotelami w czasie hamowania. Pas posiada uniwersalne zapi\u0119cie, kt\u00f3re pasuje do wi\u0119kszo\u015bci gniazd pas\u00f3w [&hellip;]<\/p>","protected":false},"featured_media":16679,"template":"","meta":{"_acf_changed":false,"inline_featured_image":false},"product_brand":[],"product_cat":[156,58],"product_tag":[],"class_list":{"0":"post-16678","1":"product","2":"type-product","3":"status-publish","4":"has-post-thumbnail","6":"product_cat-hi-babe","7":"product_cat-pasy","9":"first","10":"instock","11":"sale","12":"taxable","13":"shipping-taxable","14":"purchasable","15":"product-type-variable"},"acf":[],"_links":{"self":[{"href":"https:\/\/dev.baylabel.eu\/en\/wp-json\/wp\/v2\/product\/16678","targetHints":{"allow":["GET"]}}],"collection":[{"href":"https:\/\/dev.baylabel.eu\/en\/wp-json\/wp\/v2\/product"}],"about":[{"href":"https:\/\/dev.baylabel.eu\/en\/wp-json\/wp\/v2\/types\/product"}],"wp:featuredmedia":[{"embeddable":true,"href":"https:\/\/dev.baylabel.eu\/en\/wp-json\/wp\/v2\/media\/16679"}],"wp:attachment":[{"href":"https:\/\/dev.baylabel.eu\/en\/wp-json\/wp\/v2\/media?parent=16678"}],"wp:term":[{"taxonomy":"product_brand","embeddable":true,"href":"https:\/\/dev.baylabel.eu\/en\/wp-json\/wp\/v2\/product_brand?post=16678"},{"taxonomy":"product_cat","embeddable":true,"href":"https:\/\/dev.baylabel.eu\/en\/wp-json\/wp\/v2\/product_cat?post=16678"},{"taxonomy":"product_tag","embeddable":true,"href":"https:\/\/dev.baylabel.eu\/en\/wp-json\/wp\/v2\/product_tag?post=16678"}],"curies":[{"name":"wp","href":"https:\/\/api.w.org\/{rel}","templated":true}]}}