{"id":16767,"date":"2024-04-26T12:44:50","date_gmt":"2024-04-26T10:44:50","guid":{"rendered":"https:\/\/dev.baylabel.eu\/?post_type=product&#038;p=16767"},"modified":"2025-07-22T10:03:32","modified_gmt":"2025-07-22T08:03:32","slug":"mata-over-the-rainbow","status":"publish","type":"product","link":"https:\/\/dev.baylabel.eu\/en\/product\/mata-over-the-rainbow\/","title":{"rendered":"Mata Over the Rainbow"},"content":{"rendered":"<p>Zapi\u0119cie na zatrzask umo\u017cliwia \u0142atwe zwini\u0119cie maty do kompaktowego rozmiaru, a dzi\u0119ki r\u0105czce \u0142atwo j\u0105 przenie\u015b\u0107.<br \/>\nJedna strona wykonana jest z wodoodpornego softshellu, przyjemnego dla sk\u00f3ry, druga odszyta zosta\u0142a z polaru minky.<br \/>\nWymairy maty po roz\u0142o\u017ceniu to 75&#215;65 cm<\/p>","protected":false},"excerpt":{"rendered":"<p>Zapi\u0119cie na zatrzask umo\u017cliwia \u0142atwe zwini\u0119cie maty do kompaktowego rozmiaru, a dzi\u0119ki r\u0105czce \u0142atwo j\u0105 przenie\u015b\u0107. Jedna strona wykonana jest z wodoodpornego softshellu, przyjemnego dla sk\u00f3ry, druga odszyta zosta\u0142a z polaru minky. Wymairy maty po roz\u0142o\u017ceniu to 75&#215;65 cm<\/p>","protected":false},"featured_media":16769,"template":"","meta":{"_acf_changed":false,"inline_featured_image":false},"product_brand":[],"product_cat":[116,172],"product_tag":[],"class_list":{"0":"post-16767","1":"product","2":"type-product","3":"status-publish","4":"has-post-thumbnail","6":"product_cat-maty","7":"product_cat-over-the-rainbow","9":"first","10":"instock","11":"taxable","12":"shipping-taxable","13":"purchasable","14":"product-type-simple"},"acf":[],"_links":{"self":[{"href":"https:\/\/dev.baylabel.eu\/en\/wp-json\/wp\/v2\/product\/16767","targetHints":{"allow":["GET"]}}],"collection":[{"href":"https:\/\/dev.baylabel.eu\/en\/wp-json\/wp\/v2\/product"}],"about":[{"href":"https:\/\/dev.baylabel.eu\/en\/wp-json\/wp\/v2\/types\/product"}],"wp:featuredmedia":[{"embeddable":true,"href":"https:\/\/dev.baylabel.eu\/en\/wp-json\/wp\/v2\/media\/16769"}],"wp:attachment":[{"href":"https:\/\/dev.baylabel.eu\/en\/wp-json\/wp\/v2\/media?parent=16767"}],"wp:term":[{"taxonomy":"product_brand","embeddable":true,"href":"https:\/\/dev.baylabel.eu\/en\/wp-json\/wp\/v2\/product_brand?post=16767"},{"taxonomy":"product_cat","embeddable":true,"href":"https:\/\/dev.baylabel.eu\/en\/wp-json\/wp\/v2\/product_cat?post=16767"},{"taxonomy":"product_tag","embeddable":true,"href":"https:\/\/dev.baylabel.eu\/en\/wp-json\/wp\/v2\/product_tag?post=16767"}],"curies":[{"name":"wp","href":"https:\/\/api.w.org\/{rel}","templated":true}]}}