{"id":1709,"date":"2020-05-14T03:16:05","date_gmt":"2020-05-14T01:16:05","guid":{"rendered":"http:\/\/eyfciph.cluster028.hosting.ovh.net\/?post_type=product&#038;p=1709"},"modified":"2025-07-23T10:07:25","modified_gmt":"2025-07-23T08:07:25","slug":"obroza-polzaciskowa-peppermints-leaves","status":"publish","type":"product","link":"https:\/\/dev.baylabel.eu\/en\/product\/obroza-polzaciskowa-peppermints-leaves\/","title":{"rendered":"Half-Clamp Collar \u2013 Peppermints Leaves"},"content":{"rendered":"<p><strong>S<\/strong> (31-35cm) <strong>M<\/strong> (34-45cm) <strong>L<\/strong> (40-55cm) <strong>XL<\/strong> (45-65cm)<\/p>\n<p><strong>Peppermint Leaves\u00a0<\/strong>\u2013\u00a0 Pi\u0119kny wz\u00f3r w kt\u00f3rym mo\u017cna zawsze czu\u0107 klimat spaceru w lesie.<\/p>\n<p><strong>ta\u015bma:<\/strong>\u00a0mocna, g\u0142adka ta\u015bma z naszym autorskim wzorem, kt\u00f3ra zachowuje sw\u00f3j wygl\u0105d na d\u0142ugo. Bardzo \u0142atwa w czyszczeniu i piel\u0119gnacji.<\/p>\n<p><strong>okucia:<\/strong>\u00a0metalowe elementy zosta\u0142y pokryte czarnym kolorem zabezpieczaj\u0105cym akcesoria przed korozj\u0105.<\/p>","protected":false},"excerpt":{"rendered":"<p>S (31-35cm) M (34-45cm) L (40-55cm) XL (45-65cm) Peppermint Leaves\u00a0\u2013\u00a0 Pi\u0119kny wz\u00f3r w kt\u00f3rym mo\u017cna zawsze czu\u0107 klimat spaceru w lesie. ta\u015bma:\u00a0mocna, g\u0142adka ta\u015bma z naszym autorskim wzorem, kt\u00f3ra zachowuje sw\u00f3j wygl\u0105d na d\u0142ugo. Bardzo \u0142atwa w czyszczeniu i piel\u0119gnacji. okucia:\u00a0metalowe elementy zosta\u0142y pokryte czarnym kolorem zabezpieczaj\u0105cym akcesoria przed korozj\u0105.<\/p>","protected":false},"featured_media":1714,"template":"","meta":{"_acf_changed":false,"inline_featured_image":false},"product_brand":[],"product_cat":[49,59,183],"product_tag":[],"class_list":{"0":"post-1709","1":"product","2":"type-product","3":"status-publish","4":"has-post-thumbnail","6":"product_cat-obroze","7":"product_cat-obroza-polzaciskowa","8":"product_cat-peppermint-leaves","10":"first","11":"instock","12":"taxable","13":"shipping-taxable","14":"purchasable","15":"product-type-variable"},"acf":[],"_links":{"self":[{"href":"https:\/\/dev.baylabel.eu\/en\/wp-json\/wp\/v2\/product\/1709","targetHints":{"allow":["GET"]}}],"collection":[{"href":"https:\/\/dev.baylabel.eu\/en\/wp-json\/wp\/v2\/product"}],"about":[{"href":"https:\/\/dev.baylabel.eu\/en\/wp-json\/wp\/v2\/types\/product"}],"wp:featuredmedia":[{"embeddable":true,"href":"https:\/\/dev.baylabel.eu\/en\/wp-json\/wp\/v2\/media\/1714"}],"wp:attachment":[{"href":"https:\/\/dev.baylabel.eu\/en\/wp-json\/wp\/v2\/media?parent=1709"}],"wp:term":[{"taxonomy":"product_brand","embeddable":true,"href":"https:\/\/dev.baylabel.eu\/en\/wp-json\/wp\/v2\/product_brand?post=1709"},{"taxonomy":"product_cat","embeddable":true,"href":"https:\/\/dev.baylabel.eu\/en\/wp-json\/wp\/v2\/product_cat?post=1709"},{"taxonomy":"product_tag","embeddable":true,"href":"https:\/\/dev.baylabel.eu\/en\/wp-json\/wp\/v2\/product_tag?post=1709"}],"curies":[{"name":"wp","href":"https:\/\/api.w.org\/{rel}","templated":true}]}}