{"id":18281,"date":"2024-07-04T16:05:03","date_gmt":"2024-07-04T14:05:03","guid":{"rendered":"https:\/\/dev.baylabel.eu\/?post_type=product&#038;p=18281"},"modified":"2025-07-23T12:10:55","modified_gmt":"2025-07-23T10:10:55","slug":"szelki-dla-psa-guard-mix-pastelove-tasty-matcha-sunny-yellow","status":"publish","type":"product","link":"https:\/\/dev.baylabel.eu\/en\/product\/szelki-dla-psa-guard-mix-pastelove-tasty-matcha-sunny-yellow\/","title":{"rendered":"Szelki dla psa guard MIX PASTELOVE TASTY MATCHA &#8211; SUNNY YELLOW"},"content":{"rendered":"<p><strong>SZELKI TYPU GUARD\u00a0<span class=\"ui-provider a b c d e f g h i j k l m n o p q r s t u v w x y z ab ac ae af ag ah ai aj ak\" dir=\"ltr\">?<\/span><\/strong><br \/>\nSzelki dla ps\u00f3w typu guard zapewniaj\u0105 nie tylko wygod\u0119 u\u017cytkowania, ale przede wszystkim bezpiecze\u0144stwo podczas spacer\u00f3w, trening\u00f3w czy innych aktywno\u015bci z psem. Ten uniwersalny model sprawdzi si\u0119 zar\u00f3wno dla ps\u00f3w ma\u0142ych, jak i du\u017cych ras, szczeniak\u00f3w, doros\u0142ych ps\u00f3w i psich senior\u00f3w.<\/p>\n<p><strong>KONSTRUKCJA SZELEK<\/strong><br \/>\nSzelki guard sk\u0142adaj\u0105 si\u0119 z dw\u00f3ch obr\u0119czy \u2013 barkowej oraz piersiowej po\u0142\u0105czonych ze sob\u0105 paskiem grzbietowym oraz mostkowym. Taka konstrukcja jest zdrowa dla psiej anatomii, nie blokuje ruchu \u0142opatek i r\u00f3wno rozk\u0142ada ci\u0119\u017car, nie obci\u0105\u017caj\u0105c przy tym kr\u0119gos\u0142upa ani staw\u00f3w psa.<\/p>\n<p><strong>MATERIA\u0141Y<\/strong><br \/>\nW naszych szelkach wykorzystali\u015bmy wytrzyma\u0142e ta\u015bmy oraz mocne, metalowe okucia, dlatego nasze akcesoria przetrwaj\u0105 tysi\u0105ce spacer\u00f3w.<\/p>\n<p><strong>ROZMIAR<\/strong><br \/>\nTylko odpowiednio dobrany rozmiar szelek gwarantuje psu bezpiecze\u0144stwo. Dokonaj dok\u0142adnych pomiar\u00f3w i sprawd\u017a w tabeli, kt\u00f3ry rozmiar b\u0119dzie odpowiedni dla Twojego psiaka. Masz w\u0105tpliwo\u015bci jak zmierzy\u0107 psa? Obejrzyj nasze filmiki instrukta\u017cowe, a je\u015bli jeszcze si\u0119 wahasz co do w\u0142a\u015bciwego rozmiaru szelek \u2013 napisz do nas \ud83d\ude42<\/p>\n<p>Dost\u0119pne szeroko\u015bci ta\u015bm: 15mm, 20 mm, 25 mm, 30 mm, 40 mm.<\/p>\n<p><strong>! W ta\u015bmach o szeroko\u015bci 15mm, 20 mm, 25 mm w obr\u0119czy zastosowana zosta\u0142a pojedyncza klamra. W przypadku szelek o szeroko\u015bci ta\u015bmy 30 mm oraz 40 mm w obr\u0119czy piersiowej s\u0105 umieszczone dwie klamry.<\/strong><\/p>\n<p>Pami\u0119taj, \u017ce zbyt w\u0105skie ta\u015bmy mog\u0105 powodowa\u0107 dyskomfort w postaci wbijania si\u0119 w cia\u0142o, natomiast zbyt szerokie ta\u015bmy mog\u0105 kr\u0119powa\u0107 ruchy psa, dlatego uwa\u017cnie dobierz ta\u015bm\u0119 do wielko\u015bci swojego psiego przyjaciela.<\/p>\n<p><strong>PERSONALIZACJA<\/strong><br \/>\nWszystkie produkty szyjemy w naszej szwalni, dlatego mo\u017cemy zaproponowa\u0107 Ci personalizacj\u0119 szelek Twojego psiaka.<\/p>\n<p>Dost\u0119pne opcje:<br \/>\n?\u00a0personalizacja rozmiaru \u2013 szelki uszyte na wymiar<br \/>\n?\u00a0r\u0105czka \u2013 dzi\u0119ki niej wygodnie przytrzymasz psa, gdy tylko zajdzie taka potrzeba<br \/>\n?\u00a0odblaski \u2013 poprawiaj\u0105 widoczno\u015b\u0107 po zmroku, zwi\u0119kszaj\u0105c bezpiecze\u0144stwo podczas wieczornych wyj\u015b\u0107<\/p>\n<p>Je\u015bli chcesz w inny spos\u00f3b zmodyfikowa\u0107 szelki \u2013 napisz, zrobimy co w naszej mocy, \u017ceby nasze produkty jak najlepiej spe\u0142nia\u0142y potrzeby Twoje i Twojego psa!<\/p>\n<p><strong>DODATKOWE AKCESORIA SPACEROWE<\/strong><br \/>\nSkompletuj idealny komplet spacerowy w Twoim ulubionym kolorze! Mo\u017cesz te\u017c dowolnie miksowa\u0107 pasteLOVE produkty w r\u00f3\u017cnych kolorach i stworzy\u0107 swoj\u0105 w\u0142asn\u0105 kombinacj\u0119.<\/p>\n<p>Podstawowy zestaw spacerowy to oczywi\u015bcie szelki i smycz \u2013 mo\u017cesz wybra\u0107 klasyczn\u0105 smycz miejsk\u0105 lub praktyczn\u0105 smycz przepinan\u0105, a je\u015bli potrzebna Ci niestandardowa d\u0142ugo\u015b\u0107 to w ramach personalizacji mo\u017cemy wyd\u0142u\u017cy\u0107 smycz nawet o 3 metry!<\/p>\n<p>Do tego warto dobra\u0107 bardzo praktyczne, przyczepiane do smyczy etui na kupoworki, kt\u00f3re rozwi\u0105zuje problem kieszeni wypchanych woreczkami czy w\u0119drowania z ca\u0142\u0105 rolk\u0105 woreczk\u00f3w w r\u0119ce. Dzi\u0119ki naszemu etui mo\u017cesz wygodnie spacerowa\u0107 ze swoim psim przyjacielem i nie stresowa\u0107 si\u0119 tym czy masz jak po nim posprz\u0105ta\u0107.<\/p>\n<p>To nie wszystko! Sw\u00f3j zestaw spacerowy mo\u017cesz dowolnie rozbudowywa\u0107.<br \/>\nSaszetka na smaczki, niezb\u0119dny podczas podr\u00f3\u017cy autem pas samochodowy, dwustronna sk\u0142adana mata dla psa, plecak, nerka, brelok \u2013 to tylko niekt\u00f3re z dost\u0119pnych w naszym sklepie designerskich akcesori\u00f3w dla ps\u00f3w i ich ludzi.<\/p>\n<p>[block id=&#8221;szelki&#8221;]<\/p>","protected":false},"excerpt":{"rendered":"<p>SZELKI TYPU GUARD\u00a0? Szelki dla ps\u00f3w typu guard zapewniaj\u0105 nie tylko wygod\u0119 u\u017cytkowania, ale przede wszystkim bezpiecze\u0144stwo podczas spacer\u00f3w, trening\u00f3w czy innych aktywno\u015bci z psem. Ten uniwersalny model sprawdzi si\u0119 zar\u00f3wno dla ps\u00f3w ma\u0142ych, jak i du\u017cych ras, szczeniak\u00f3w, doros\u0142ych ps\u00f3w i psich senior\u00f3w. KONSTRUKCJA SZELEK Szelki guard sk\u0142adaj\u0105 si\u0119 z dw\u00f3ch obr\u0119czy \u2013 barkowej [&hellip;]<\/p>","protected":false},"featured_media":18296,"template":"","meta":{"_acf_changed":false,"inline_featured_image":false},"product_brand":[],"product_cat":[173,64],"product_tag":[],"class_list":{"0":"post-18281","1":"product","2":"type-product","3":"status-publish","4":"has-post-thumbnail","6":"product_cat-pastelove","7":"product_cat-szelki","9":"first","10":"instock","11":"taxable","12":"shipping-taxable","13":"purchasable","14":"product-type-variable"},"acf":[],"_links":{"self":[{"href":"https:\/\/dev.baylabel.eu\/en\/wp-json\/wp\/v2\/product\/18281","targetHints":{"allow":["GET"]}}],"collection":[{"href":"https:\/\/dev.baylabel.eu\/en\/wp-json\/wp\/v2\/product"}],"about":[{"href":"https:\/\/dev.baylabel.eu\/en\/wp-json\/wp\/v2\/types\/product"}],"wp:featuredmedia":[{"embeddable":true,"href":"https:\/\/dev.baylabel.eu\/en\/wp-json\/wp\/v2\/media\/18296"}],"wp:attachment":[{"href":"https:\/\/dev.baylabel.eu\/en\/wp-json\/wp\/v2\/media?parent=18281"}],"wp:term":[{"taxonomy":"product_brand","embeddable":true,"href":"https:\/\/dev.baylabel.eu\/en\/wp-json\/wp\/v2\/product_brand?post=18281"},{"taxonomy":"product_cat","embeddable":true,"href":"https:\/\/dev.baylabel.eu\/en\/wp-json\/wp\/v2\/product_cat?post=18281"},{"taxonomy":"product_tag","embeddable":true,"href":"https:\/\/dev.baylabel.eu\/en\/wp-json\/wp\/v2\/product_tag?post=18281"}],"curies":[{"name":"wp","href":"https:\/\/api.w.org\/{rel}","templated":true}]}}