{"id":18365,"date":"2024-07-16T11:47:21","date_gmt":"2024-07-16T09:47:21","guid":{"rendered":"https:\/\/dev.baylabel.eu\/?post_type=product&#038;p=18365"},"modified":"2025-07-22T09:16:42","modified_gmt":"2025-07-22T07:16:42","slug":"obroza-polzaciskowa-cyrk-na-kolkach","status":"publish","type":"product","link":"https:\/\/dev.baylabel.eu\/en\/product\/obroza-polzaciskowa-cyrk-na-kolkach\/","title":{"rendered":"Obro\u017ca p\u00f3\u0142zaciskowa Cyrk na k\u00f3\u0142kach"},"content":{"rendered":"<p><strong>S<\/strong> (31-35cm) <strong>M<\/strong> (34-45cm) <strong>L<\/strong> (40-55cm) <strong>XL<\/strong> (45-65cm)<\/p>\n<p><strong>Obro\u017ca p\u00f3\u0142zaciskowa Cyrk na k\u00f3\u0142kach<\/strong><\/p>\n<p><strong>ta\u015bma:<\/strong>\u00a0mocna, g\u0142adka ta\u015bma z naszym autorskim wzorem, kt\u00f3ra zachowuje sw\u00f3j wygl\u0105d na d\u0142ugo. Bardzo \u0142atwa w czyszczeniu i piel\u0119gnacji.<\/p>\n<p><strong>okucia:<\/strong>\u00a0metalowe elementy zosta\u0142y pokryte czarnym kolorem zabezpieczaj\u0105cym akcesoria przed korozj\u0105.<\/p>\n<p><strong>ta\u015bma zadrukowana dwustronnie.<\/strong><\/p>","protected":false},"excerpt":{"rendered":"<p>S (31-35cm) M (34-45cm) L (40-55cm) XL (45-65cm) Obro\u017ca p\u00f3\u0142zaciskowa Cyrk na k\u00f3\u0142kach ta\u015bma:\u00a0mocna, g\u0142adka ta\u015bma z naszym autorskim wzorem, kt\u00f3ra zachowuje sw\u00f3j wygl\u0105d na d\u0142ugo. Bardzo \u0142atwa w czyszczeniu i piel\u0119gnacji. okucia:\u00a0metalowe elementy zosta\u0142y pokryte czarnym kolorem zabezpieczaj\u0105cym akcesoria przed korozj\u0105. ta\u015bma zadrukowana dwustronnie.<\/p>","protected":false},"featured_media":18376,"template":"","meta":{"_acf_changed":false,"inline_featured_image":false},"product_brand":[],"product_cat":[146,49,59],"product_tag":[],"class_list":{"0":"post-18365","1":"product","2":"type-product","3":"status-publish","4":"has-post-thumbnail","6":"product_cat-cyrk-na-kolkach","7":"product_cat-obroze","8":"product_cat-obroza-polzaciskowa","10":"first","11":"instock","12":"taxable","13":"shipping-taxable","14":"purchasable","15":"product-type-variable"},"acf":[],"_links":{"self":[{"href":"https:\/\/dev.baylabel.eu\/en\/wp-json\/wp\/v2\/product\/18365","targetHints":{"allow":["GET"]}}],"collection":[{"href":"https:\/\/dev.baylabel.eu\/en\/wp-json\/wp\/v2\/product"}],"about":[{"href":"https:\/\/dev.baylabel.eu\/en\/wp-json\/wp\/v2\/types\/product"}],"wp:featuredmedia":[{"embeddable":true,"href":"https:\/\/dev.baylabel.eu\/en\/wp-json\/wp\/v2\/media\/18376"}],"wp:attachment":[{"href":"https:\/\/dev.baylabel.eu\/en\/wp-json\/wp\/v2\/media?parent=18365"}],"wp:term":[{"taxonomy":"product_brand","embeddable":true,"href":"https:\/\/dev.baylabel.eu\/en\/wp-json\/wp\/v2\/product_brand?post=18365"},{"taxonomy":"product_cat","embeddable":true,"href":"https:\/\/dev.baylabel.eu\/en\/wp-json\/wp\/v2\/product_cat?post=18365"},{"taxonomy":"product_tag","embeddable":true,"href":"https:\/\/dev.baylabel.eu\/en\/wp-json\/wp\/v2\/product_tag?post=18365"}],"curies":[{"name":"wp","href":"https:\/\/api.w.org\/{rel}","templated":true}]}}