{"id":18553,"date":"2024-08-14T09:50:56","date_gmt":"2024-08-14T07:50:56","guid":{"rendered":"https:\/\/dev.baylabel.eu\/?post_type=product&#038;p=18553"},"modified":"2025-07-22T09:13:25","modified_gmt":"2025-07-22T07:13:25","slug":"saszetka-na-smakolyki-dla-psa-maritime-charm","status":"publish","type":"product","link":"https:\/\/dev.baylabel.eu\/en\/product\/saszetka-na-smakolyki-dla-psa-maritime-charm\/","title":{"rendered":"Saszetka na smako\u0142yki dla psa MARITIME CHARM"},"content":{"rendered":"<p>\u015arednica ok. 10 cm<br \/>\nWysoko\u015b\u0107 ok. 13 cm<\/p>","protected":false},"excerpt":{"rendered":"<p>\u015arednica ok. 10 cm Wysoko\u015b\u0107 ok. 13 cm<\/p>","protected":false},"featured_media":18523,"template":"","meta":{"_acf_changed":false,"inline_featured_image":false},"product_brand":[],"product_cat":[166,71],"product_tag":[],"class_list":{"0":"post-18553","1":"product","2":"type-product","3":"status-publish","4":"has-post-thumbnail","6":"product_cat-maritime-charm","7":"product_cat-saszetki","9":"first","10":"instock","11":"taxable","12":"shipping-taxable","13":"purchasable","14":"product-type-simple"},"acf":[],"_links":{"self":[{"href":"https:\/\/dev.baylabel.eu\/en\/wp-json\/wp\/v2\/product\/18553","targetHints":{"allow":["GET"]}}],"collection":[{"href":"https:\/\/dev.baylabel.eu\/en\/wp-json\/wp\/v2\/product"}],"about":[{"href":"https:\/\/dev.baylabel.eu\/en\/wp-json\/wp\/v2\/types\/product"}],"wp:featuredmedia":[{"embeddable":true,"href":"https:\/\/dev.baylabel.eu\/en\/wp-json\/wp\/v2\/media\/18523"}],"wp:attachment":[{"href":"https:\/\/dev.baylabel.eu\/en\/wp-json\/wp\/v2\/media?parent=18553"}],"wp:term":[{"taxonomy":"product_brand","embeddable":true,"href":"https:\/\/dev.baylabel.eu\/en\/wp-json\/wp\/v2\/product_brand?post=18553"},{"taxonomy":"product_cat","embeddable":true,"href":"https:\/\/dev.baylabel.eu\/en\/wp-json\/wp\/v2\/product_cat?post=18553"},{"taxonomy":"product_tag","embeddable":true,"href":"https:\/\/dev.baylabel.eu\/en\/wp-json\/wp\/v2\/product_tag?post=18553"}],"curies":[{"name":"wp","href":"https:\/\/api.w.org\/{rel}","templated":true}]}}