{"id":1886,"date":"2020-05-22T13:33:41","date_gmt":"2020-05-22T11:33:41","guid":{"rendered":"http:\/\/eyfciph.cluster028.hosting.ovh.net\/?post_type=product&#038;p=1886"},"modified":"2025-07-23T09:58:49","modified_gmt":"2025-07-23T07:58:49","slug":"muszka-house-of-donuts-pink","status":"publish","type":"product","link":"https:\/\/dev.baylabel.eu\/en\/product\/muszka-house-of-donuts-pink\/","title":{"rendered":"Bow Tie \u2013 House of Donuts Pink"},"content":{"rendered":"<p><strong>House of Donuts<\/strong>\u00a0\u2013\u00a0 Wz\u00f3r dla najs\u0142odszych psinek na \u015bwiecie! Kto ma w domu ma\u0142ego p\u0105czka mo\u017ce podkre\u015bli\u0107 jego naturalne pi\u0119kno tym w\u0142a\u015bnie wzorem.<\/p>\n<p><strong>Size:<\/strong><\/p>\n<ul>\n<li>du\u017ca muszka: ok. 11 cm x 6 cm<\/li>\n<li>ma\u0142a muszka: ok. 8 cm x 5 cm.<\/li>\n<\/ul>\n<p><strong>Mocowanie:<\/strong>\u00a0muszka mocowana jest na paskach rzepowych, zapinanych dooko\u0142a ta\u015bmy<\/p>","protected":false},"excerpt":{"rendered":"<p>House of Donuts\u00a0\u2013\u00a0 Wz\u00f3r dla najs\u0142odszych psinek na \u015bwiecie! Kto ma w domu ma\u0142ego p\u0105czka mo\u017ce podkre\u015bli\u0107 jego naturalne pi\u0119kno tym w\u0142a\u015bnie wzorem. Rozmiar: du\u017ca muszka: ok. 11 cm x 6 cm ma\u0142a muszka: ok. 8 cm x 5 cm. Mocowanie:\u00a0muszka mocowana jest na paskach rzepowych, zapinanych dooko\u0142a ta\u015bmy<\/p>","protected":false},"featured_media":1889,"template":"","meta":{"_acf_changed":false,"inline_featured_image":false},"product_brand":[],"product_cat":[158,48],"product_tag":[],"class_list":{"0":"post-1886","1":"product","2":"type-product","3":"status-publish","4":"has-post-thumbnail","6":"product_cat-house-of-donuts","7":"product_cat-muszki","9":"first","10":"instock","11":"taxable","12":"shipping-taxable","13":"purchasable","14":"product-type-variable"},"acf":[],"_links":{"self":[{"href":"https:\/\/dev.baylabel.eu\/en\/wp-json\/wp\/v2\/product\/1886","targetHints":{"allow":["GET"]}}],"collection":[{"href":"https:\/\/dev.baylabel.eu\/en\/wp-json\/wp\/v2\/product"}],"about":[{"href":"https:\/\/dev.baylabel.eu\/en\/wp-json\/wp\/v2\/types\/product"}],"wp:featuredmedia":[{"embeddable":true,"href":"https:\/\/dev.baylabel.eu\/en\/wp-json\/wp\/v2\/media\/1889"}],"wp:attachment":[{"href":"https:\/\/dev.baylabel.eu\/en\/wp-json\/wp\/v2\/media?parent=1886"}],"wp:term":[{"taxonomy":"product_brand","embeddable":true,"href":"https:\/\/dev.baylabel.eu\/en\/wp-json\/wp\/v2\/product_brand?post=1886"},{"taxonomy":"product_cat","embeddable":true,"href":"https:\/\/dev.baylabel.eu\/en\/wp-json\/wp\/v2\/product_cat?post=1886"},{"taxonomy":"product_tag","embeddable":true,"href":"https:\/\/dev.baylabel.eu\/en\/wp-json\/wp\/v2\/product_tag?post=1886"}],"curies":[{"name":"wp","href":"https:\/\/api.w.org\/{rel}","templated":true}]}}