{"id":18894,"date":"2024-09-13T11:43:52","date_gmt":"2024-09-13T09:43:52","guid":{"rendered":"https:\/\/dev.baylabel.eu\/?post_type=product&#038;p=18894"},"modified":"2025-07-22T09:08:38","modified_gmt":"2025-07-22T07:08:38","slug":"muszka-grzybowe-zuchy","status":"publish","type":"product","link":"https:\/\/dev.baylabel.eu\/en\/product\/muszka-grzybowe-zuchy\/","title":{"rendered":"Muszka &#8211; GRZYBOWE ZUCHY"},"content":{"rendered":"<p><b>GRZYBOWE ZUCHY<\/b> \u2013 To delikatny, uroczy wz\u00f3r, kt\u00f3ry b\u0119dzie si\u0119 pi\u0119knie prezentowa\u0142 na ka\u017cdym psim futerku.<\/p>\n<p><strong>Size:<\/strong><\/p>\n<ul>\n<li>du\u017ca muszka: ok. 11 cm x 6 cm<\/li>\n<li>ma\u0142a muszka: ok. 8 cm x 5 cm.<\/li>\n<\/ul>\n<p><strong>Mocowanie:<\/strong>\u00a0muszka mocowana jest na paskach rzepowych, zapinanych dooko\u0142a ta\u015bmy<\/p>","protected":false},"excerpt":{"rendered":"<p>GRZYBOWE ZUCHY \u2013 To delikatny, uroczy wz\u00f3r, kt\u00f3ry b\u0119dzie si\u0119 pi\u0119knie prezentowa\u0142 na ka\u017cdym psim futerku. Rozmiar: du\u017ca muszka: ok. 11 cm x 6 cm ma\u0142a muszka: ok. 8 cm x 5 cm. Mocowanie:\u00a0muszka mocowana jest na paskach rzepowych, zapinanych dooko\u0142a ta\u015bmy<\/p>","protected":false},"featured_media":18918,"template":"","meta":{"_acf_changed":false,"inline_featured_image":false},"product_brand":[],"product_cat":[155,48],"product_tag":[],"class_list":{"0":"post-18894","1":"product","2":"type-product","3":"status-publish","4":"has-post-thumbnail","6":"product_cat-grzybowe-zuchy","7":"product_cat-muszki","9":"first","10":"instock","11":"taxable","12":"shipping-taxable","13":"purchasable","14":"product-type-variable"},"acf":[],"_links":{"self":[{"href":"https:\/\/dev.baylabel.eu\/en\/wp-json\/wp\/v2\/product\/18894","targetHints":{"allow":["GET"]}}],"collection":[{"href":"https:\/\/dev.baylabel.eu\/en\/wp-json\/wp\/v2\/product"}],"about":[{"href":"https:\/\/dev.baylabel.eu\/en\/wp-json\/wp\/v2\/types\/product"}],"wp:featuredmedia":[{"embeddable":true,"href":"https:\/\/dev.baylabel.eu\/en\/wp-json\/wp\/v2\/media\/18918"}],"wp:attachment":[{"href":"https:\/\/dev.baylabel.eu\/en\/wp-json\/wp\/v2\/media?parent=18894"}],"wp:term":[{"taxonomy":"product_brand","embeddable":true,"href":"https:\/\/dev.baylabel.eu\/en\/wp-json\/wp\/v2\/product_brand?post=18894"},{"taxonomy":"product_cat","embeddable":true,"href":"https:\/\/dev.baylabel.eu\/en\/wp-json\/wp\/v2\/product_cat?post=18894"},{"taxonomy":"product_tag","embeddable":true,"href":"https:\/\/dev.baylabel.eu\/en\/wp-json\/wp\/v2\/product_tag?post=18894"}],"curies":[{"name":"wp","href":"https:\/\/api.w.org\/{rel}","templated":true}]}}