{"id":19001,"date":"2024-09-24T10:59:29","date_gmt":"2024-09-24T08:59:29","guid":{"rendered":"https:\/\/dev.baylabel.eu\/?post_type=product&#038;p=19001"},"modified":"2025-07-22T09:02:48","modified_gmt":"2025-07-22T07:02:48","slug":"smycz-przepinana-pine-forest","status":"publish","type":"product","link":"https:\/\/dev.baylabel.eu\/en\/product\/smycz-przepinana-pine-forest\/","title":{"rendered":"Smycz Przepinana &#8211; PINE FOREST"},"content":{"rendered":"<p>PINE FOREST\u2013 To delikatny, uroczy wz\u00f3r, kt\u00f3ry b\u0119dzie si\u0119 pi\u0119knie prezentowa\u0142 na ka\u017cdym psim futerku.<\/p>\n<p><strong>ta\u015bma:<\/strong>\u00a0mocna, g\u0142adka ta\u015bma z naszym autorskim wzorem, kt\u00f3ra zachowuje sw\u00f3j wygl\u0105d na d\u0142ugo. Bardzo \u0142atwa w czyszczeniu i piel\u0119gnacji. Szeroko\u015b\u0107 2,5 cm nadaje si\u0119 do ps\u00f3w wi\u0119kszych, lub silnie ci\u0105gn\u0105cych na spacerze, dla mniejszych polecamy szeroko\u015b\u0107 2 cm lub 1,5 cm, g\u0142\u00f3wnie przez r\u00f3\u017cnic\u0119 w wielko\u015bci i ci\u0119\u017carze karabink\u00f3w.<\/p>\n<p><strong>okucia:<\/strong>\u00a0metalowe elementy zosta\u0142y pokryte czarnym kolorem zabezpieczaj\u0105cym akcesoria przed korozj\u0105.<\/p>\n<div class=\"vc_row wpb_row vc_row-fluid\">\n<div class=\"wpb_column vc_column_container vc_col-sm-12\">\n<div class=\"vc_column-inner\">\n<div class=\"wpb_wrapper\">\n<div class=\"wpb_video_widget wpb_content_element vc_clearfix vc_video-aspect-ratio-169 vc_video-el-width-100 vc_video-align-center\">\n<div class=\"wpb_wrapper\"><\/div>\n<\/div>\n<\/div>\n<\/div>\n<\/div>\n<\/div>","protected":false},"excerpt":{"rendered":"<p>PINE FOREST\u2013 To delikatny, uroczy wz\u00f3r, kt\u00f3ry b\u0119dzie si\u0119 pi\u0119knie prezentowa\u0142 na ka\u017cdym psim futerku. ta\u015bma:\u00a0mocna, g\u0142adka ta\u015bma z naszym autorskim wzorem, kt\u00f3ra zachowuje sw\u00f3j wygl\u0105d na d\u0142ugo. Bardzo \u0142atwa w czyszczeniu i piel\u0119gnacji. Szeroko\u015b\u0107 2,5 cm nadaje si\u0119 do ps\u00f3w wi\u0119kszych, lub silnie ci\u0105gn\u0105cych na spacerze, dla mniejszych polecamy szeroko\u015b\u0107 2 cm lub 1,5 [&hellip;]<\/p>","protected":false},"featured_media":19008,"template":"","meta":{"_acf_changed":false,"inline_featured_image":false},"product_brand":[],"product_cat":[184,53,60],"product_tag":[],"class_list":{"0":"post-19001","1":"product","2":"type-product","3":"status-publish","4":"has-post-thumbnail","6":"product_cat-pine-forest","7":"product_cat-smycz","8":"product_cat-smycz-przepinana","10":"first","11":"instock","12":"taxable","13":"shipping-taxable","14":"purchasable","15":"product-type-variable"},"acf":[],"_links":{"self":[{"href":"https:\/\/dev.baylabel.eu\/en\/wp-json\/wp\/v2\/product\/19001","targetHints":{"allow":["GET"]}}],"collection":[{"href":"https:\/\/dev.baylabel.eu\/en\/wp-json\/wp\/v2\/product"}],"about":[{"href":"https:\/\/dev.baylabel.eu\/en\/wp-json\/wp\/v2\/types\/product"}],"wp:featuredmedia":[{"embeddable":true,"href":"https:\/\/dev.baylabel.eu\/en\/wp-json\/wp\/v2\/media\/19008"}],"wp:attachment":[{"href":"https:\/\/dev.baylabel.eu\/en\/wp-json\/wp\/v2\/media?parent=19001"}],"wp:term":[{"taxonomy":"product_brand","embeddable":true,"href":"https:\/\/dev.baylabel.eu\/en\/wp-json\/wp\/v2\/product_brand?post=19001"},{"taxonomy":"product_cat","embeddable":true,"href":"https:\/\/dev.baylabel.eu\/en\/wp-json\/wp\/v2\/product_cat?post=19001"},{"taxonomy":"product_tag","embeddable":true,"href":"https:\/\/dev.baylabel.eu\/en\/wp-json\/wp\/v2\/product_tag?post=19001"}],"curies":[{"name":"wp","href":"https:\/\/api.w.org\/{rel}","templated":true}]}}