{"id":19866,"date":"2025-02-05T09:38:08","date_gmt":"2025-02-05T08:38:08","guid":{"rendered":"https:\/\/dev.baylabel.eu\/?post_type=product&#038;p=19866"},"modified":"2025-07-22T08:15:04","modified_gmt":"2025-07-22T06:15:04","slug":"smycz-hands-free-wild-child","status":"publish","type":"product","link":"https:\/\/dev.baylabel.eu\/en\/product\/smycz-hands-free-wild-child\/","title":{"rendered":"Smycz Hands Free Wild Child"},"content":{"rendered":"<p><strong>Smycz dla psa hands free<\/strong> &#8211; wygoda i komfort<\/p>\n<p>Spacerowy game changer! Smycz hands free to idealne rozwi\u0105zanie dla aktywnych psich opiekun\u00f3w, ceni\u0105cych sobie wygod\u0119 i funkcjonalno\u015b\u0107.<\/p>\n<p>Smycz zosta\u0142a wyposa\u017cona w regulator, dzi\u0119ki kt\u00f3remu mo\u017cesz w \u0142atwy spos\u00f3b dostosowa\u0107 jej d\u0142ugo\u015b\u0107 do swoich potrzeb. Tej smyczy mo\u017cesz u\u017cywa\u0107 na 3 sposoby!<\/p>\n<p>Korzystaj jak z klasycznej smyczy z kr\u00f3tk\u0105 r\u0105czk\u0105 lub zwi\u0119ksz obw\u00f3d r\u0105czki i stw\u00f3rz p\u0119tl\u0119, kt\u00f3r\u0105 wygodnie przewiesisz przez rami\u0119 b\u0105d\u017a umie\u015bcisz w pasie. Teraz mo\u017cesz cieszy\u0107 si\u0119 wolnymi r\u0119kami podczas spaceru.<\/p>\n<p>Do smyczy wszyli\u015bmy solidne p\u00f3\u0142k\u00f3\u0142ko, do kt\u00f3rego z \u0142atwo\u015bci\u0105 przymocujesz spacerowe niezb\u0119dniki: etui na kupoworki lub saszetk\u0119 na smaczki.<\/p>\n<p>Smycz wykonana jest z wysokiej jako\u015bci materia\u0142\u00f3w, gwarantuj\u0105cych jej wytrzyma\u0142o\u015b\u0107. Stosujemy mocne ta\u015bmy i metalowe okucia, dzi\u0119ki czemu nasze smycze s\u0105 w stanie przetrwa\u0107 nawet bardzo intensywne u\u017cytkowanie.<\/p>\n<p>Smycz jest dost\u0119pna w trzech szeroko\u015bciach <strong>15 mm<\/strong>, <strong>20 mm<\/strong> i <strong>25 mm<\/strong>, co pozwala na dopasowanie jej do wielko\u015bci psiaka.<\/p>\n<p>Bezpiecze\u0144stwo przede wszystkim: Pami\u0119taj, \u017ce smycz hands free przewieszona przez rami\u0119 nie jest odpowiednia dla ps\u00f3w, kt\u00f3re maj\u0105 tendencj\u0119 do ci\u0105gni\u0119cia. W takim przypadku zalecamy u\u017cywanie klasycznej smyczy miejskiej lub przepinanej.<\/p>\n<p>&nbsp;<\/p>\n<p>&nbsp;<\/p>","protected":false},"excerpt":{"rendered":"<p>&nbsp;<\/p>\n<p>&nbsp;<\/p>\n<p>&nbsp;<\/p>","protected":false},"featured_media":19870,"template":"","meta":{"_acf_changed":false,"inline_featured_image":false},"product_brand":[],"product_cat":[53,118,204],"product_tag":[],"class_list":{"0":"post-19866","1":"product","2":"type-product","3":"status-publish","4":"has-post-thumbnail","6":"product_cat-smycz","7":"product_cat-smycz-hands-free","8":"product_cat-wild-child","10":"first","11":"instock","12":"taxable","13":"shipping-taxable","14":"purchasable","15":"product-type-variable"},"acf":[],"_links":{"self":[{"href":"https:\/\/dev.baylabel.eu\/en\/wp-json\/wp\/v2\/product\/19866","targetHints":{"allow":["GET"]}}],"collection":[{"href":"https:\/\/dev.baylabel.eu\/en\/wp-json\/wp\/v2\/product"}],"about":[{"href":"https:\/\/dev.baylabel.eu\/en\/wp-json\/wp\/v2\/types\/product"}],"wp:featuredmedia":[{"embeddable":true,"href":"https:\/\/dev.baylabel.eu\/en\/wp-json\/wp\/v2\/media\/19870"}],"wp:attachment":[{"href":"https:\/\/dev.baylabel.eu\/en\/wp-json\/wp\/v2\/media?parent=19866"}],"wp:term":[{"taxonomy":"product_brand","embeddable":true,"href":"https:\/\/dev.baylabel.eu\/en\/wp-json\/wp\/v2\/product_brand?post=19866"},{"taxonomy":"product_cat","embeddable":true,"href":"https:\/\/dev.baylabel.eu\/en\/wp-json\/wp\/v2\/product_cat?post=19866"},{"taxonomy":"product_tag","embeddable":true,"href":"https:\/\/dev.baylabel.eu\/en\/wp-json\/wp\/v2\/product_tag?post=19866"}],"curies":[{"name":"wp","href":"https:\/\/api.w.org\/{rel}","templated":true}]}}