{"id":20542,"date":"2025-03-06T12:20:44","date_gmt":"2025-03-06T11:20:44","guid":{"rendered":"https:\/\/dev.baylabel.eu\/?post_type=product&#038;p=20542"},"modified":"2025-07-22T07:59:14","modified_gmt":"2025-07-22T05:59:14","slug":"obroza-dla-psa-double-lock-sweet-violet","status":"publish","type":"product","link":"https:\/\/dev.baylabel.eu\/en\/product\/obroza-dla-psa-double-lock-sweet-violet\/","title":{"rendered":"Obro\u017ca dla psa Double lock Sweet Violet"},"content":{"rendered":"<p><strong>Obro\u017ca z zapi\u0119ciem Double Lock \u2013 maksymalne bezpiecze\u0144stwo i wygoda<\/strong><\/p>\n<p><strong>Wytrzyma\u0142a obro\u017ca dla wymagaj\u0105cych ps\u00f3w<\/strong><\/p>\n<p>Obro\u017ca z zapi\u0119ciem Double Lock to idealne rozwi\u0105zanie dla opiekun\u00f3w ceni\u0105cych bezpiecze\u0144stwo i komfort swojego psa. Dzi\u0119ki podw\u00f3jnemu systemowi blokady zapobiega przypadkowemu odpi\u0119ciu, co sprawia, \u017ce jest doskona\u0142ym wyborem dla du\u017cych, silnych i energicznych ps\u00f3w.<\/p>\n<p><strong>Zapi\u0119cie Double Lock \u2013 podw\u00f3jna ochrona<\/strong><br \/>\nSystem Double Lock \u0142\u0105czy klamr\u0119 zatrzaskow\u0105 z dodatkow\u0105 blokad\u0105, eliminuj\u0105c ryzyko przypadkowego rozpi\u0119cia obro\u017cy. To rozwi\u0105zanie gwarantuje maksymalne bezpiecze\u0144stwo podczas spacer\u00f3w i trening\u00f3w.<\/p>\n<p><strong>Materia\u0142y<\/strong><br \/>\nObro\u017ca zosta\u0142a wykonana z wysokiej jako\u015bci ta\u015bm, kt\u00f3re zapewniaj\u0105 d\u0142ug\u0105 \u017cywotno\u015b\u0107 i odporno\u015b\u0107 na uszkodzenia. Mocne metalowe okucia oraz wzmocnione szwy gwarantuj\u0105 wytrzyma\u0142o\u015b\u0107.<\/p>\n<p><strong>Dlaczego warto wybra\u0107 obro\u017c\u0119 double lock?<\/strong><br \/>\n\u2705Bezpiecze\u0144stwo \u2013 podw\u00f3jne zapi\u0119cie chroni przed odpi\u0119ciem obro\u017cy<br \/>\n\u2705 Wytrzyma\u0142o\u015b\u0107 \u2013 odporne na zerwanie ta\u015bmy i wzmocnione szwy<br \/>\n\u2705 Stylowy design \u2013 dost\u0119pna w 60 autorskich wzorach<\/p>\n<p><strong>Dla jakich ps\u00f3w jest przeznaczona?<\/strong><br \/>\nObro\u017ca z zapi\u0119ciem Double Lock sprawdzi si\u0119 dla ps\u00f3w wszystkich ras, szczeg\u00f3lnie tych du\u017cych oraz aktywnych, kt\u00f3re potrzebuj\u0105 mocnego i niezawodnego rozwi\u0105zania spacerowego.<\/p>","protected":false},"excerpt":{"rendered":"<p>Obro\u017ca z zapi\u0119ciem Double Lock \u2013 maksymalne bezpiecze\u0144stwo i wygoda Wytrzyma\u0142a obro\u017ca dla wymagaj\u0105cych ps\u00f3w Obro\u017ca z zapi\u0119ciem Double Lock to idealne rozwi\u0105zanie dla opiekun\u00f3w ceni\u0105cych bezpiecze\u0144stwo i komfort swojego psa. Dzi\u0119ki podw\u00f3jnemu systemowi blokady zapobiega przypadkowemu odpi\u0119ciu, co sprawia, \u017ce jest doskona\u0142ym wyborem dla du\u017cych, silnych i energicznych ps\u00f3w. Zapi\u0119cie Double Lock \u2013 podw\u00f3jna [&hellip;]<\/p>","protected":false},"featured_media":20567,"template":"","meta":{"_acf_changed":false,"inline_featured_image":false},"product_brand":[],"product_cat":[49,123,178],"product_tag":[],"class_list":{"0":"post-20542","1":"product","2":"type-product","3":"status-publish","4":"has-post-thumbnail","6":"product_cat-obroze","7":"product_cat-obroze-double-lock","8":"product_cat-sweet-violet","10":"first","11":"instock","12":"taxable","13":"shipping-taxable","14":"purchasable","15":"product-type-variable"},"acf":[],"_links":{"self":[{"href":"https:\/\/dev.baylabel.eu\/en\/wp-json\/wp\/v2\/product\/20542","targetHints":{"allow":["GET"]}}],"collection":[{"href":"https:\/\/dev.baylabel.eu\/en\/wp-json\/wp\/v2\/product"}],"about":[{"href":"https:\/\/dev.baylabel.eu\/en\/wp-json\/wp\/v2\/types\/product"}],"wp:featuredmedia":[{"embeddable":true,"href":"https:\/\/dev.baylabel.eu\/en\/wp-json\/wp\/v2\/media\/20567"}],"wp:attachment":[{"href":"https:\/\/dev.baylabel.eu\/en\/wp-json\/wp\/v2\/media?parent=20542"}],"wp:term":[{"taxonomy":"product_brand","embeddable":true,"href":"https:\/\/dev.baylabel.eu\/en\/wp-json\/wp\/v2\/product_brand?post=20542"},{"taxonomy":"product_cat","embeddable":true,"href":"https:\/\/dev.baylabel.eu\/en\/wp-json\/wp\/v2\/product_cat?post=20542"},{"taxonomy":"product_tag","embeddable":true,"href":"https:\/\/dev.baylabel.eu\/en\/wp-json\/wp\/v2\/product_tag?post=20542"}],"curies":[{"name":"wp","href":"https:\/\/api.w.org\/{rel}","templated":true}]}}