{"id":20887,"date":"2025-03-13T09:04:20","date_gmt":"2025-03-13T08:04:20","guid":{"rendered":"https:\/\/dev.baylabel.eu\/?post_type=product&#038;p=20887"},"modified":"2025-07-21T15:19:04","modified_gmt":"2025-07-21T13:19:04","slug":"mata-pears-in-heaven","status":"publish","type":"product","link":"https:\/\/dev.baylabel.eu\/en\/product\/mata-pears-in-heaven\/","title":{"rendered":"Mata Pears in Heaven"},"content":{"rendered":"<p>Zapi\u0119cie na zatrzask umo\u017cliwia \u0142atwe zwini\u0119cie maty do kompaktowego rozmiaru, a dzi\u0119ki r\u0105czce \u0142atwo j\u0105 przenie\u015b\u0107.<br \/>\nJedna strona wykonana jest z wodoodpornego softshellu, przyjemnego dla sk\u00f3ry, druga odszyta zosta\u0142a z polaru minky<br \/>\nWymairy maty po roz\u0142o\u017ceniu to 75&#215;65 cm<\/p>","protected":false},"excerpt":{"rendered":"<p>Zapi\u0119cie na zatrzask umo\u017cliwia \u0142atwe zwini\u0119cie maty do kompaktowego rozmiaru, a dzi\u0119ki r\u0105czce \u0142atwo j\u0105 przenie\u015b\u0107. Jedna strona wykonana jest z wodoodpornego softshellu, przyjemnego dla sk\u00f3ry, druga odszyta zosta\u0142a z polaru minky Wymairy maty po roz\u0142o\u017ceniu to 75&#215;65 cm<\/p>","protected":false},"featured_media":20905,"template":"","meta":{"_acf_changed":false,"inline_featured_image":false},"product_brand":[],"product_cat":[116,182],"product_tag":[],"class_list":{"0":"post-20887","1":"product","2":"type-product","3":"status-publish","4":"has-post-thumbnail","6":"product_cat-maty","7":"product_cat-pears-in-heaven","9":"first","10":"instock","11":"taxable","12":"shipping-taxable","13":"purchasable","14":"product-type-simple"},"acf":[],"_links":{"self":[{"href":"https:\/\/dev.baylabel.eu\/en\/wp-json\/wp\/v2\/product\/20887","targetHints":{"allow":["GET"]}}],"collection":[{"href":"https:\/\/dev.baylabel.eu\/en\/wp-json\/wp\/v2\/product"}],"about":[{"href":"https:\/\/dev.baylabel.eu\/en\/wp-json\/wp\/v2\/types\/product"}],"wp:featuredmedia":[{"embeddable":true,"href":"https:\/\/dev.baylabel.eu\/en\/wp-json\/wp\/v2\/media\/20905"}],"wp:attachment":[{"href":"https:\/\/dev.baylabel.eu\/en\/wp-json\/wp\/v2\/media?parent=20887"}],"wp:term":[{"taxonomy":"product_brand","embeddable":true,"href":"https:\/\/dev.baylabel.eu\/en\/wp-json\/wp\/v2\/product_brand?post=20887"},{"taxonomy":"product_cat","embeddable":true,"href":"https:\/\/dev.baylabel.eu\/en\/wp-json\/wp\/v2\/product_cat?post=20887"},{"taxonomy":"product_tag","embeddable":true,"href":"https:\/\/dev.baylabel.eu\/en\/wp-json\/wp\/v2\/product_tag?post=20887"}],"curies":[{"name":"wp","href":"https:\/\/api.w.org\/{rel}","templated":true}]}}