{"id":21257,"date":"2025-06-11T14:11:41","date_gmt":"2025-06-11T12:11:41","guid":{"rendered":"https:\/\/dev.baylabel.eu\/?post_type=product&#038;p=21257"},"modified":"2025-07-21T13:32:04","modified_gmt":"2025-07-21T11:32:04","slug":"szelki-dla-psa-guard-plum-bloom","status":"publish","type":"product","link":"https:\/\/dev.baylabel.eu\/en\/product\/szelki-dla-psa-guard-plum-bloom\/","title":{"rendered":"Szelki dla psa guard Plum &amp; Bloom"},"content":{"rendered":"<p><strong>Szelki dla ps\u00f3w typu guard zapewniaj\u0105 nie tylko wygod\u0119 u\u017cytkowania<\/strong>, ale przede wszystkim bezpiecze\u0144stwo podczas spacer\u00f3w, trening\u00f3w czy innych aktywno\u015bci z psem. Ten uniwersalny model sprawdzi si\u0119 zar\u00f3wno dla ps\u00f3w ma\u0142ych, jak i du\u017cych ras, szczeniak\u00f3w, doros\u0142ych ps\u00f3w i psich senior\u00f3w.<\/p>\n<p><strong>KONSTRUKCJA SZELEK<\/strong><br \/>\nSzelki guard sk\u0142adaj\u0105 si\u0119 z dw\u00f3ch obr\u0119czy \u2013 barkowej oraz piersiowej po\u0142\u0105czonych ze sob\u0105 paskiem grzbietowym oraz mostkowym. Taka konstrukcja jest zdrowa dla psiej anatomii, nie blokuje ruchu \u0142opatek i r\u00f3wno rozk\u0142ada ci\u0119\u017car, nie obci\u0105\u017caj\u0105c przy tym kr\u0119gos\u0142upa ani staw\u00f3w psa.<\/p>\n<p><strong>MATERIA\u0141Y<\/strong><br \/>\nW naszych szelkach wykorzystali\u015bmy wytrzyma\u0142e ta\u015bmy oraz mocne, metalowe okucia, dlatego nasze akcesoria przetrwaj\u0105 tysi\u0105ce spacer\u00f3w.<\/p>\n<p><strong>ROZMIAR<\/strong><br \/>\nTylko odpowiednio dobrany rozmiar <a href=\"https:\/\/baylabel.pl\/sklep\/kategoria\/dla-psa\/szelki-dla-psow\/\">szelek guard<\/a> gwarantuje psu bezpiecze\u0144stwo. Dokonaj dok\u0142adnych pomiar\u00f3w i sprawd\u017a w tabeli, kt\u00f3ry rozmiar b\u0119dzie odpowiedni dla Twojego psiaka. Masz w\u0105tpliwo\u015bci jak zmierzy\u0107 psa? Obejrzyj nasze filmiki instrukta\u017cowe, a je\u015bli jeszcze si\u0119 wahasz co do w\u0142a\u015bciwego rozmiaru szelek \u2013 napisz do nas \ud83d\ude42<\/p>\n<p>Dost\u0119pne szeroko\u015bci ta\u015bm: 15mm, 20 mm, 25 mm, 30 mm, 40 mm.<\/p>\n<p><strong>! W ta\u015bmach o szeroko\u015bci 15mm, 20 mm, 25 mm w obr\u0119czy zastosowana zosta\u0142a pojedyncza klamra. W przypadku szelek o szeroko\u015bci ta\u015bmy 30 mm oraz 40 mm w obr\u0119czy piersiowej s\u0105 umieszczone dwie klamry.<\/strong><\/p>\n<p>Pami\u0119taj, <strong>\u017ce zbyt w\u0105skie ta\u015bmy mog\u0105 powodowa\u0107 dyskomfort w postaci wbijania si\u0119 w cia\u0142o<\/strong>, natomiast zbyt szerokie ta\u015bmy mog\u0105 kr\u0119powa\u0107 ruchy psa, dlatego uwa\u017cnie dobierz ta\u015bm\u0119 do wielko\u015bci swojego psiego przyjaciela.<\/p>\n<p><strong>ta\u015bma:<\/strong>\u00a0mocna, g\u0142adka ta\u015bma z naszym autorskim wzorem, kt\u00f3ra zachowuje sw\u00f3j wygl\u0105d na d\u0142ugo. Bardzo \u0142atwa w czyszczeniu i piel\u0119gnacji.<\/p>\n<p><strong>okucia:<\/strong>\u00a0metalowe elementy zosta\u0142y pokryte czarnym kolorem zabezpieczaj\u0105cym akcesoria przed korozj\u0105.<\/p>","protected":false},"excerpt":{"rendered":"<p>Szelki dla ps\u00f3w typu guard zapewniaj\u0105 nie tylko wygod\u0119 u\u017cytkowania, ale przede wszystkim bezpiecze\u0144stwo podczas spacer\u00f3w, trening\u00f3w czy innych aktywno\u015bci z psem. Ten uniwersalny model sprawdzi si\u0119 zar\u00f3wno dla ps\u00f3w ma\u0142ych, jak i du\u017cych ras, szczeniak\u00f3w, doros\u0142ych ps\u00f3w i psich senior\u00f3w. KONSTRUKCJA SZELEK Szelki guard sk\u0142adaj\u0105 si\u0119 z dw\u00f3ch obr\u0119czy \u2013 barkowej oraz piersiowej po\u0142\u0105czonych [&hellip;]<\/p>","protected":false},"featured_media":21255,"template":"","meta":{"_acf_changed":false,"inline_featured_image":false},"product_brand":[],"product_cat":[186,69,64],"product_tag":[],"class_list":{"0":"post-21257","1":"product","2":"type-product","3":"status-publish","4":"has-post-thumbnail","6":"product_cat-plum-bloom","7":"product_cat-szelki-wszystkie-produkty","8":"product_cat-szelki","10":"first","11":"instock","12":"taxable","13":"shipping-taxable","14":"purchasable","15":"product-type-variable"},"acf":[],"_links":{"self":[{"href":"https:\/\/dev.baylabel.eu\/en\/wp-json\/wp\/v2\/product\/21257","targetHints":{"allow":["GET"]}}],"collection":[{"href":"https:\/\/dev.baylabel.eu\/en\/wp-json\/wp\/v2\/product"}],"about":[{"href":"https:\/\/dev.baylabel.eu\/en\/wp-json\/wp\/v2\/types\/product"}],"wp:featuredmedia":[{"embeddable":true,"href":"https:\/\/dev.baylabel.eu\/en\/wp-json\/wp\/v2\/media\/21255"}],"wp:attachment":[{"href":"https:\/\/dev.baylabel.eu\/en\/wp-json\/wp\/v2\/media?parent=21257"}],"wp:term":[{"taxonomy":"product_brand","embeddable":true,"href":"https:\/\/dev.baylabel.eu\/en\/wp-json\/wp\/v2\/product_brand?post=21257"},{"taxonomy":"product_cat","embeddable":true,"href":"https:\/\/dev.baylabel.eu\/en\/wp-json\/wp\/v2\/product_cat?post=21257"},{"taxonomy":"product_tag","embeddable":true,"href":"https:\/\/dev.baylabel.eu\/en\/wp-json\/wp\/v2\/product_tag?post=21257"}],"curies":[{"name":"wp","href":"https:\/\/api.w.org\/{rel}","templated":true}]}}