{"id":21308,"date":"2025-06-11T14:31:41","date_gmt":"2025-06-11T12:31:41","guid":{"rendered":"https:\/\/dev.baylabel.eu\/?post_type=product&#038;p=21308"},"modified":"2025-07-21T13:30:27","modified_gmt":"2025-07-21T11:30:27","slug":"szelki-dla-kota-plum-bloom","status":"publish","type":"product","link":"https:\/\/dev.baylabel.eu\/en\/product\/szelki-dla-kota-plum-bloom\/","title":{"rendered":"Szelki dla kota Plum &amp; Bloom"},"content":{"rendered":"<p>ta\u015bma:\u00a0mocna, g\u0142adka ta\u015bma z naszym autorskim wzorem, kt\u00f3ra zachowuje sw\u00f3j wygl\u0105d na d\u0142ugo. Bardzo \u0142atwa w czyszczeniu i piel\u0119gnacji.<\/p>\n<p>okucia:\u00a0metalowe elementy zosta\u0142y pokryte czarnym kolorem zabezpieczaj\u0105cym akcesoria przed korozj\u0105.<\/p>","protected":false},"excerpt":{"rendered":"<p>ta\u015bma:\u00a0mocna, g\u0142adka ta\u015bma z naszym autorskim wzorem, kt\u00f3ra zachowuje sw\u00f3j wygl\u0105d na d\u0142ugo. Bardzo \u0142atwa w czyszczeniu i piel\u0119gnacji. okucia:\u00a0metalowe elementy zosta\u0142y pokryte czarnym kolorem zabezpieczaj\u0105cym akcesoria przed korozj\u0105.<\/p>","protected":false},"featured_media":21310,"template":"","meta":{"_acf_changed":false,"inline_featured_image":false},"product_brand":[],"product_cat":[186,69,68],"product_tag":[],"class_list":{"0":"post-21308","1":"product","2":"type-product","3":"status-publish","4":"has-post-thumbnail","6":"product_cat-plum-bloom","7":"product_cat-szelki-wszystkie-produkty","8":"product_cat-szelki-dla-kota","10":"first","11":"instock","12":"taxable","13":"shipping-taxable","14":"purchasable","15":"product-type-variable"},"acf":[],"_links":{"self":[{"href":"https:\/\/dev.baylabel.eu\/en\/wp-json\/wp\/v2\/product\/21308","targetHints":{"allow":["GET"]}}],"collection":[{"href":"https:\/\/dev.baylabel.eu\/en\/wp-json\/wp\/v2\/product"}],"about":[{"href":"https:\/\/dev.baylabel.eu\/en\/wp-json\/wp\/v2\/types\/product"}],"wp:featuredmedia":[{"embeddable":true,"href":"https:\/\/dev.baylabel.eu\/en\/wp-json\/wp\/v2\/media\/21310"}],"wp:attachment":[{"href":"https:\/\/dev.baylabel.eu\/en\/wp-json\/wp\/v2\/media?parent=21308"}],"wp:term":[{"taxonomy":"product_brand","embeddable":true,"href":"https:\/\/dev.baylabel.eu\/en\/wp-json\/wp\/v2\/product_brand?post=21308"},{"taxonomy":"product_cat","embeddable":true,"href":"https:\/\/dev.baylabel.eu\/en\/wp-json\/wp\/v2\/product_cat?post=21308"},{"taxonomy":"product_tag","embeddable":true,"href":"https:\/\/dev.baylabel.eu\/en\/wp-json\/wp\/v2\/product_tag?post=21308"}],"curies":[{"name":"wp","href":"https:\/\/api.w.org\/{rel}","templated":true}]}}