{"id":21339,"date":"2025-06-11T14:54:15","date_gmt":"2025-06-11T12:54:15","guid":{"rendered":"https:\/\/dev.baylabel.eu\/?post_type=product&#038;p=21339"},"modified":"2025-07-18T11:26:06","modified_gmt":"2025-07-18T09:26:06","slug":"szelki-dla-psa-guard-spotted-latte","status":"publish","type":"product","link":"https:\/\/dev.baylabel.eu\/en\/product\/szelki-dla-psa-guard-spotted-latte\/","title":{"rendered":"Szelki dla psa guard Spotted Latte"},"content":{"rendered":"<p><strong>ROZMIAR<\/strong><br \/>\nTylko odpowiednio dobrany rozmiar <a href=\"https:\/\/baylabel.pl\/sklep\/kategoria\/dla-psa\/szelki-dla-psow\/\">szelek guard<\/a> gwarantuje psu bezpiecze\u0144stwo. Dokonaj dok\u0142adnych pomiar\u00f3w i sprawd\u017a w tabeli, kt\u00f3ry rozmiar b\u0119dzie odpowiedni dla Twojego psiaka. Masz w\u0105tpliwo\u015bci jak zmierzy\u0107 psa? Obejrzyj nasze filmiki instrukta\u017cowe, a je\u015bli jeszcze si\u0119 wahasz co do w\u0142a\u015bciwego rozmiaru szelek \u2013 napisz do nas \ud83d\ude42<\/p>\n<p>Dost\u0119pne szeroko\u015bci ta\u015bm: 15mm, 20 mm, 25 mm, 30 mm, 40 mm.<\/p>\n<p><strong>! W ta\u015bmach o szeroko\u015bci 15mm, 20 mm, 25 mm w obr\u0119czy zastosowana zosta\u0142a pojedyncza klamra. W przypadku szelek o szeroko\u015bci ta\u015bmy 30 mm oraz 40 mm w obr\u0119czy piersiowej s\u0105 umieszczone dwie klamry.<\/strong><\/p>\n<p>Pami\u0119taj, <strong>\u017ce zbyt w\u0105skie ta\u015bmy mog\u0105 powodowa\u0107 dyskomfort w postaci wbijania si\u0119 w cia\u0142o<\/strong>, natomiast zbyt szerokie ta\u015bmy mog\u0105 kr\u0119powa\u0107 ruchy psa, dlatego uwa\u017cnie dobierz ta\u015bm\u0119 do wielko\u015bci swojego psiego przyjaciela.<\/p>\n<p><strong>PERSONALIZACJA\u00a0<\/strong><br \/>\nWszystkie produkty szyjemy w naszej szwalni, dlatego mo\u017cemy zaproponowa\u0107 Ci personalizacj\u0119 szelek Twojego psiaka.<\/p>\n<p>Dost\u0119pne opcje:<br \/>\n<img decoding=\"async\" class=\"emoji\" role=\"img\" src=\"https:\/\/s.w.org\/images\/core\/emoji\/14.0.0\/svg\/1f43e.svg\" alt=\"\" \/>\u00a0personalizacja rozmiaru \u2013 szelki uszyte na wymiar<br \/>\n<img decoding=\"async\" class=\"emoji\" role=\"img\" src=\"https:\/\/s.w.org\/images\/core\/emoji\/14.0.0\/svg\/1f43e.svg\" alt=\"\" \/>\u00a0r\u0105czka \u2013 dzi\u0119ki niej wygodnie przytrzymasz psa, gdy tylko zajdzie taka potrzeba<br \/>\n<img decoding=\"async\" class=\"emoji\" role=\"img\" src=\"https:\/\/s.w.org\/images\/core\/emoji\/14.0.0\/svg\/1f43e.svg\" alt=\"\" \/>\u00a0odblaski \u2013 poprawiaj\u0105 widoczno\u015b\u0107 po zmroku, zwi\u0119kszaj\u0105c bezpiecze\u0144stwo podczas wieczornych wyj\u015b\u0107<\/p>\n<p>Je\u015bli chcesz w inny spos\u00f3b zmodyfikowa\u0107 szelki \u2013 napisz, zrobimy co w naszej mocy, \u017ceby nasze produkty jak najlepiej spe\u0142nia\u0142y potrzeby Twoje i Twojego psa!<\/p>\n<p><strong>ta\u015bma:<\/strong>\u00a0mocna, g\u0142adka ta\u015bma z naszym autorskim wzorem, kt\u00f3ra zachowuje sw\u00f3j wygl\u0105d na d\u0142ugo. Bardzo \u0142atwa w czyszczeniu i piel\u0119gnacji.<\/p>\n<p><strong>okucia:<\/strong>\u00a0metalowe elementy zosta\u0142y pokryte czarnym kolorem zabezpieczaj\u0105cym akcesoria przed korozj\u0105.<\/p>","protected":false},"excerpt":{"rendered":"<p>ROZMIAR Tylko odpowiednio dobrany rozmiar szelek guard gwarantuje psu bezpiecze\u0144stwo. Dokonaj dok\u0142adnych pomiar\u00f3w i sprawd\u017a w tabeli, kt\u00f3ry rozmiar b\u0119dzie odpowiedni dla Twojego psiaka. Masz w\u0105tpliwo\u015bci jak zmierzy\u0107 psa? Obejrzyj nasze filmiki instrukta\u017cowe, a je\u015bli jeszcze si\u0119 wahasz co do w\u0142a\u015bciwego rozmiaru szelek \u2013 napisz do nas \ud83d\ude42 Dost\u0119pne szeroko\u015bci ta\u015bm: 15mm, 20 mm, 25 [&hellip;]<\/p>","protected":false},"featured_media":21354,"template":"","meta":{"_acf_changed":false,"inline_featured_image":false},"product_brand":[],"product_cat":[195,69,64],"product_tag":[],"class_list":{"0":"post-21339","1":"product","2":"type-product","3":"status-publish","4":"has-post-thumbnail","6":"product_cat-spotted-latte","7":"product_cat-szelki-wszystkie-produkty","8":"product_cat-szelki","10":"first","11":"instock","12":"taxable","13":"shipping-taxable","14":"purchasable","15":"product-type-variable"},"acf":[],"_links":{"self":[{"href":"https:\/\/dev.baylabel.eu\/en\/wp-json\/wp\/v2\/product\/21339","targetHints":{"allow":["GET"]}}],"collection":[{"href":"https:\/\/dev.baylabel.eu\/en\/wp-json\/wp\/v2\/product"}],"about":[{"href":"https:\/\/dev.baylabel.eu\/en\/wp-json\/wp\/v2\/types\/product"}],"wp:featuredmedia":[{"embeddable":true,"href":"https:\/\/dev.baylabel.eu\/en\/wp-json\/wp\/v2\/media\/21354"}],"wp:attachment":[{"href":"https:\/\/dev.baylabel.eu\/en\/wp-json\/wp\/v2\/media?parent=21339"}],"wp:term":[{"taxonomy":"product_brand","embeddable":true,"href":"https:\/\/dev.baylabel.eu\/en\/wp-json\/wp\/v2\/product_brand?post=21339"},{"taxonomy":"product_cat","embeddable":true,"href":"https:\/\/dev.baylabel.eu\/en\/wp-json\/wp\/v2\/product_cat?post=21339"},{"taxonomy":"product_tag","embeddable":true,"href":"https:\/\/dev.baylabel.eu\/en\/wp-json\/wp\/v2\/product_tag?post=21339"}],"curies":[{"name":"wp","href":"https:\/\/api.w.org\/{rel}","templated":true}]}}