{"id":21375,"date":"2025-06-11T15:06:42","date_gmt":"2025-06-11T13:06:42","guid":{"rendered":"https:\/\/dev.baylabel.eu\/?post_type=product&#038;p=21375"},"modified":"2025-07-18T11:26:27","modified_gmt":"2025-07-18T09:26:27","slug":"etui-na-kupoworki-dla-psa-spotted-latte","status":"publish","type":"product","link":"https:\/\/dev.baylabel.eu\/en\/product\/etui-na-kupoworki-dla-psa-spotted-latte\/","title":{"rendered":"Etui na kupoworki dla psa Spotted Latte"},"content":{"rendered":"<p>Z naszym etui te mniej mi\u0142e elementy spaceru stan\u0105 si\u0119 zabawne =)<br \/>\nWymiar etui: 70 x 30 x 30 mm. Materia\u0142 wodoodporny.<br \/>\n\u0141atwy do umieszczenia na smyczy.<\/p>","protected":false},"excerpt":{"rendered":"<p>Z naszym etui te mniej mi\u0142e elementy spaceru stan\u0105 si\u0119 zabawne =) Wymiar etui: 70 x 30 x 30 mm. Materia\u0142 wodoodporny. \u0141atwy do umieszczenia na smyczy.<\/p>","protected":false},"featured_media":21376,"template":"","meta":{"_acf_changed":false,"inline_featured_image":false},"product_brand":[],"product_cat":[67,195],"product_tag":[],"class_list":{"0":"post-21375","1":"product","2":"type-product","3":"status-publish","4":"has-post-thumbnail","6":"product_cat-etui","7":"product_cat-spotted-latte","9":"first","10":"instock","11":"taxable","12":"shipping-taxable","13":"purchasable","14":"product-type-simple"},"acf":[],"_links":{"self":[{"href":"https:\/\/dev.baylabel.eu\/en\/wp-json\/wp\/v2\/product\/21375","targetHints":{"allow":["GET"]}}],"collection":[{"href":"https:\/\/dev.baylabel.eu\/en\/wp-json\/wp\/v2\/product"}],"about":[{"href":"https:\/\/dev.baylabel.eu\/en\/wp-json\/wp\/v2\/types\/product"}],"wp:featuredmedia":[{"embeddable":true,"href":"https:\/\/dev.baylabel.eu\/en\/wp-json\/wp\/v2\/media\/21376"}],"wp:attachment":[{"href":"https:\/\/dev.baylabel.eu\/en\/wp-json\/wp\/v2\/media?parent=21375"}],"wp:term":[{"taxonomy":"product_brand","embeddable":true,"href":"https:\/\/dev.baylabel.eu\/en\/wp-json\/wp\/v2\/product_brand?post=21375"},{"taxonomy":"product_cat","embeddable":true,"href":"https:\/\/dev.baylabel.eu\/en\/wp-json\/wp\/v2\/product_cat?post=21375"},{"taxonomy":"product_tag","embeddable":true,"href":"https:\/\/dev.baylabel.eu\/en\/wp-json\/wp\/v2\/product_tag?post=21375"}],"curies":[{"name":"wp","href":"https:\/\/api.w.org\/{rel}","templated":true}]}}