{"id":21387,"date":"2025-06-11T15:13:07","date_gmt":"2025-06-11T13:13:07","guid":{"rendered":"https:\/\/dev.baylabel.eu\/?post_type=product&#038;p=21387"},"modified":"2025-07-18T11:26:46","modified_gmt":"2025-07-18T09:26:46","slug":"obroza-polzaciskowa-spotted-latte","status":"publish","type":"product","link":"https:\/\/dev.baylabel.eu\/en\/product\/obroza-polzaciskowa-spotted-latte\/","title":{"rendered":"Obro\u017ca p\u00f3\u0142zaciskowa Spotted Latte"},"content":{"rendered":"<p>Zacisk nie jest wliczony w obw\u00f3d obro\u017cy (zacisk ma ok. 7-8 cm)<br \/>\n<strong>ta\u015bma:<\/strong>\u00a0mocna, g\u0142adka ta\u015bma z naszym autorskim wzorem, kt\u00f3ra zachowuje sw\u00f3j wygl\u0105d na d\u0142ugo. Bardzo \u0142atwa w czyszczeniu i piel\u0119gnacji.<\/p>\n<p><strong>okucia:<\/strong>\u00a0metalowe elementy zosta\u0142y pokryte czarnym kolorem zabezpieczaj\u0105cym akcesoria przed korozj\u0105.<\/p>","protected":false},"excerpt":{"rendered":"<p>Zacisk nie jest wliczony w obw\u00f3d obro\u017cy (zacisk ma ok. 7-8 cm) ta\u015bma:\u00a0mocna, g\u0142adka ta\u015bma z naszym autorskim wzorem, kt\u00f3ra zachowuje sw\u00f3j wygl\u0105d na d\u0142ugo. Bardzo \u0142atwa w czyszczeniu i piel\u0119gnacji. okucia:\u00a0metalowe elementy zosta\u0142y pokryte czarnym kolorem zabezpieczaj\u0105cym akcesoria przed korozj\u0105.<\/p>","protected":false},"featured_media":21398,"template":"","meta":{"_acf_changed":false,"inline_featured_image":false},"product_brand":[],"product_cat":[49,59,195],"product_tag":[],"class_list":{"0":"post-21387","1":"product","2":"type-product","3":"status-publish","4":"has-post-thumbnail","6":"product_cat-obroze","7":"product_cat-obroza-polzaciskowa","8":"product_cat-spotted-latte","10":"first","11":"instock","12":"taxable","13":"shipping-taxable","14":"purchasable","15":"product-type-variable"},"acf":[],"_links":{"self":[{"href":"https:\/\/dev.baylabel.eu\/en\/wp-json\/wp\/v2\/product\/21387","targetHints":{"allow":["GET"]}}],"collection":[{"href":"https:\/\/dev.baylabel.eu\/en\/wp-json\/wp\/v2\/product"}],"about":[{"href":"https:\/\/dev.baylabel.eu\/en\/wp-json\/wp\/v2\/types\/product"}],"wp:featuredmedia":[{"embeddable":true,"href":"https:\/\/dev.baylabel.eu\/en\/wp-json\/wp\/v2\/media\/21398"}],"wp:attachment":[{"href":"https:\/\/dev.baylabel.eu\/en\/wp-json\/wp\/v2\/media?parent=21387"}],"wp:term":[{"taxonomy":"product_brand","embeddable":true,"href":"https:\/\/dev.baylabel.eu\/en\/wp-json\/wp\/v2\/product_brand?post=21387"},{"taxonomy":"product_cat","embeddable":true,"href":"https:\/\/dev.baylabel.eu\/en\/wp-json\/wp\/v2\/product_cat?post=21387"},{"taxonomy":"product_tag","embeddable":true,"href":"https:\/\/dev.baylabel.eu\/en\/wp-json\/wp\/v2\/product_tag?post=21387"}],"curies":[{"name":"wp","href":"https:\/\/api.w.org\/{rel}","templated":true}]}}