{"id":21473,"date":"2025-06-12T08:28:17","date_gmt":"2025-06-12T06:28:17","guid":{"rendered":"https:\/\/dev.baylabel.eu\/?post_type=product&#038;p=21473"},"modified":"2025-07-18T11:27:37","modified_gmt":"2025-07-18T09:27:37","slug":"smycz-miejska-dla-psa-spotted-latte-2","status":"publish","type":"product","link":"https:\/\/dev.baylabel.eu\/en\/product\/smycz-miejska-dla-psa-spotted-latte-2\/","title":{"rendered":"Smycz dla kota Spotted Latte"},"content":{"rendered":"<h3>Smycz dla kota \u2013 bezpieczne i komfortowe spacery<\/h3>\n<p>Wielu opiekun\u00f3w kot\u00f3w zastanawia si\u0119, czy ich pupil mo\u017ce bezpiecznie wychodzi\u0107 na dw\u00f3r. <strong>Smycz dla kota<\/strong> to idealne rozwi\u0105zanie, kt\u00f3re pozwala czworonogowi eksplorowa\u0107 otoczenie bez ryzyka ucieczki. W po\u0142\u0105czeniu z dobrze dopasowanymi <strong>szelkami dla kota<\/strong> zapewnia pe\u0142n\u0105 kontrol\u0119 i wygod\u0119 podczas spacer\u00f3w.<\/p>\n<h3>Mocne i trwa\u0142e materia\u0142y<\/h3>\n<p>Nasza <strong>smycz dla kota<\/strong> zosta\u0142a wykonana z wysokiej jako\u015bci ta\u015bmy o szeroko\u015bci 15 mm. Jest <strong>lekka<\/strong>, a jednocze\u015bnie <strong>wytrzyma\u0142a<\/strong>, dzi\u0119ki czemu sprawdzi si\u0119 zar\u00f3wno dla <strong>koci\u0105t<\/strong>, jak i <strong>doros\u0142ych kot\u00f3w<\/strong>.<\/p>\n<h3>Bezpieczne i wygodne zapi\u0119cie<\/h3>\n<p>Smycz wyposa\u017cona jest w solidny <strong>karabi\u0144czyk ze stali nierdzewnej<\/strong>, kt\u00f3ry zapewnia pewne mocowanie do szelek lub obro\u017cy.<\/p>\n<h3>Jakie s\u0105 zalety naszej smyczy dla kota?<\/h3>\n<p>\u2705 <strong>Bezpiecze\u0144stwo<\/strong> \u2013 kontrolujesz ruchy kota na spacerze<br \/>\n\u2705<strong>Wytrzyma\u0142o\u015b\u0107<\/strong> \u2013 odporne na zerwanie materia\u0142y<br \/>\n\u2705<strong>Komfort u\u017cytkowania<\/strong> \u2013 lekka konstrukcja<br \/>\n\u2705\u00a0<strong>Stylowy design\u00a0<\/strong>\u2013 ponad 50 wzor\u00f3w i kolor\u00f3w do wyboru<\/p>\n<p>Smycz dla kota to doskona\u0142y wyb\u00f3r zar\u00f3wno dla <strong>kot\u00f3w domowych<\/strong>, kt\u00f3re dopiero ucz\u0105 si\u0119 spacerowa\u0107, jak i dla bardziej do\u015bwiadczonych zwierzak\u00f3w, kt\u00f3re lubi\u0105 odkrywa\u0107 \u015bwiat na \u015bwie\u017cym powietrzu. Jest r\u00f3wnie\u017c \u015bwietnym rozwi\u0105zaniem dla kot\u00f3w podr\u00f3\u017cuj\u0105cych z opiekunami.<\/p>","protected":false},"excerpt":{"rendered":"<p>Smycz dla kota \u2013 bezpieczne i komfortowe spacery Wielu opiekun\u00f3w kot\u00f3w zastanawia si\u0119, czy ich pupil mo\u017ce bezpiecznie wychodzi\u0107 na dw\u00f3r. Smycz dla kota to idealne rozwi\u0105zanie, kt\u00f3re pozwala czworonogowi eksplorowa\u0107 otoczenie bez ryzyka ucieczki. W po\u0142\u0105czeniu z dobrze dopasowanymi szelkami dla kota zapewnia pe\u0142n\u0105 kontrol\u0119 i wygod\u0119 podczas spacer\u00f3w. Mocne i trwa\u0142e materia\u0142y Nasza [&hellip;]<\/p>","protected":false},"featured_media":21474,"template":"","meta":{"_acf_changed":false,"inline_featured_image":false},"product_brand":[],"product_cat":[119,124,195],"product_tag":[],"class_list":{"0":"post-21473","1":"product","2":"type-product","3":"status-publish","4":"has-post-thumbnail","6":"product_cat-dla-kota","7":"product_cat-smycze-dla-kota","8":"product_cat-spotted-latte","10":"first","11":"instock","12":"taxable","13":"shipping-taxable","14":"purchasable","15":"product-type-simple"},"acf":[],"_links":{"self":[{"href":"https:\/\/dev.baylabel.eu\/en\/wp-json\/wp\/v2\/product\/21473","targetHints":{"allow":["GET"]}}],"collection":[{"href":"https:\/\/dev.baylabel.eu\/en\/wp-json\/wp\/v2\/product"}],"about":[{"href":"https:\/\/dev.baylabel.eu\/en\/wp-json\/wp\/v2\/types\/product"}],"wp:featuredmedia":[{"embeddable":true,"href":"https:\/\/dev.baylabel.eu\/en\/wp-json\/wp\/v2\/media\/21474"}],"wp:attachment":[{"href":"https:\/\/dev.baylabel.eu\/en\/wp-json\/wp\/v2\/media?parent=21473"}],"wp:term":[{"taxonomy":"product_brand","embeddable":true,"href":"https:\/\/dev.baylabel.eu\/en\/wp-json\/wp\/v2\/product_brand?post=21473"},{"taxonomy":"product_cat","embeddable":true,"href":"https:\/\/dev.baylabel.eu\/en\/wp-json\/wp\/v2\/product_cat?post=21473"},{"taxonomy":"product_tag","embeddable":true,"href":"https:\/\/dev.baylabel.eu\/en\/wp-json\/wp\/v2\/product_tag?post=21473"}],"curies":[{"name":"wp","href":"https:\/\/api.w.org\/{rel}","templated":true}]}}