{"id":2548,"date":"2020-05-31T19:54:56","date_gmt":"2020-05-31T17:54:56","guid":{"rendered":"https:\/\/frydxvs.cluster030.hosting.ovh.net\/?post_type=product&#038;p=2548"},"modified":"2025-07-23T09:55:15","modified_gmt":"2025-07-23T07:55:15","slug":"muszka-blacknwhite","status":"publish","type":"product","link":"https:\/\/dev.baylabel.eu\/en\/product\/muszka-blacknwhite\/","title":{"rendered":"Bow Tie \u2013 Black`n`White"},"content":{"rendered":"<p><strong>Black \u2018n\u2019 White\u00a0<\/strong>\u2013 pepitkowy, klasyczny wz\u00f3r, w kt\u00f3rym Tw\u00f3j pies b\u0119dzie wygl\u0105da\u0142 bardzo elegancko. Uwaga! Istnieje ryzyko, \u017ce pies przy\u0107mi tw\u00f3j outfit, wi\u0119c prosz\u0119 stosowa\u0107 wz\u00f3r z umiarem =P<\/p>\n<p><strong>Size:<\/strong><\/p>\n<ul>\n<li>du\u017ca muszka: ok. 11 cm x 6 cm<\/li>\n<li>ma\u0142a muszka: ok. 8 cm x 5 cm.<\/li>\n<\/ul>\n<p><strong>Mocowanie:<\/strong>\u00a0muszka mocowana jest na paskach rzepowych, zapinanych dooko\u0142a ta\u015bmy<\/p>","protected":false},"excerpt":{"rendered":"<p>Black \u2018n\u2019 White\u00a0\u2013 pepitkowy, klasyczny wz\u00f3r, w kt\u00f3rym Tw\u00f3j pies b\u0119dzie wygl\u0105da\u0142 bardzo elegancko. Uwaga! Istnieje ryzyko, \u017ce pies przy\u0107mi tw\u00f3j outfit, wi\u0119c prosz\u0119 stosowa\u0107 wz\u00f3r z umiarem =P Rozmiar: du\u017ca muszka: ok. 11 cm x 6 cm ma\u0142a muszka: ok. 8 cm x 5 cm. Mocowanie:\u00a0muszka mocowana jest na paskach rzepowych, zapinanych dooko\u0142a ta\u015bmy<\/p>","protected":false},"featured_media":510,"template":"","meta":{"_acf_changed":false,"inline_featured_image":false},"product_brand":[],"product_cat":[138,48],"product_tag":[],"class_list":{"0":"post-2548","1":"product","2":"type-product","3":"status-publish","4":"has-post-thumbnail","6":"product_cat-blacknwhite","7":"product_cat-muszki","9":"first","10":"instock","11":"taxable","12":"shipping-taxable","13":"purchasable","14":"product-type-variable"},"acf":[],"_links":{"self":[{"href":"https:\/\/dev.baylabel.eu\/en\/wp-json\/wp\/v2\/product\/2548","targetHints":{"allow":["GET"]}}],"collection":[{"href":"https:\/\/dev.baylabel.eu\/en\/wp-json\/wp\/v2\/product"}],"about":[{"href":"https:\/\/dev.baylabel.eu\/en\/wp-json\/wp\/v2\/types\/product"}],"wp:featuredmedia":[{"embeddable":true,"href":"https:\/\/dev.baylabel.eu\/en\/wp-json\/wp\/v2\/media\/510"}],"wp:attachment":[{"href":"https:\/\/dev.baylabel.eu\/en\/wp-json\/wp\/v2\/media?parent=2548"}],"wp:term":[{"taxonomy":"product_brand","embeddable":true,"href":"https:\/\/dev.baylabel.eu\/en\/wp-json\/wp\/v2\/product_brand?post=2548"},{"taxonomy":"product_cat","embeddable":true,"href":"https:\/\/dev.baylabel.eu\/en\/wp-json\/wp\/v2\/product_cat?post=2548"},{"taxonomy":"product_tag","embeddable":true,"href":"https:\/\/dev.baylabel.eu\/en\/wp-json\/wp\/v2\/product_tag?post=2548"}],"curies":[{"name":"wp","href":"https:\/\/api.w.org\/{rel}","templated":true}]}}