{"id":26798,"date":"2025-07-25T15:43:28","date_gmt":"2025-07-25T13:43:28","guid":{"rendered":"https:\/\/dev.baylabel.eu\/produkt\/szelki-dla-psa-guard-easy-on-dognroll\/"},"modified":"2025-07-28T08:20:31","modified_gmt":"2025-07-28T06:20:31","slug":"szelki-dla-psa-guard-easy-on-dognroll","status":"publish","type":"product","link":"https:\/\/dev.baylabel.eu\/en\/product\/szelki-dla-psa-guard-easy-on-dognroll\/","title":{"rendered":"Szelki dla psa Guard Easy On Dog&#8217;n&#8217;Roll"},"content":{"rendered":"<p>Tw\u00f3j pies nie lubi zak\u0142adania szelek przez g\u0142ow\u0119? Mamy dla niego co\u015b specjalnego!<\/p>\n<p>Model Guard Easy On z czterema klamrami zapewnia wygodne zak\u0142adanie i \u015bci\u0105ganie szelek \u2013 bez stresu, bez gimnastyki, bez dyskomfortu. To idealna opcja dla ps\u00f3w wra\u017cliwych, adoptowanych, po przej\u015bciach lub takich, kt\u00f3re po prostu ceni\u0105 sobie komfort.<\/p>\n<p>Szelki Guard Easy On s\u0105 dopasowane do psiej anatomii, nie blokuj\u0105 \u0142opatek i nie naciskaj\u0105 na szyj\u0119. Dzi\u0119ki zastosowaniu 4 klamer (2 w obr\u0119czy na szyi, 2 w klatce piersiowej) szelki wygodnie i szybko si\u0119 zak\u0142ada oraz \u015bci\u0105ga &#8211; ka\u017cdy pies doceni to rozwi\u0105zanie. Klamry umieszczone s\u0105 symetrycznie, co zapewnia balans i ogranicza przekr\u0119canie si\u0119 szelek, a mocne ta\u015bmy, podw\u00f3jne szwy i wytrzyma\u0142e okucia zapewniaj\u0105 bezpiecze\u0144stwo podczas spacer\u00f3w.<\/p>\n<p>Zmierz dok\u0142adnie swojego psa i sprawd\u017a wymiary w tabeli &#8211; ze wzgl\u0119du na zastosowanie a\u017c 4 klamer zakres regulacji szelek Easy On jest mniejszy ni\u017c w standardowych szelkach guard.<\/p>\n<p>Wybierz wz\u00f3r, kt\u00f3ry pasuje do charakteru Twojego psa i ruszaj na spacer!<\/p>","protected":false},"excerpt":{"rendered":"<p>Tw\u00f3j pies nie lubi zak\u0142adania szelek przez g\u0142ow\u0119? Mamy dla niego co\u015b specjalnego! Model Guard Easy On z czterema klamrami zapewnia wygodne zak\u0142adanie i \u015bci\u0105ganie szelek \u2013 bez stresu, bez gimnastyki, bez dyskomfortu. To idealna opcja dla ps\u00f3w wra\u017cliwych, adoptowanych, po przej\u015bciach lub takich, kt\u00f3re po prostu ceni\u0105 sobie komfort. Szelki Guard Easy On s\u0105 [&hellip;]<\/p>","protected":false},"featured_media":26799,"template":"","meta":{"_acf_changed":false,"inline_featured_image":false},"product_brand":[],"product_cat":[147,210],"product_tag":[],"class_list":{"0":"post-26798","1":"product","2":"type-product","3":"status-publish","4":"has-post-thumbnail","6":"product_cat-dognroll","7":"product_cat-szelki-guard-easy-on","9":"first","10":"instock","11":"taxable","12":"shipping-taxable","13":"purchasable","14":"product-type-variable"},"acf":[],"_links":{"self":[{"href":"https:\/\/dev.baylabel.eu\/en\/wp-json\/wp\/v2\/product\/26798","targetHints":{"allow":["GET"]}}],"collection":[{"href":"https:\/\/dev.baylabel.eu\/en\/wp-json\/wp\/v2\/product"}],"about":[{"href":"https:\/\/dev.baylabel.eu\/en\/wp-json\/wp\/v2\/types\/product"}],"wp:featuredmedia":[{"embeddable":true,"href":"https:\/\/dev.baylabel.eu\/en\/wp-json\/wp\/v2\/media\/26799"}],"wp:attachment":[{"href":"https:\/\/dev.baylabel.eu\/en\/wp-json\/wp\/v2\/media?parent=26798"}],"wp:term":[{"taxonomy":"product_brand","embeddable":true,"href":"https:\/\/dev.baylabel.eu\/en\/wp-json\/wp\/v2\/product_brand?post=26798"},{"taxonomy":"product_cat","embeddable":true,"href":"https:\/\/dev.baylabel.eu\/en\/wp-json\/wp\/v2\/product_cat?post=26798"},{"taxonomy":"product_tag","embeddable":true,"href":"https:\/\/dev.baylabel.eu\/en\/wp-json\/wp\/v2\/product_tag?post=26798"}],"curies":[{"name":"wp","href":"https:\/\/api.w.org\/{rel}","templated":true}]}}