{"id":2799,"date":"2020-06-29T22:10:56","date_gmt":"2020-06-29T20:10:56","guid":{"rendered":"https:\/\/frydxvs.cluster030.hosting.ovh.net\/?post_type=product&#038;p=2799"},"modified":"2025-07-23T09:54:18","modified_gmt":"2025-07-23T07:54:18","slug":"bandamka-polish-onion","status":"publish","type":"product","link":"https:\/\/dev.baylabel.eu\/en\/product\/bandamka-polish-onion\/","title":{"rendered":"Bandan \u2013 Polish Onion"},"content":{"rendered":"<p><strong>Psiaczek Cebulaczek\u00a0<\/strong>\u2013\u00a0 oczy si\u0119 ciesz\u0105? a mo\u017ce szczypi\u0105? Cebulka, bo mojemu psu si\u0119 po prostu nale\u017cy! \ud83d\ude42<\/p>\n<p>&nbsp;<\/p>\n<p><strong>Size XS:<\/strong>\u00a0d\u0142ugo\u015b\u0107 ok. 8 cm, szeroko\u015b\u0107 ok. 10 cm<\/p>\n<p><strong>Size S:<\/strong>\u00a0d\u0142ugo\u015b\u0107 ok. 12 cm, szeroko\u015b\u0107 ok. 17 cm<\/p>\n<p><strong>Size M:<\/strong>\u00a0d\u0142ugo\u015b\u0107 ok. 15 cm, szeroko\u015b\u0107 ok. 22 cm<\/p>\n<p><strong>Size L:<\/strong>\u00a0d\u0142ugo\u015b\u0107 ok. 18 cm, szeroko\u015b\u0107 ok. 25 cm<\/p>\n<div class=\"vc_row wpb_row vc_row-fluid\">\n<div class=\"wpb_column vc_column_container vc_col-sm-12\">\n<div class=\"vc_column-inner\">\n<div class=\"wpb_wrapper\">\n<div class=\"wpb_text_column wpb_content_element\">\n<div class=\"wpb_wrapper\">\n<p>Due to the differences in the structure of the material, the colors of the prints may differ from the colors of the tapes.<\/p>\n<\/div>\n<\/div>\n<\/div>\n<\/div>\n<\/div>\n<\/div>","protected":false},"excerpt":{"rendered":"<p>Psiaczek Cebulaczek\u00a0\u2013\u00a0 oczy si\u0119 ciesz\u0105? a mo\u017ce szczypi\u0105? Cebulka, bo mojemu psu si\u0119 po prostu nale\u017cy! \ud83d\ude42 &nbsp; Rozmiar XS:\u00a0d\u0142ugo\u015b\u0107 ok. 8 cm, szeroko\u015b\u0107 ok. 10 cm Rozmiar S:\u00a0d\u0142ugo\u015b\u0107 ok. 12 cm, szeroko\u015b\u0107 ok. 17 cm Rozmiar M:\u00a0d\u0142ugo\u015b\u0107 ok. 15 cm, szeroko\u015b\u0107 ok. 22 cm Rozmiar L:\u00a0d\u0142ugo\u015b\u0107 ok. 18 cm, szeroko\u015b\u0107 ok. 25 cm Ze [&hellip;]<\/p>","protected":false},"featured_media":2804,"template":"","meta":{"_acf_changed":false,"inline_featured_image":false},"product_brand":[],"product_cat":[47,187],"product_tag":[],"class_list":{"0":"post-2799","1":"product","2":"type-product","3":"status-publish","4":"has-post-thumbnail","6":"product_cat-bandamy","7":"product_cat-psiaczek-cebulaczek","9":"first","10":"instock","11":"taxable","12":"shipping-taxable","13":"purchasable","14":"product-type-variable"},"acf":[],"_links":{"self":[{"href":"https:\/\/dev.baylabel.eu\/en\/wp-json\/wp\/v2\/product\/2799","targetHints":{"allow":["GET"]}}],"collection":[{"href":"https:\/\/dev.baylabel.eu\/en\/wp-json\/wp\/v2\/product"}],"about":[{"href":"https:\/\/dev.baylabel.eu\/en\/wp-json\/wp\/v2\/types\/product"}],"wp:featuredmedia":[{"embeddable":true,"href":"https:\/\/dev.baylabel.eu\/en\/wp-json\/wp\/v2\/media\/2804"}],"wp:attachment":[{"href":"https:\/\/dev.baylabel.eu\/en\/wp-json\/wp\/v2\/media?parent=2799"}],"wp:term":[{"taxonomy":"product_brand","embeddable":true,"href":"https:\/\/dev.baylabel.eu\/en\/wp-json\/wp\/v2\/product_brand?post=2799"},{"taxonomy":"product_cat","embeddable":true,"href":"https:\/\/dev.baylabel.eu\/en\/wp-json\/wp\/v2\/product_cat?post=2799"},{"taxonomy":"product_tag","embeddable":true,"href":"https:\/\/dev.baylabel.eu\/en\/wp-json\/wp\/v2\/product_tag?post=2799"}],"curies":[{"name":"wp","href":"https:\/\/api.w.org\/{rel}","templated":true}]}}