{"id":2807,"date":"2020-06-29T22:22:27","date_gmt":"2020-06-29T20:22:27","guid":{"rendered":"https:\/\/frydxvs.cluster030.hosting.ovh.net\/?post_type=product&#038;p=2807"},"modified":"2025-07-23T09:53:42","modified_gmt":"2025-07-23T07:53:42","slug":"obroza-polish-onion","status":"publish","type":"product","link":"https:\/\/dev.baylabel.eu\/en\/product\/obroza-polish-onion\/","title":{"rendered":"Dog Collar \u2013 Polish Onion"},"content":{"rendered":"<p><strong>Psiaczek Cebulaczek\u00a0<\/strong>\u2013\u00a0 oczy si\u0119 ciesz\u0105? a mo\u017ce szczypi\u0105? Cebulka, bo mojemu psu si\u0119 po prostu nale\u017cy! \ud83d\ude42<\/p>\n<p><strong>ta\u015bma:<\/strong>\u00a0mocna, g\u0142adka ta\u015bma z naszym autorskim wzorem, kt\u00f3ra zachowuje sw\u00f3j wygl\u0105d na d\u0142ugo. Bardzo \u0142atwa w czyszczeniu i piel\u0119gnacji.<\/p>\n<p><strong>okucia:<\/strong>\u00a0metalowe elementy zosta\u0142y pokryte czarnym kolorem zabezpieczaj\u0105cym akcesoria przed korozj\u0105.<\/p>\n<p><strong>projekt wzoru<\/strong>: Natalia Jura<\/p>","protected":false},"excerpt":{"rendered":"<p>Psiaczek Cebulaczek\u00a0\u2013\u00a0 oczy si\u0119 ciesz\u0105? a mo\u017ce szczypi\u0105? Cebulka, bo mojemu psu si\u0119 po prostu nale\u017cy! \ud83d\ude42 ta\u015bma:\u00a0mocna, g\u0142adka ta\u015bma z naszym autorskim wzorem, kt\u00f3ra zachowuje sw\u00f3j wygl\u0105d na d\u0142ugo. Bardzo \u0142atwa w czyszczeniu i piel\u0119gnacji. okucia:\u00a0metalowe elementy zosta\u0142y pokryte czarnym kolorem zabezpieczaj\u0105cym akcesoria przed korozj\u0105. projekt wzoru: Natalia Jura<\/p>","protected":false},"featured_media":2808,"template":"","meta":{"_acf_changed":false,"inline_featured_image":false},"product_brand":[],"product_cat":[50,49,187],"product_tag":[],"class_list":{"0":"post-2807","1":"product","2":"type-product","3":"status-publish","4":"has-post-thumbnail","6":"product_cat-obroze-obroze","7":"product_cat-obroze","8":"product_cat-psiaczek-cebulaczek","10":"first","11":"instock","12":"taxable","13":"shipping-taxable","14":"purchasable","15":"product-type-variable"},"acf":[],"_links":{"self":[{"href":"https:\/\/dev.baylabel.eu\/en\/wp-json\/wp\/v2\/product\/2807","targetHints":{"allow":["GET"]}}],"collection":[{"href":"https:\/\/dev.baylabel.eu\/en\/wp-json\/wp\/v2\/product"}],"about":[{"href":"https:\/\/dev.baylabel.eu\/en\/wp-json\/wp\/v2\/types\/product"}],"wp:featuredmedia":[{"embeddable":true,"href":"https:\/\/dev.baylabel.eu\/en\/wp-json\/wp\/v2\/media\/2808"}],"wp:attachment":[{"href":"https:\/\/dev.baylabel.eu\/en\/wp-json\/wp\/v2\/media?parent=2807"}],"wp:term":[{"taxonomy":"product_brand","embeddable":true,"href":"https:\/\/dev.baylabel.eu\/en\/wp-json\/wp\/v2\/product_brand?post=2807"},{"taxonomy":"product_cat","embeddable":true,"href":"https:\/\/dev.baylabel.eu\/en\/wp-json\/wp\/v2\/product_cat?post=2807"},{"taxonomy":"product_tag","embeddable":true,"href":"https:\/\/dev.baylabel.eu\/en\/wp-json\/wp\/v2\/product_tag?post=2807"}],"curies":[{"name":"wp","href":"https:\/\/api.w.org\/{rel}","templated":true}]}}