{"id":2945,"date":"2020-06-29T23:52:42","date_gmt":"2020-06-29T21:52:42","guid":{"rendered":"https:\/\/frydxvs.cluster030.hosting.ovh.net\/?post_type=product&#038;p=2945"},"modified":"2025-07-23T08:44:51","modified_gmt":"2025-07-23T06:44:51","slug":"smycz-przepinana-remove-after-walk","status":"publish","type":"product","link":"https:\/\/dev.baylabel.eu\/en\/product\/smycz-przepinana-remove-after-walk\/","title":{"rendered":"Adjustable leads - Remove After Walk"},"content":{"rendered":"<p><strong>Remove After Walk<\/strong><\/p>\n<p>ta\u015bma: mocna, g\u0142adka ta\u015bma z naszym autorskim wzorem, kt\u00f3ra zachowuje sw\u00f3j wygl\u0105d na d\u0142ugo. Bardzo \u0142atwa w czyszczeniu i piel\u0119gnacji. Szeroko\u015b\u0107 2,5 cm nadaje si\u0119 do ps\u00f3w wi\u0119kszych, lub silnie ci\u0105gn\u0105cych na spacerze, dla mniejszych polecamy szeroko\u015b\u0107 2 cm lub 1,5 cm, g\u0142\u00f3wnie przez r\u00f3\u017cnic\u0119 w wielko\u015bci i ci\u0119\u017carze karabink\u00f3w.<\/p>\n<p>okucia: metalowe elementy zosta\u0142y pokryte czarnym kolorem zabezpieczaj\u0105cym akcesoria przed korozj\u0105.<\/p>","protected":false},"excerpt":{"rendered":"<p>Remove After Walk ta\u015bma: mocna, g\u0142adka ta\u015bma z naszym autorskim wzorem, kt\u00f3ra zachowuje sw\u00f3j wygl\u0105d na d\u0142ugo. Bardzo \u0142atwa w czyszczeniu i piel\u0119gnacji. Szeroko\u015b\u0107 2,5 cm nadaje si\u0119 do ps\u00f3w wi\u0119kszych, lub silnie ci\u0105gn\u0105cych na spacerze, dla mniejszych polecamy szeroko\u015b\u0107 2 cm lub 1,5 cm, g\u0142\u00f3wnie przez r\u00f3\u017cnic\u0119 w wielko\u015bci i ci\u0119\u017carze karabink\u00f3w. okucia: metalowe [&hellip;]<\/p>","protected":false},"featured_media":2952,"template":"","meta":{"_acf_changed":false,"inline_featured_image":false},"product_brand":[],"product_cat":[189,53,60],"product_tag":[],"class_list":{"0":"post-2945","1":"product","2":"type-product","3":"status-publish","4":"has-post-thumbnail","6":"product_cat-remove-after-walk","7":"product_cat-smycz","8":"product_cat-smycz-przepinana","10":"first","11":"instock","12":"taxable","13":"shipping-taxable","14":"product-type-variable"},"acf":[],"_links":{"self":[{"href":"https:\/\/dev.baylabel.eu\/en\/wp-json\/wp\/v2\/product\/2945","targetHints":{"allow":["GET"]}}],"collection":[{"href":"https:\/\/dev.baylabel.eu\/en\/wp-json\/wp\/v2\/product"}],"about":[{"href":"https:\/\/dev.baylabel.eu\/en\/wp-json\/wp\/v2\/types\/product"}],"wp:featuredmedia":[{"embeddable":true,"href":"https:\/\/dev.baylabel.eu\/en\/wp-json\/wp\/v2\/media\/2952"}],"wp:attachment":[{"href":"https:\/\/dev.baylabel.eu\/en\/wp-json\/wp\/v2\/media?parent=2945"}],"wp:term":[{"taxonomy":"product_brand","embeddable":true,"href":"https:\/\/dev.baylabel.eu\/en\/wp-json\/wp\/v2\/product_brand?post=2945"},{"taxonomy":"product_cat","embeddable":true,"href":"https:\/\/dev.baylabel.eu\/en\/wp-json\/wp\/v2\/product_cat?post=2945"},{"taxonomy":"product_tag","embeddable":true,"href":"https:\/\/dev.baylabel.eu\/en\/wp-json\/wp\/v2\/product_tag?post=2945"}],"curies":[{"name":"wp","href":"https:\/\/api.w.org\/{rel}","templated":true}]}}