{"id":3044,"date":"2020-06-30T02:27:16","date_gmt":"2020-06-30T00:27:16","guid":{"rendered":"https:\/\/frydxvs.cluster030.hosting.ovh.net\/?post_type=product&#038;p=3044"},"modified":"2025-07-23T08:39:07","modified_gmt":"2025-07-23T06:39:07","slug":"muszka-polish-onion","status":"publish","type":"product","link":"https:\/\/dev.baylabel.eu\/en\/product\/muszka-polish-onion\/","title":{"rendered":"Bow Tie \u2013 Polish Onion"},"content":{"rendered":"<ul class=\"tabs wc-tabs product-tabs small-nav-collapse nav nav-uppercase nav-line nav-left\" role=\"tablist\">\n<li id=\"tab-title-ux_global_tab\" class=\"ux_global_tab_tab\" role=\"tab\" aria-controls=\"tab-ux_global_tab\"><a href=\"https:\/\/baylabel.pl\/produkt\/muszka-dla-psa-psiaczek-cebulaczek\/#tab-ux_global_tab\">Uwagi<\/a><\/li>\n<\/ul>\n<div class=\"tab-panels\">\n<div id=\"tab-description\" class=\"woocommerce-Tabs-panel woocommerce-Tabs-panel--description panel entry-content active\" role=\"tabpanel\" aria-labelledby=\"tab-title-description\">\n<p><strong>Psiaczek Cebulaczek\u00a0<\/strong>\u2013\u00a0 oczy si\u0119 ciesz\u0105? a mo\u017ce szczypi\u0105? Cebulka, bo mojemu psu si\u0119 po prostu nale\u017cy!<\/p>\n<p><strong>Size:<\/strong><\/p>\n<ul>\n<li>du\u017ca muszka: ok. 11 cm x 6 cm<\/li>\n<li>ma\u0142a muszka: ok. 8 cm x 5 cm.<\/li>\n<\/ul>\n<p><strong>Mocowanie:<\/strong>\u00a0muszka mocowana jest na paskach rzepowych, zapinanych dooko\u0142a ta\u015bmy<\/p>\n<\/div>\n<\/div>","protected":false},"excerpt":{"rendered":"<p>Uwagi Psiaczek Cebulaczek\u00a0\u2013\u00a0 oczy si\u0119 ciesz\u0105? a mo\u017ce szczypi\u0105? Cebulka, bo mojemu psu si\u0119 po prostu nale\u017cy! Rozmiar: du\u017ca muszka: ok. 11 cm x 6 cm ma\u0142a muszka: ok. 8 cm x 5 cm. Mocowanie:\u00a0muszka mocowana jest na paskach rzepowych, zapinanych dooko\u0142a ta\u015bmy<\/p>","protected":false},"featured_media":3045,"template":"","meta":{"_acf_changed":false,"inline_featured_image":false},"product_brand":[],"product_cat":[48,187],"product_tag":[],"class_list":{"0":"post-3044","1":"product","2":"type-product","3":"status-publish","4":"has-post-thumbnail","6":"product_cat-muszki","7":"product_cat-psiaczek-cebulaczek","9":"first","10":"instock","11":"taxable","12":"shipping-taxable","13":"purchasable","14":"product-type-variable"},"acf":[],"_links":{"self":[{"href":"https:\/\/dev.baylabel.eu\/en\/wp-json\/wp\/v2\/product\/3044","targetHints":{"allow":["GET"]}}],"collection":[{"href":"https:\/\/dev.baylabel.eu\/en\/wp-json\/wp\/v2\/product"}],"about":[{"href":"https:\/\/dev.baylabel.eu\/en\/wp-json\/wp\/v2\/types\/product"}],"wp:featuredmedia":[{"embeddable":true,"href":"https:\/\/dev.baylabel.eu\/en\/wp-json\/wp\/v2\/media\/3045"}],"wp:attachment":[{"href":"https:\/\/dev.baylabel.eu\/en\/wp-json\/wp\/v2\/media?parent=3044"}],"wp:term":[{"taxonomy":"product_brand","embeddable":true,"href":"https:\/\/dev.baylabel.eu\/en\/wp-json\/wp\/v2\/product_brand?post=3044"},{"taxonomy":"product_cat","embeddable":true,"href":"https:\/\/dev.baylabel.eu\/en\/wp-json\/wp\/v2\/product_cat?post=3044"},{"taxonomy":"product_tag","embeddable":true,"href":"https:\/\/dev.baylabel.eu\/en\/wp-json\/wp\/v2\/product_tag?post=3044"}],"curies":[{"name":"wp","href":"https:\/\/api.w.org\/{rel}","templated":true}]}}