{"id":3240,"date":"2020-07-23T01:07:58","date_gmt":"2020-07-22T23:07:58","guid":{"rendered":"https:\/\/frydxvs.cluster030.hosting.ovh.net\/?post_type=product&#038;p=3240"},"modified":"2024-09-05T14:29:26","modified_gmt":"2024-09-05T12:29:26","slug":"szelki-angel-navy","status":"publish","type":"product","link":"https:\/\/dev.baylabel.eu\/en\/product\/szelki-angel-navy\/","title":{"rendered":"Dog Harness \u2013 Angel Navy"},"content":{"rendered":"<p><strong>ta\u015bma:<\/strong>\u00a0mocna, g\u0142adka ta\u015bma, kt\u00f3ra zachowuje sw\u00f3j wygl\u0105d na d\u0142ugo. Bardzo \u0142atwa w czyszczeniu i piel\u0119gnacji.<\/p>\n<p><strong>okucia:<\/strong>\u00a0metalowe elementy zosta\u0142y pokryte czarnym kolorem zabezpieczaj\u0105cym akcesoria przed korozj\u0105.<\/p>\n<p>Dla ta\u015bmy 15 mm \u2013 rozpi\u0119to\u015b\u0107 skrzyde\u0142ek\u00a0 14 cm x 5.5 cm w najszerszych punktach<br \/>\nDla ta\u015bmy 20 mm \u2013 rozpi\u0119to\u015b\u0107 skrzyde\u0142ek\u00a0 14 cm x 5.5 cm w najszerszych punktach<br \/>\nDla ta\u015bmy 25 mm \u2013 rozpi\u0119to\u015b\u0107 skrzyde\u0142ek\u00a0 21 cm x 10 cm w najszerszych punktach<\/p>","protected":false},"excerpt":{"rendered":"<p>ta\u015bma:\u00a0mocna, g\u0142adka ta\u015bma, kt\u00f3ra zachowuje sw\u00f3j wygl\u0105d na d\u0142ugo. Bardzo \u0142atwa w czyszczeniu i piel\u0119gnacji. okucia:\u00a0metalowe elementy zosta\u0142y pokryte czarnym kolorem zabezpieczaj\u0105cym akcesoria przed korozj\u0105. Dla ta\u015bmy 15 mm \u2013 rozpi\u0119to\u015b\u0107 skrzyde\u0142ek\u00a0 14 cm x 5.5 cm w najszerszych punktach Dla ta\u015bmy 20 mm \u2013 rozpi\u0119to\u015b\u0107 skrzyde\u0142ek\u00a0 14 cm x 5.5 cm w najszerszych punktach [&hellip;]<\/p>","protected":false},"featured_media":3241,"template":"","meta":{"_acf_changed":false,"inline_featured_image":false},"product_brand":[],"product_cat":[70],"product_tag":[],"class_list":{"0":"post-3240","1":"product","2":"type-product","3":"status-publish","4":"has-post-thumbnail","6":"product_cat-seria-specjalna","8":"first","9":"instock","10":"taxable","11":"shipping-taxable","12":"purchasable","13":"product-type-variable"},"acf":[],"_links":{"self":[{"href":"https:\/\/dev.baylabel.eu\/en\/wp-json\/wp\/v2\/product\/3240","targetHints":{"allow":["GET"]}}],"collection":[{"href":"https:\/\/dev.baylabel.eu\/en\/wp-json\/wp\/v2\/product"}],"about":[{"href":"https:\/\/dev.baylabel.eu\/en\/wp-json\/wp\/v2\/types\/product"}],"wp:featuredmedia":[{"embeddable":true,"href":"https:\/\/dev.baylabel.eu\/en\/wp-json\/wp\/v2\/media\/3241"}],"wp:attachment":[{"href":"https:\/\/dev.baylabel.eu\/en\/wp-json\/wp\/v2\/media?parent=3240"}],"wp:term":[{"taxonomy":"product_brand","embeddable":true,"href":"https:\/\/dev.baylabel.eu\/en\/wp-json\/wp\/v2\/product_brand?post=3240"},{"taxonomy":"product_cat","embeddable":true,"href":"https:\/\/dev.baylabel.eu\/en\/wp-json\/wp\/v2\/product_cat?post=3240"},{"taxonomy":"product_tag","embeddable":true,"href":"https:\/\/dev.baylabel.eu\/en\/wp-json\/wp\/v2\/product_tag?post=3240"}],"curies":[{"name":"wp","href":"https:\/\/api.w.org\/{rel}","templated":true}]}}