{"id":3466,"date":"2020-08-12T01:00:49","date_gmt":"2020-08-11T23:00:49","guid":{"rendered":"https:\/\/frydxvs.cluster030.hosting.ovh.net\/?post_type=product&#038;p=3466"},"modified":"2025-07-23T08:08:01","modified_gmt":"2025-07-23T06:08:01","slug":"saszetka-na-smakolyki-dla-psa-food-porn","status":"publish","type":"product","link":"https:\/\/dev.baylabel.eu\/en\/product\/saszetka-na-smakolyki-dla-psa-food-porn\/","title":{"rendered":"Sachet for treats - Food Porn"},"content":{"rendered":"<p>\u015arednica ok. 10 cm<br \/>\nWysoko\u015b\u0107 ok. 13 cm<\/p>","protected":false},"excerpt":{"rendered":"<p>\u015arednica ok. 10 cm Wysoko\u015b\u0107 ok. 13 cm<\/p>","protected":false},"featured_media":3467,"template":"","meta":{"_acf_changed":false,"inline_featured_image":false},"product_brand":[],"product_cat":[150,71],"product_tag":[],"class_list":{"0":"post-3466","1":"product","2":"type-product","3":"status-publish","4":"has-post-thumbnail","6":"product_cat-food-porn","7":"product_cat-saszetki","9":"first","10":"instock","11":"taxable","12":"shipping-taxable","13":"purchasable","14":"product-type-simple"},"acf":[],"_links":{"self":[{"href":"https:\/\/dev.baylabel.eu\/en\/wp-json\/wp\/v2\/product\/3466","targetHints":{"allow":["GET"]}}],"collection":[{"href":"https:\/\/dev.baylabel.eu\/en\/wp-json\/wp\/v2\/product"}],"about":[{"href":"https:\/\/dev.baylabel.eu\/en\/wp-json\/wp\/v2\/types\/product"}],"wp:featuredmedia":[{"embeddable":true,"href":"https:\/\/dev.baylabel.eu\/en\/wp-json\/wp\/v2\/media\/3467"}],"wp:attachment":[{"href":"https:\/\/dev.baylabel.eu\/en\/wp-json\/wp\/v2\/media?parent=3466"}],"wp:term":[{"taxonomy":"product_brand","embeddable":true,"href":"https:\/\/dev.baylabel.eu\/en\/wp-json\/wp\/v2\/product_brand?post=3466"},{"taxonomy":"product_cat","embeddable":true,"href":"https:\/\/dev.baylabel.eu\/en\/wp-json\/wp\/v2\/product_cat?post=3466"},{"taxonomy":"product_tag","embeddable":true,"href":"https:\/\/dev.baylabel.eu\/en\/wp-json\/wp\/v2\/product_tag?post=3466"}],"curies":[{"name":"wp","href":"https:\/\/api.w.org\/{rel}","templated":true}]}}