{"id":418,"date":"2020-05-12T00:10:30","date_gmt":"2020-05-11T22:10:30","guid":{"rendered":"http:\/\/eyfciph.cluster028.hosting.ovh.net\/?post_type=product&#038;p=418"},"modified":"2025-07-23T11:45:49","modified_gmt":"2025-07-23T09:45:49","slug":"bandamka-over-the-rainbow","status":"publish","type":"product","link":"https:\/\/dev.baylabel.eu\/en\/product\/bandamka-over-the-rainbow\/","title":{"rendered":"Bandan \u2013 Over The Rainbow"},"content":{"rendered":"<p><strong>Over the Rainbow<\/strong>\u00a0\u2013 Jednoro\u017cce to ju\u017c nasz kultowy wz\u00f3r, podbi\u0142y Wasze serca, a teraz powracaj\u0105 w nowej, dwukolorowej wersji. Przep\u0119d\u017a z jednoro\u017ccowym wzorem wszelkie troski i zmartwienia!<\/p>\n<p>Bandana jest dwustronna, z jednej strony s\u0105 jednoro\u017cce na mi\u0119towym tle z drugiej na r\u00f3\u017cowym.<\/p>\n<p><strong>Size XS:<\/strong>\u00a0d\u0142ugo\u015b\u0107 ok. 8 cm, szeroko\u015b\u0107 ok. 10 cm<\/p>\n<p><strong>Size S:<\/strong>\u00a0d\u0142ugo\u015b\u0107 ok. 12 cm, szeroko\u015b\u0107 ok. 17 cm<\/p>\n<p><strong>Size M:<\/strong>\u00a0d\u0142ugo\u015b\u0107 ok. 15 cm, szeroko\u015b\u0107 ok. 22 cm<\/p>\n<p><strong>Size L:<\/strong>\u00a0d\u0142ugo\u015b\u0107 ok. 18 cm, szeroko\u015b\u0107 ok. 25 cm<\/p>\n<div class=\"vc_row wpb_row vc_row-fluid\">\n<div class=\"wpb_column vc_column_container vc_col-sm-12\">\n<div class=\"vc_column-inner\">\n<div class=\"wpb_wrapper\">\n<div class=\"wpb_text_column wpb_content_element\">\n<div class=\"wpb_wrapper\">\n<p>Due to the differences in the structure of the material, the colors of the prints may differ from the colors of the tapes.<\/p>\n<\/div>\n<\/div>\n<\/div>\n<\/div>\n<\/div>\n<\/div>","protected":false},"excerpt":{"rendered":"<p>Over the Rainbow\u00a0\u2013 Jednoro\u017cce to ju\u017c nasz kultowy wz\u00f3r, podbi\u0142y Wasze serca, a teraz powracaj\u0105 w nowej, dwukolorowej wersji. Przep\u0119d\u017a z jednoro\u017ccowym wzorem wszelkie troski i zmartwienia! Bandana jest dwustronna, z jednej strony s\u0105 jednoro\u017cce na mi\u0119towym tle z drugiej na r\u00f3\u017cowym. Rozmiar XS:\u00a0d\u0142ugo\u015b\u0107 ok. 8 cm, szeroko\u015b\u0107 ok. 10 cm Rozmiar S:\u00a0d\u0142ugo\u015b\u0107 ok. 12 [&hellip;]<\/p>","protected":false},"featured_media":419,"template":"","meta":{"_acf_changed":false,"inline_featured_image":false},"product_brand":[],"product_cat":[47,172],"product_tag":[],"class_list":{"0":"post-418","1":"product","2":"type-product","3":"status-publish","4":"has-post-thumbnail","6":"product_cat-bandamy","7":"product_cat-over-the-rainbow","9":"first","10":"instock","11":"taxable","12":"shipping-taxable","13":"purchasable","14":"product-type-variable"},"acf":[],"_links":{"self":[{"href":"https:\/\/dev.baylabel.eu\/en\/wp-json\/wp\/v2\/product\/418","targetHints":{"allow":["GET"]}}],"collection":[{"href":"https:\/\/dev.baylabel.eu\/en\/wp-json\/wp\/v2\/product"}],"about":[{"href":"https:\/\/dev.baylabel.eu\/en\/wp-json\/wp\/v2\/types\/product"}],"wp:featuredmedia":[{"embeddable":true,"href":"https:\/\/dev.baylabel.eu\/en\/wp-json\/wp\/v2\/media\/419"}],"wp:attachment":[{"href":"https:\/\/dev.baylabel.eu\/en\/wp-json\/wp\/v2\/media?parent=418"}],"wp:term":[{"taxonomy":"product_brand","embeddable":true,"href":"https:\/\/dev.baylabel.eu\/en\/wp-json\/wp\/v2\/product_brand?post=418"},{"taxonomy":"product_cat","embeddable":true,"href":"https:\/\/dev.baylabel.eu\/en\/wp-json\/wp\/v2\/product_cat?post=418"},{"taxonomy":"product_tag","embeddable":true,"href":"https:\/\/dev.baylabel.eu\/en\/wp-json\/wp\/v2\/product_tag?post=418"}],"curies":[{"name":"wp","href":"https:\/\/api.w.org\/{rel}","templated":true}]}}