{"id":424,"date":"2020-05-12T00:16:33","date_gmt":"2020-05-11T22:16:33","guid":{"rendered":"http:\/\/eyfciph.cluster028.hosting.ovh.net\/?post_type=product&#038;p=424"},"modified":"2025-07-23T11:45:30","modified_gmt":"2025-07-23T09:45:30","slug":"bandamka-van-dogh","status":"publish","type":"product","link":"https:\/\/dev.baylabel.eu\/en\/product\/bandamka-van-dogh\/","title":{"rendered":"Bandan - Van Dogh"},"content":{"rendered":"<p><strong>Van Dogh<\/strong>\u00a0\u2013 To wz\u00f3r inspirowany tw\u00f3rczo\u015bci\u0105 Van Gogha i jego obrazem gwie\u017adzista noc. Nastrojowy wz\u00f3r w fale pi\u0119knie podkre\u015bli ka\u017cde futerko, sprawiaj\u0105c, \u017ce pies b\u0119dzie wygl\u0105da\u0142 wyj\u0105tkowo.<\/p>\n<p><strong>Size XS:<\/strong>\u00a0d\u0142ugo\u015b\u0107 ok. 8 cm, szeroko\u015b\u0107 ok. 10 cm<\/p>\n<p><strong>Size S:<\/strong>\u00a0d\u0142ugo\u015b\u0107 ok. 12 cm, szeroko\u015b\u0107 ok. 17 cm<\/p>\n<p><strong>Size M:<\/strong>\u00a0d\u0142ugo\u015b\u0107 ok. 15 cm, szeroko\u015b\u0107 ok. 22 cm<\/p>\n<p><strong>Size L:<\/strong>\u00a0d\u0142ugo\u015b\u0107 ok. 18 cm, szeroko\u015b\u0107 ok. 25 cm<\/p>\n<div class=\"vc_row wpb_row vc_row-fluid\">\n<div class=\"wpb_column vc_column_container vc_col-sm-12\">\n<div class=\"vc_column-inner\">\n<div class=\"wpb_wrapper\">\n<div class=\"wpb_text_column wpb_content_element\">\n<div class=\"wpb_wrapper\">\n<p>Due to the differences in the structure of the material, the colors of the prints may differ from the colors of the tapes.<\/p>\n<\/div>\n<\/div>\n<\/div>\n<\/div>\n<\/div>\n<\/div>","protected":false},"excerpt":{"rendered":"<p>Van Dogh\u00a0\u2013 To wz\u00f3r inspirowany tw\u00f3rczo\u015bci\u0105 Van Gogha i jego obrazem gwie\u017adzista noc. Nastrojowy wz\u00f3r w fale pi\u0119knie podkre\u015bli ka\u017cde futerko, sprawiaj\u0105c, \u017ce pies b\u0119dzie wygl\u0105da\u0142 wyj\u0105tkowo. Rozmiar XS:\u00a0d\u0142ugo\u015b\u0107 ok. 8 cm, szeroko\u015b\u0107 ok. 10 cm Rozmiar S:\u00a0d\u0142ugo\u015b\u0107 ok. 12 cm, szeroko\u015b\u0107 ok. 17 cm Rozmiar M:\u00a0d\u0142ugo\u015b\u0107 ok. 15 cm, szeroko\u015b\u0107 ok. 22 cm Rozmiar [&hellip;]<\/p>","protected":false},"featured_media":425,"template":"","meta":{"_acf_changed":false,"inline_featured_image":false},"product_brand":[],"product_cat":[47,200],"product_tag":[],"class_list":{"0":"post-424","1":"product","2":"type-product","3":"status-publish","4":"has-post-thumbnail","6":"product_cat-bandamy","7":"product_cat-van-dogh","9":"first","10":"instock","11":"taxable","12":"shipping-taxable","13":"purchasable","14":"product-type-variable"},"acf":[],"_links":{"self":[{"href":"https:\/\/dev.baylabel.eu\/en\/wp-json\/wp\/v2\/product\/424","targetHints":{"allow":["GET"]}}],"collection":[{"href":"https:\/\/dev.baylabel.eu\/en\/wp-json\/wp\/v2\/product"}],"about":[{"href":"https:\/\/dev.baylabel.eu\/en\/wp-json\/wp\/v2\/types\/product"}],"wp:featuredmedia":[{"embeddable":true,"href":"https:\/\/dev.baylabel.eu\/en\/wp-json\/wp\/v2\/media\/425"}],"wp:attachment":[{"href":"https:\/\/dev.baylabel.eu\/en\/wp-json\/wp\/v2\/media?parent=424"}],"wp:term":[{"taxonomy":"product_brand","embeddable":true,"href":"https:\/\/dev.baylabel.eu\/en\/wp-json\/wp\/v2\/product_brand?post=424"},{"taxonomy":"product_cat","embeddable":true,"href":"https:\/\/dev.baylabel.eu\/en\/wp-json\/wp\/v2\/product_cat?post=424"},{"taxonomy":"product_tag","embeddable":true,"href":"https:\/\/dev.baylabel.eu\/en\/wp-json\/wp\/v2\/product_tag?post=424"}],"curies":[{"name":"wp","href":"https:\/\/api.w.org\/{rel}","templated":true}]}}