{"id":430,"date":"2020-05-12T00:20:33","date_gmt":"2020-05-11T22:20:33","guid":{"rendered":"http:\/\/eyfciph.cluster028.hosting.ovh.net\/?post_type=product&#038;p=430"},"modified":"2025-07-23T11:45:15","modified_gmt":"2025-07-23T09:45:15","slug":"bandamka-super-hero","status":"publish","type":"product","link":"https:\/\/dev.baylabel.eu\/en\/product\/bandamka-super-hero\/","title":{"rendered":"Bandan \u2013 Super Hero"},"content":{"rendered":"<p><strong>Super Hero<\/strong>\u00a0\u2013 I zosta\u0144 bohaterem w swoim domu! =)\u00a0 Ten wz\u00f3r zosta\u0142 zaprojektowany dla wszystkich prawdziwych psich superbohater\u00f3w. Ka\u017cdy ma na pewno swoj\u0105 super moc, kt\u00f3ra w po\u0142\u0105czeniu z wypasionym strojem, stworzy z niego legendarn\u0105 posta\u0107!<\/p>\n<p>Bandana jest dwustronna, z jednej strony jest wz\u00f3r czerwony, z drugiej granatowy.<\/p>\n<p><strong>Size XS:<\/strong>\u00a0d\u0142ugo\u015b\u0107 ok. 8 cm, szeroko\u015b\u0107 ok. 10 cm<\/p>\n<p><strong>Size S:<\/strong>\u00a0d\u0142ugo\u015b\u0107 ok. 12 cm, szeroko\u015b\u0107 ok. 17 cm<\/p>\n<p><strong>Size M:<\/strong>\u00a0d\u0142ugo\u015b\u0107 ok. 15 cm, szeroko\u015b\u0107 ok. 22 cm<\/p>\n<p><strong>Size L:<\/strong>\u00a0d\u0142ugo\u015b\u0107 ok. 18 cm, szeroko\u015b\u0107 ok. 25 cm<\/p>\n<div class=\"vc_row wpb_row vc_row-fluid\">\n<div class=\"wpb_column vc_column_container vc_col-sm-12\">\n<div class=\"vc_column-inner\">\n<div class=\"wpb_wrapper\">\n<div class=\"wpb_text_column wpb_content_element\">\n<div class=\"wpb_wrapper\">\n<p>Due to the differences in the structure of the material, the colors of the prints may differ from the colors of the tapes.<\/p>\n<\/div>\n<\/div>\n<\/div>\n<\/div>\n<\/div>\n<\/div>","protected":false},"excerpt":{"rendered":"<p>Super Hero\u00a0\u2013 I zosta\u0144 bohaterem w swoim domu! =)\u00a0 Ten wz\u00f3r zosta\u0142 zaprojektowany dla wszystkich prawdziwych psich superbohater\u00f3w. Ka\u017cdy ma na pewno swoj\u0105 super moc, kt\u00f3ra w po\u0142\u0105czeniu z wypasionym strojem, stworzy z niego legendarn\u0105 posta\u0107! Bandana jest dwustronna, z jednej strony jest wz\u00f3r czerwony, z drugiej granatowy. Rozmiar XS:\u00a0d\u0142ugo\u015b\u0107 ok. 8 cm, szeroko\u015b\u0107 ok. [&hellip;]<\/p>","protected":false},"featured_media":431,"template":"","meta":{"_acf_changed":false,"inline_featured_image":false},"product_brand":[],"product_cat":[47,196],"product_tag":[],"class_list":{"0":"post-430","1":"product","2":"type-product","3":"status-publish","4":"has-post-thumbnail","6":"product_cat-bandamy","7":"product_cat-super-hero","9":"first","10":"instock","11":"taxable","12":"shipping-taxable","13":"purchasable","14":"product-type-variable"},"acf":[],"_links":{"self":[{"href":"https:\/\/dev.baylabel.eu\/en\/wp-json\/wp\/v2\/product\/430","targetHints":{"allow":["GET"]}}],"collection":[{"href":"https:\/\/dev.baylabel.eu\/en\/wp-json\/wp\/v2\/product"}],"about":[{"href":"https:\/\/dev.baylabel.eu\/en\/wp-json\/wp\/v2\/types\/product"}],"wp:featuredmedia":[{"embeddable":true,"href":"https:\/\/dev.baylabel.eu\/en\/wp-json\/wp\/v2\/media\/431"}],"wp:attachment":[{"href":"https:\/\/dev.baylabel.eu\/en\/wp-json\/wp\/v2\/media?parent=430"}],"wp:term":[{"taxonomy":"product_brand","embeddable":true,"href":"https:\/\/dev.baylabel.eu\/en\/wp-json\/wp\/v2\/product_brand?post=430"},{"taxonomy":"product_cat","embeddable":true,"href":"https:\/\/dev.baylabel.eu\/en\/wp-json\/wp\/v2\/product_cat?post=430"},{"taxonomy":"product_tag","embeddable":true,"href":"https:\/\/dev.baylabel.eu\/en\/wp-json\/wp\/v2\/product_tag?post=430"}],"curies":[{"name":"wp","href":"https:\/\/api.w.org\/{rel}","templated":true}]}}