{"id":485,"date":"2020-05-12T08:17:10","date_gmt":"2020-05-12T06:17:10","guid":{"rendered":"http:\/\/eyfciph.cluster028.hosting.ovh.net\/?post_type=product&#038;p=485"},"modified":"2025-07-23T11:43:26","modified_gmt":"2025-07-23T09:43:26","slug":"muszka-food-porn","status":"publish","type":"product","link":"https:\/\/dev.baylabel.eu\/en\/product\/muszka-food-porn\/","title":{"rendered":"Bow Tie \u2013 Food Porn"},"content":{"rendered":"<p><strong>Food Porn<\/strong>\u00a0\u2013 To idealny wz\u00f3r dla psich \u0142akomczuszk\u00f3w! Je\u015bli Tw\u00f3j pies uwielbia je\u015b\u0107, to wz\u00f3r idealny dla niego!<\/p>\n<p><strong>Size:<\/strong><\/p>\n<ul>\n<li>du\u017ca muszka: ok. 11 cm x 6 cm<\/li>\n<li>ma\u0142a muszka: ok. 8 cm x 5 cm.<\/li>\n<\/ul>\n<p><strong>Mocowanie:<\/strong>\u00a0muszka mocowana jest na paskach rzepowych, zapinanych dooko\u0142a ta\u015bmy<\/p>","protected":false},"excerpt":{"rendered":"<p>Food Porn\u00a0\u2013 To idealny wz\u00f3r dla psich \u0142akomczuszk\u00f3w! Je\u015bli Tw\u00f3j pies uwielbia je\u015b\u0107, to wz\u00f3r idealny dla niego! Rozmiar: du\u017ca muszka: ok. 11 cm x 6 cm ma\u0142a muszka: ok. 8 cm x 5 cm. Mocowanie:\u00a0muszka mocowana jest na paskach rzepowych, zapinanych dooko\u0142a ta\u015bmy<\/p>","protected":false},"featured_media":486,"template":"","meta":{"_acf_changed":false,"inline_featured_image":false},"product_brand":[],"product_cat":[150,48],"product_tag":[],"class_list":{"0":"post-485","1":"product","2":"type-product","3":"status-publish","4":"has-post-thumbnail","6":"product_cat-food-porn","7":"product_cat-muszki","9":"first","10":"instock","11":"taxable","12":"shipping-taxable","13":"purchasable","14":"product-type-variable"},"acf":[],"_links":{"self":[{"href":"https:\/\/dev.baylabel.eu\/en\/wp-json\/wp\/v2\/product\/485","targetHints":{"allow":["GET"]}}],"collection":[{"href":"https:\/\/dev.baylabel.eu\/en\/wp-json\/wp\/v2\/product"}],"about":[{"href":"https:\/\/dev.baylabel.eu\/en\/wp-json\/wp\/v2\/types\/product"}],"wp:featuredmedia":[{"embeddable":true,"href":"https:\/\/dev.baylabel.eu\/en\/wp-json\/wp\/v2\/media\/486"}],"wp:attachment":[{"href":"https:\/\/dev.baylabel.eu\/en\/wp-json\/wp\/v2\/media?parent=485"}],"wp:term":[{"taxonomy":"product_brand","embeddable":true,"href":"https:\/\/dev.baylabel.eu\/en\/wp-json\/wp\/v2\/product_brand?post=485"},{"taxonomy":"product_cat","embeddable":true,"href":"https:\/\/dev.baylabel.eu\/en\/wp-json\/wp\/v2\/product_cat?post=485"},{"taxonomy":"product_tag","embeddable":true,"href":"https:\/\/dev.baylabel.eu\/en\/wp-json\/wp\/v2\/product_tag?post=485"}],"curies":[{"name":"wp","href":"https:\/\/api.w.org\/{rel}","templated":true}]}}