{"id":525,"date":"2020-05-12T08:50:02","date_gmt":"2020-05-12T06:50:02","guid":{"rendered":"http:\/\/eyfciph.cluster028.hosting.ovh.net\/?post_type=product&#038;p=525"},"modified":"2025-07-23T11:41:06","modified_gmt":"2025-07-23T09:41:06","slug":"muszka-over-the-rainbow","status":"publish","type":"product","link":"https:\/\/dev.baylabel.eu\/en\/product\/muszka-over-the-rainbow\/","title":{"rendered":"Bow Tie \u2013 Over the Rainbow"},"content":{"rendered":"<p><strong>Over the Rainbow<\/strong>\u00a0\u2013 Jednoro\u017cce to ju\u017c nasz kultowy wz\u00f3r, podbi\u0142y Wasze serca, a teraz powracaj\u0105 w nowej, dwukolorowej wersji. Przep\u0119d\u017a z jednoro\u017ccowym wzorem wszelkie troski i zmartwienia!<\/p>\n<p><strong>Size:<\/strong><\/p>\n<ul>\n<li>du\u017ca muszka: ok. 11 cm x 6 cm<\/li>\n<li>ma\u0142a muszka: ok. 8 cm x 5 cm.<\/li>\n<\/ul>\n<p><strong>Mocowanie:<\/strong>\u00a0muszka mocowana jest na paskach rzepowych, zapinanych dooko\u0142a ta\u015bmy<\/p>","protected":false},"excerpt":{"rendered":"<p>Over the Rainbow\u00a0\u2013 Jednoro\u017cce to ju\u017c nasz kultowy wz\u00f3r, podbi\u0142y Wasze serca, a teraz powracaj\u0105 w nowej, dwukolorowej wersji. Przep\u0119d\u017a z jednoro\u017ccowym wzorem wszelkie troski i zmartwienia! Rozmiar: du\u017ca muszka: ok. 11 cm x 6 cm ma\u0142a muszka: ok. 8 cm x 5 cm. Mocowanie:\u00a0muszka mocowana jest na paskach rzepowych, zapinanych dooko\u0142a ta\u015bmy<\/p>","protected":false},"featured_media":526,"template":"","meta":{"_acf_changed":false,"inline_featured_image":false},"product_brand":[],"product_cat":[48,172],"product_tag":[],"class_list":{"0":"post-525","1":"product","2":"type-product","3":"status-publish","4":"has-post-thumbnail","6":"product_cat-muszki","7":"product_cat-over-the-rainbow","9":"first","10":"instock","11":"taxable","12":"shipping-taxable","13":"purchasable","14":"product-type-variable"},"acf":[],"_links":{"self":[{"href":"https:\/\/dev.baylabel.eu\/en\/wp-json\/wp\/v2\/product\/525","targetHints":{"allow":["GET"]}}],"collection":[{"href":"https:\/\/dev.baylabel.eu\/en\/wp-json\/wp\/v2\/product"}],"about":[{"href":"https:\/\/dev.baylabel.eu\/en\/wp-json\/wp\/v2\/types\/product"}],"wp:featuredmedia":[{"embeddable":true,"href":"https:\/\/dev.baylabel.eu\/en\/wp-json\/wp\/v2\/media\/526"}],"wp:attachment":[{"href":"https:\/\/dev.baylabel.eu\/en\/wp-json\/wp\/v2\/media?parent=525"}],"wp:term":[{"taxonomy":"product_brand","embeddable":true,"href":"https:\/\/dev.baylabel.eu\/en\/wp-json\/wp\/v2\/product_brand?post=525"},{"taxonomy":"product_cat","embeddable":true,"href":"https:\/\/dev.baylabel.eu\/en\/wp-json\/wp\/v2\/product_cat?post=525"},{"taxonomy":"product_tag","embeddable":true,"href":"https:\/\/dev.baylabel.eu\/en\/wp-json\/wp\/v2\/product_tag?post=525"}],"curies":[{"name":"wp","href":"https:\/\/api.w.org\/{rel}","templated":true}]}}