{"id":533,"date":"2020-05-12T08:54:27","date_gmt":"2020-05-12T06:54:27","guid":{"rendered":"http:\/\/eyfciph.cluster028.hosting.ovh.net\/?post_type=product&#038;p=533"},"modified":"2025-07-23T11:40:58","modified_gmt":"2025-07-23T09:40:58","slug":"muszka-van-dogh","status":"publish","type":"product","link":"https:\/\/dev.baylabel.eu\/en\/product\/muszka-van-dogh\/","title":{"rendered":"Bow Tie \u2013 Van Dogh"},"content":{"rendered":"<p><strong>Van Dogh<\/strong>\u00a0\u2013 To wz\u00f3r inspirowany tw\u00f3rczo\u015bci\u0105 Van Gogha i jego obrazem gwie\u017adzista noc. Nastrojowy wz\u00f3r w fale pi\u0119knie podkre\u015bli ka\u017cde futerko, sprawiaj\u0105c, \u017ce pies b\u0119dzie wygl\u0105da\u0142 wyj\u0105tkowo.<\/p>\n<p><strong>Size:<\/strong><\/p>\n<ul>\n<li>du\u017ca muszka: ok. 11 cm x 6 cm<\/li>\n<li>ma\u0142a muszka: ok. 8 cm x 5 cm.<\/li>\n<\/ul>\n<p><strong>Mocowanie:<\/strong>\u00a0muszka mocowana jest na paskach rzepowych, zapinanych dooko\u0142a ta\u015bmy<\/p>","protected":false},"excerpt":{"rendered":"<p>Van Dogh\u00a0\u2013 To wz\u00f3r inspirowany tw\u00f3rczo\u015bci\u0105 Van Gogha i jego obrazem gwie\u017adzista noc. Nastrojowy wz\u00f3r w fale pi\u0119knie podkre\u015bli ka\u017cde futerko, sprawiaj\u0105c, \u017ce pies b\u0119dzie wygl\u0105da\u0142 wyj\u0105tkowo. Rozmiar: du\u017ca muszka: ok. 11 cm x 6 cm ma\u0142a muszka: ok. 8 cm x 5 cm. Mocowanie:\u00a0muszka mocowana jest na paskach rzepowych, zapinanych dooko\u0142a ta\u015bmy<\/p>","protected":false},"featured_media":534,"template":"","meta":{"_acf_changed":false,"inline_featured_image":false},"product_brand":[],"product_cat":[48,200],"product_tag":[],"class_list":{"0":"post-533","1":"product","2":"type-product","3":"status-publish","4":"has-post-thumbnail","6":"product_cat-muszki","7":"product_cat-van-dogh","9":"first","10":"instock","11":"taxable","12":"shipping-taxable","13":"purchasable","14":"product-type-variable"},"acf":[],"_links":{"self":[{"href":"https:\/\/dev.baylabel.eu\/en\/wp-json\/wp\/v2\/product\/533","targetHints":{"allow":["GET"]}}],"collection":[{"href":"https:\/\/dev.baylabel.eu\/en\/wp-json\/wp\/v2\/product"}],"about":[{"href":"https:\/\/dev.baylabel.eu\/en\/wp-json\/wp\/v2\/types\/product"}],"wp:featuredmedia":[{"embeddable":true,"href":"https:\/\/dev.baylabel.eu\/en\/wp-json\/wp\/v2\/media\/534"}],"wp:attachment":[{"href":"https:\/\/dev.baylabel.eu\/en\/wp-json\/wp\/v2\/media?parent=533"}],"wp:term":[{"taxonomy":"product_brand","embeddable":true,"href":"https:\/\/dev.baylabel.eu\/en\/wp-json\/wp\/v2\/product_brand?post=533"},{"taxonomy":"product_cat","embeddable":true,"href":"https:\/\/dev.baylabel.eu\/en\/wp-json\/wp\/v2\/product_cat?post=533"},{"taxonomy":"product_tag","embeddable":true,"href":"https:\/\/dev.baylabel.eu\/en\/wp-json\/wp\/v2\/product_tag?post=533"}],"curies":[{"name":"wp","href":"https:\/\/api.w.org\/{rel}","templated":true}]}}