{"id":537,"date":"2020-05-12T08:56:12","date_gmt":"2020-05-12T06:56:12","guid":{"rendered":"http:\/\/eyfciph.cluster028.hosting.ovh.net\/?post_type=product&#038;p=537"},"modified":"2025-07-23T11:40:42","modified_gmt":"2025-07-23T09:40:42","slug":"muszka-super-hero","status":"publish","type":"product","link":"https:\/\/dev.baylabel.eu\/en\/product\/muszka-super-hero\/","title":{"rendered":"Bow Tie \u2013 Super Hero"},"content":{"rendered":"<p><strong>Super Hero<\/strong>\u00a0\u2013 I zosta\u0144 bohaterem w swoim domu! =)\u00a0 Ten wz\u00f3r zosta\u0142 zaprojektowany dla wszystkich prawdziwych psich superbohater\u00f3w. Ka\u017cdy ma na pewno swoj\u0105 super moc, kt\u00f3ra w po\u0142\u0105czeniu z wypasionym strojem, stworzy z niego legendarn\u0105 posta\u0107!<\/p>\n<p><strong>Size:<\/strong><\/p>\n<ul>\n<li>du\u017ca muszka: ok. 11 cm x 6 cm<\/li>\n<li>ma\u0142a muszka: ok. 8 cm x 5 cm.<\/li>\n<\/ul>\n<p><strong>Mocowanie:<\/strong>\u00a0muszka mocowana jest na paskach rzepowych, zapinanych dooko\u0142a ta\u015bmy<\/p>","protected":false},"excerpt":{"rendered":"<p>Super Hero\u00a0\u2013 I zosta\u0144 bohaterem w swoim domu! =)\u00a0 Ten wz\u00f3r zosta\u0142 zaprojektowany dla wszystkich prawdziwych psich superbohater\u00f3w. Ka\u017cdy ma na pewno swoj\u0105 super moc, kt\u00f3ra w po\u0142\u0105czeniu z wypasionym strojem, stworzy z niego legendarn\u0105 posta\u0107! Rozmiar: du\u017ca muszka: ok. 11 cm x 6 cm ma\u0142a muszka: ok. 8 cm x 5 cm. Mocowanie:\u00a0muszka mocowana [&hellip;]<\/p>","protected":false},"featured_media":538,"template":"","meta":{"_acf_changed":false,"inline_featured_image":false},"product_brand":[],"product_cat":[48,196],"product_tag":[],"class_list":{"0":"post-537","1":"product","2":"type-product","3":"status-publish","4":"has-post-thumbnail","6":"product_cat-muszki","7":"product_cat-super-hero","9":"first","10":"instock","11":"taxable","12":"shipping-taxable","13":"purchasable","14":"product-type-variable"},"acf":[],"_links":{"self":[{"href":"https:\/\/dev.baylabel.eu\/en\/wp-json\/wp\/v2\/product\/537","targetHints":{"allow":["GET"]}}],"collection":[{"href":"https:\/\/dev.baylabel.eu\/en\/wp-json\/wp\/v2\/product"}],"about":[{"href":"https:\/\/dev.baylabel.eu\/en\/wp-json\/wp\/v2\/types\/product"}],"wp:featuredmedia":[{"embeddable":true,"href":"https:\/\/dev.baylabel.eu\/en\/wp-json\/wp\/v2\/media\/538"}],"wp:attachment":[{"href":"https:\/\/dev.baylabel.eu\/en\/wp-json\/wp\/v2\/media?parent=537"}],"wp:term":[{"taxonomy":"product_brand","embeddable":true,"href":"https:\/\/dev.baylabel.eu\/en\/wp-json\/wp\/v2\/product_brand?post=537"},{"taxonomy":"product_cat","embeddable":true,"href":"https:\/\/dev.baylabel.eu\/en\/wp-json\/wp\/v2\/product_cat?post=537"},{"taxonomy":"product_tag","embeddable":true,"href":"https:\/\/dev.baylabel.eu\/en\/wp-json\/wp\/v2\/product_tag?post=537"}],"curies":[{"name":"wp","href":"https:\/\/api.w.org\/{rel}","templated":true}]}}