{"id":6188,"date":"2021-08-09T00:17:00","date_gmt":"2021-08-08T22:17:00","guid":{"rendered":"https:\/\/frydxvs.cluster030.hosting.ovh.net\/?post_type=product&#038;p=6188"},"modified":"2025-07-22T13:59:24","modified_gmt":"2025-07-22T11:59:24","slug":"saszetka-na-smakolyki-dla-psa-colors-of-the-wind","status":"publish","type":"product","link":"https:\/\/dev.baylabel.eu\/en\/product\/saszetka-na-smakolyki-dla-psa-colors-of-the-wind\/","title":{"rendered":"Sachet for treats - Colors Of The Wind"},"content":{"rendered":"<p>\u015arednica ok. 10 cm<br \/>\nWysoko\u015b\u0107 ok. 13 cm<\/p>","protected":false},"excerpt":{"rendered":"<p>\u015arednica ok. 10 cm Wysoko\u015b\u0107 ok. 13 cm<\/p>","protected":false},"featured_media":6189,"template":"","meta":{"_acf_changed":false,"inline_featured_image":false},"product_brand":[],"product_cat":[144,71],"product_tag":[],"class_list":{"0":"post-6188","1":"product","2":"type-product","3":"status-publish","4":"has-post-thumbnail","6":"product_cat-colors-of-the-wind","7":"product_cat-saszetki","9":"first","10":"instock","11":"taxable","12":"shipping-taxable","13":"purchasable","14":"product-type-simple"},"acf":[],"_links":{"self":[{"href":"https:\/\/dev.baylabel.eu\/en\/wp-json\/wp\/v2\/product\/6188","targetHints":{"allow":["GET"]}}],"collection":[{"href":"https:\/\/dev.baylabel.eu\/en\/wp-json\/wp\/v2\/product"}],"about":[{"href":"https:\/\/dev.baylabel.eu\/en\/wp-json\/wp\/v2\/types\/product"}],"wp:featuredmedia":[{"embeddable":true,"href":"https:\/\/dev.baylabel.eu\/en\/wp-json\/wp\/v2\/media\/6189"}],"wp:attachment":[{"href":"https:\/\/dev.baylabel.eu\/en\/wp-json\/wp\/v2\/media?parent=6188"}],"wp:term":[{"taxonomy":"product_brand","embeddable":true,"href":"https:\/\/dev.baylabel.eu\/en\/wp-json\/wp\/v2\/product_brand?post=6188"},{"taxonomy":"product_cat","embeddable":true,"href":"https:\/\/dev.baylabel.eu\/en\/wp-json\/wp\/v2\/product_cat?post=6188"},{"taxonomy":"product_tag","embeddable":true,"href":"https:\/\/dev.baylabel.eu\/en\/wp-json\/wp\/v2\/product_tag?post=6188"}],"curies":[{"name":"wp","href":"https:\/\/api.w.org\/{rel}","templated":true}]}}